{"id":67352,"date":"2021-03-29T13:06:17","date_gmt":"2021-03-29T13:06:17","guid":{"rendered":"https:\/\/interac1.wpengine.com\/?page_id=67352"},"modified":"2021-04-05T14:14:21","modified_gmt":"2021-04-05T14:14:21","slug":"inspire-par-la-vie","status":"publish","type":"page","link":"https:\/\/www.interac.ca\/fr\/inspire-par-la-vie\/","title":{"rendered":"Inspir\u00e9 par la vie"},"content":{"rendered":"<section id=\"t1t2-heroblock_6052325afbeb2\" class=\"block-t1t2-hero\" style=\"margin-top: 0px; margin-bottom: 50px;\">\n<style>\n    #t1t2-heroblock_6052325afbeb2.block-t1t2-hero .hero-image {\n        background-position: center;\n        background-size: cover;\n    }\n    \n    \n<\/style>\n    <div class=\"grid-container  animated fadeIn\">\n        <div class=\"grid-x\">\n            <div class=\"cell small-12\">\n                <div class=\"hero-image deskstop-hero lazyload\" style=\"background-image:inherit;\" data-bg-image=\"url(&#039;https:\/\/www.interac.ca\/wp-content\/smush-webp\/2021\/03\/TWK_INTERAC_DAY-01_SHOT_03_GELATO-1868_web.jpg.webp&#039;)\"><\/div>\n                                <div class=\"grid-container content-wrap\">\n                    <div class=\"grid-x content-container\" style=\"align-content: center;\">\n                                                <div class=\"cell small-12 medium-11 hero-title medium-offset-1\">\n                            <h1 class=\"animated fadeInUp\" style=\"color:#fff\">Voici comment nous aidons plus de 30\u202fmillions de Canadiens \u00e0 \u00eatre davantage aux commandes de leur argent.<\/h1>\n                        <\/div>\n                                                                        <div class=\"cell small-12 medium-11 hero-cta fadeInUp medium-offset-1\">\n                                                                                <\/div>\n                    <\/div>\n                <\/div>\n                <div class=\"overlay\"><\/div>\n            <\/div>\n        <\/div>\n    <\/div>   \n    <div class=\"animated fadeIn block-hero_background-ochre\"><\/div>\n<\/section>\n\n<section class=\"breadcrumbs\" style=\"background-color:; margin-top: px; margin-bottom: 50px; padding-top: px; padding-bottom: px;\">\n    <div class=\"grid-container\">\n        <div class=\"grid-x grid-margin-x\">\n            <div class=\"cell small-12\">\n                            <\/div>\n        <\/div>\n    <\/div>\n<\/section>\n\n<div class=\"grid-container\"><div class=\"grid-x align-center\"><div class=\"small-12 medium-8\">\n<h2 class=\"center wp-block-heading\">Que signifie \u00ab\u202f\u00eatre aux commandes de votre argent\u202f\u00bb?<\/h2>\n<\/div><\/div><\/div>\n\n<div class=\"grid-container\"><div class=\"grid-x align-center\"><div class=\"small-12 medium-8\">\n<h3 class=\"center wp-block-heading\">La r\u00e9ponse est plus vaste que vous le croyez<\/h3>\n<\/div><\/div><\/div>\n\n<div class=\"grid-container\"><div class=\"grid-x\">\n<hr class=\"wp-block-separator has-text-color has-background has-black-background-color has-black-color is-style-wide\"\/>\n<\/div><\/div>\n\n<div class=\"grid-container\"><div class=\"grid-x align-center\"><div class=\"small-12 medium-8\">\n<p class=\"center\">Lorsque vous pensez au fait d\u2019\u00eatre aux commandes de votre argent, les aspects pratiques vous viennent probablement \u00e0 l\u2019esprit, soit de ne pas faire de d\u00e9penses excessives, d\u2019\u00e9tablir un budget et de vivre selon vos moyens. Toutefois, nous croyons que cette expression rec\u00e8le \u00e9galement une signification plus profonde.&nbsp;<\/p>\n<\/div><\/div><\/div>\n\n<div class=\"grid-container\"><div class=\"grid-x align-center\"><div class=\"small-12 medium-8\">\n<p class=\"center\">Nous croyons qu\u2019\u00eatre aux commandes de votre argent ne consiste pas \u00e0 en avoir plus, mais plut\u00f4t \u00e0 en faire plus avec ce que vous avez. Il ne s\u2019agit pas du montant que vous d\u00e9pensez, mais de la fa\u00e7on que vous le d\u00e9pensez. Il s\u2019agit de comprendre que les plus petites choses peuvent parfois vous donner l\u2019impression d\u2019\u00eatre de grandes choses.&nbsp;&nbsp;<\/p>\n<\/div><\/div><\/div>\n\n<div class=\"grid-container\"><div class=\"grid-x align-center\"><div class=\"small-12 medium-8\">\n<p class=\"center\">Nous consid\u00e9rons que le contr\u00f4le est la confiance que vous ressentez lorsque vous prenez vos propres d\u00e9cisions financi\u00e8res en fonction de ce qui compte le plus pour vous. C\u2019est le pouvoir que vous ressentez lorsque vous vous servez de votre propre argent pour payer les choses qui enrichissent votre vie.&nbsp;&nbsp;<\/p>\n<\/div><\/div><\/div>\n\n<div class=\"grid-container\"><div class=\"grid-x align-center\"><div class=\"small-12 medium-8\">\n<p class=\"center\">En termes simples, tout ce que nous faisons en tant qu\u2019entreprise vise \u00e0 aider les Canadiens \u00e0 profiter davantage de la vie. C\u2019est ce qui nous inspire \u00e0 mettre au point des produits de paiement simples, instantan\u00e9s et s\u00e9curitaires, qui vous permettent de vivre une vie plus simple, plus joyeuse et moins stressante.<\/p>\n<\/div><\/div><\/div>\n\n<div class=\"grid-container\"><div class=\"grid-x align-center\"><div class=\"small-12 medium-8\">\n<figure class=\"wp-block-image size-large center\"><img decoding=\"async\" width=\"1024\" height=\"768\" data-src=\"https:\/\/www.interac.ca\/wp-content\/smush-webp\/2021\/03\/TWK_INTERAC_DAY-01_SHOT_03_GELATO-2521_web-1-1024x768.jpg.webp\" alt=\"\" class=\"wp-image-67322 lazyload\" data-srcset=\"https:\/\/www.interac.ca\/wp-content\/smush-webp\/2021\/03\/TWK_INTERAC_DAY-01_SHOT_03_GELATO-2521_web-1-1024x768.jpg.webp 1024w, https:\/\/www.interac.ca\/wp-content\/smush-webp\/2021\/03\/TWK_INTERAC_DAY-01_SHOT_03_GELATO-2521_web-1-300x225.jpg.webp 300w, https:\/\/www.interac.ca\/wp-content\/smush-webp\/2021\/03\/TWK_INTERAC_DAY-01_SHOT_03_GELATO-2521_web-1-768x576.jpg.webp 768w, https:\/\/www.interac.ca\/wp-content\/smush-webp\/2021\/03\/TWK_INTERAC_DAY-01_SHOT_03_GELATO-2521_web-1-1536x1152.jpg.webp 1536w, https:\/\/www.interac.ca\/wp-content\/smush-webp\/2021\/03\/TWK_INTERAC_DAY-01_SHOT_03_GELATO-2521_web-1-2048x1536.jpg.webp 2048w\" data-sizes=\"auto\" src=\"data:image\/svg+xml;base64,PHN2ZyB3aWR0aD0iMSIgaGVpZ2h0PSIxIiB4bWxucz0iaHR0cDovL3d3dy53My5vcmcvMjAwMC9zdmciPjwvc3ZnPg==\" style=\"--smush-placeholder-width: 1024px; --smush-placeholder-aspect-ratio: 1024\/768;\" data-original-sizes=\"(max-width: 1024px) 100vw, 1024px\" \/><\/figure>\n<\/div><\/div><\/div>\n\n<div class=\"grid-container\"><div class=\"grid-x align-center\"><div class=\"small-12 medium-8\">\n<p class=\"center\">C\u2019est ainsi qu\u2019est n\u00e9e la nouvelle plateforme de notre marque, appel\u00e9e Inspir\u00e9 par la vie.&nbsp;<\/p>\n<\/div><\/div><\/div>\n\n<div class=\"grid-container\"><div class=\"grid-x align-center\"><div class=\"small-12 medium-8\">\n<p class=\"center\">Pour donner vie \u00e0 cette plateforme, nous avons travaill\u00e9 avec le r\u00e9alisateur torontois Leo\u202fZuckerman pour raconter l\u2019histoire de personnes qui m\u00e8nent une vie unique et satisfaisante et qui suivent leur passion tout en \u00e9tant aux commandes de leur argent. Avec un style de narration visuelle spectaculaire, Leo raconte l\u2019histoire de ces Canadiens pour montrer que quiconque peut profiter davantage de sa vie lorsqu\u2019il est aux commandes de son argent.&nbsp;&nbsp;<\/p>\n<\/div><\/div><\/div>\n\n<div class=\"grid-container\"><div class=\"grid-x align-center\"><div class=\"small-12 medium-8\">\n<p class=\"center\">La plateforme est lanc\u00e9e avec deux\u202fpublicit\u00e9s, qui racontent les histoires de personnes qui sont aux commandes de leur argent et qui vivent en toute confiance comme elles l\u2019entendent.<\/p>\n<\/div><\/div><\/div>\n\n<div class=\"grid-container\"><div class=\"grid-x\">\n<figure class=\" center wp-block-embed is-type-video is-provider-youtube wp-block-embed-youtube wp-embed-aspect-16-9 wp-has-aspect-ratio\"><div class=\"wp-block-embed__wrapper\">\n<iframe width=\"100%\" height=\"auto\" loading=\"lazy\" title=\"VanLife\" src=\"https:\/\/www.youtube.com\/embed\/AuuqVH0Gj74?feature=oembed&amp;enablejsapi=1&amp;rel=0\" frameborder=\"0\" allow=\"accelerometer; autoplay; clipboard-write; encrypted-media; gyroscope; picture-in-picture\" allowfullscreen=\"\" id=\"widget4\"><\/iframe>\n<\/div><figcaption>Regardez <em>La vie de nomade<\/em>, l\u2019histoire de Justine, qui donne un nouveau sens au \u00ab\u202ftravail \u00e0 domicile\u202f\u00bb.<\/figcaption>\n<\/div><\/div>\n\n<div class=\"grid-container\"><div class=\"grid-x\">\n<figure class=\" center wp-block-embed is-type-video is-provider-youtube wp-block-embed-youtube wp-embed-aspect-16-9 wp-has-aspect-ratio\"><div class=\"wp-block-embed__wrapper\">\n<iframe width=\"100%\" height=\"auto\" loading=\"lazy\" title=\"VanLife\" src=\"https:\/\/www.youtube.com\/embed\/MDowROOURyw?feature=oembed&amp;enablejsapi=1&amp;rel=0\" frameborder=\"0\" allow=\"accelerometer; autoplay; clipboard-write; encrypted-media; gyroscope; picture-in-picture\" allowfullscreen=\"\" id=\"widget4\"><\/iframe>\n<\/div><figcaption>Regardez<em> La vie de brocante<\/em>, l\u2019histoire de Gabrielle, qui cherche des tr\u00e9sors d\u2019\u00e9poque \u00e0 restaurer et qui leur trouve de nouveaux foyers d\u2019accueil.<\/figcaption>\n<\/div><\/div>\n\n<div class=\"grid-container\"><div class=\"grid-x align-center\"><div class=\"small-12 medium-8\">\n<p class=\"center\">Depuis\u202f1984, nous innovons pour aider les Canadiens \u00e0 sentir qu\u2019ils sont aux commandes de leur argent. Des produits comme D\u00e9bit <em>Interac<\/em><sup>MD<\/sup> et Virement <em>Interac<\/em><sup>MD<\/sup> vous aident \u00e0 acc\u00e9der \u00e0 votre propre argent en tout temps, de partout. Nous nous sommes donn\u00e9 pour mission de vous aider, vous et plus de 30\u202fmillions d\u2019autres Canadiens, \u00e0 transf\u00e9rer votre argent et \u00e0 effectuer des paiements facilement, souvent sans avoir \u00e0 y penser.<\/p>\n<\/div><\/div><\/div>\n\n<div class=\"grid-container\"><div class=\"grid-x align-center\"><div class=\"small-12 medium-8\">\n<p class=\"center\">Nous concevons d\u00e9lib\u00e9r\u00e9ment chaque produit de fa\u00e7on \u00e0 ce qu\u2019il soit s\u00e9curitaire et qu\u2019il convienne \u00e0 votre style de vie. C\u2019est pourquoi vous pouvez utiliser D\u00e9bit&nbsp;<em>Interac<\/em>&nbsp;en magasin avec votre carte de d\u00e9bit ou votre appareil mobile ou pour effectuer facilement des achats en ligne dans le confort de votre maison ou lorsque vous \u00eates en d\u00e9placement. C\u2019est aussi pourquoi nous avons con\u00e7u le service Virement&nbsp;<em>Interac<\/em>, qui vous permet d\u2019envoyer, de recevoir ou de demander rapidement de l\u2019argent de n\u2019importe o\u00f9. Ainsi, la prochaine fois que vous taperez votre t\u00e9l\u00e9phone pour payer dans votre caf\u00e9 local, ou que vous partagerez le co\u00fbt d\u2019un cadeau de groupe, nous esp\u00e9rons que les produits que nous rendons continuellement plus novateurs simplifieront un peu chaque op\u00e9ration.&nbsp;<\/p>\n<\/div><\/div><\/div>\n\n<div class=\"grid-container\"><div class=\"grid-x align-center\"><div class=\"small-12 medium-8\">\n<p class=\"center\">Si la derni\u00e8re ann\u00e9e nous a enseign\u00e9 une chose, c\u2019est l\u2019importance de pouvoir effectuer des op\u00e9rations en toute commodit\u00e9 tout en \u00e9tant physiquement s\u00e9par\u00e9s les uns des autres.&nbsp;<\/p>\n<\/div><\/div><\/div>\n\n<div class=\"grid-container\"><div class=\"grid-x align-center\"><div class=\"small-12 medium-8\">\n<p class=\"center\">En portant notre regard vers l\u2019avenir, nous innovons pour r\u00e9pondre aux besoins du monde en pleine \u00e9volution dans les domaines de l\u2019identification num\u00e9rique, des paiements en boucle ouverte pour le transport en commun et des finances ax\u00e9es sur le consommateur. Peu importe ce que l\u2019avenir nous r\u00e9serve, vous pouvez \u00eatre assur\u00e9s que chaque innovation d\u2019<em>Interac<\/em>&nbsp;sera con\u00e7ue en fonction de vos besoins, en nous appuyant sur notre base de confiance, de s\u00e9curit\u00e9 et de commodit\u00e9.&nbsp;&nbsp;<\/p>\n<\/div><\/div><\/div>\n\n<div class=\"grid-container\"><div class=\"grid-x align-center\"><div class=\"small-12 medium-8\">\n<p class=\"center\">Allez-y, faites ce que vous aimez et profitez pleinement de chaque moment. Notre objectif est que vous \u00e9prouviez le sentiment d\u2019ind\u00e9pendance, de libert\u00e9 et de confiance qui accompagne le fait d\u2019\u00eatre aux commandes de votre propre argent. Nous sommes fiers de contribuer \u00e0 faire en sorte que les Canadiens puissent vivre des millions d\u2019exp\u00e9riences diff\u00e9rentes chaque jour.<\/p>\n<\/div><\/div><\/div>\n\n<div class=\"grid-container\"><div class=\"grid-x align-center\"><div class=\"small-12 medium-8\">\n<p class=\"center\">Cordialement,<\/p>\n<\/div><\/div><\/div>\n\n<div class=\"grid-container\"><div class=\"grid-x align-center\"><div class=\"small-12 medium-8\">\n<p class=\"center\">L\u2019\u00e9quipe&nbsp;<em>Interac<\/em><\/p>\n<\/div><\/div><\/div>\n\n    <section id=\"cta-columns-block_6061ef402f4e1\" class=\"triple-cta-block\" style=\"margin-top: 0px; margin-bottom: 0px;\">\n    \n    <div class=\"grid-container fluid \"><div class=\" grid-x grid-padding-x align-center text-center \">                <div class=\"cell left small-12 medium-12 large-4 cta-1\">\n                                                            <h2 class=\"block-title\">Se joindre \u00e0 l\u2019\u00e9quipe<\/h2>\n                    <p class=\"block-description\">Propulsez-vous vers l\u2019avenir gr\u00e2ce \u00e0 une carri\u00e8re \u00e0 Interac. Renseignez-vous sur les offres d\u2019emploi. <\/p>\n                                            <a class=\"inline-link --witharrow\" href=\"https:\/\/www.interac.ca\/fr\/a-propos\/carrieres\/\" aria-label=\"En savoir plus\"><span>En savoir plus<\/span><\/a>\n                                    <\/div>\n                            <div class=\"cell left small-12 medium-12 large-4 cta-2\">\n                                                            <h2 class=\"block-title\">Avez-vous besoin d\u2019aide?<\/h2>\n                    <p class=\"block-description\">Vous trouverez ici la FAQ et d\u2019autres ressources de soutien. Obtenez les r\u00e9ponses dont vous avez besoin.<\/p>\n                                            <a class=\"inline-link --witharrow\" href=\"https:\/\/www.interac.ca\/fr\/consommateur\/soutien\/faq\/\" aria-label=\"En savoir plus\"><span>En savoir plus<\/span><\/a>\n                                    <\/div>\n                            <div class=\"cell left small-12 medium-12 large-4 cta-3\">\n                                                            <h2 class=\"block-title\">La s\u00e9curit\u00e9 est une priorit\u00e9<\/h2>\n                    <p class=\"block-description\">D\u00e9couvrez ce que nous faisons pour assurer la s\u00e9curit\u00e9 des transactions, et aussi ce que vous devez faire.<\/p>\n                                            <a class=\"inline-link --witharrow\" href=\"https:\/\/www.interac.ca\/fr\/consommateur\/securite\/\" aria-label=\"En savoir plus\"><span>En savoir plus<\/span><\/a>\n                                    <\/div>\n            <\/div><\/div><\/section>","protected":false},"excerpt":{"rendered":"<p>Que signifie \u00ab\u202f\u00eatre aux commandes de votre argent\u202f\u00bb? La r\u00e9ponse est plus vaste que vous le croyez Lorsque vous pensez au fait d\u2019\u00eatre aux commandes de votre argent, les aspects pratiques vous viennent probablement \u00e0 l\u2019esprit, soit de ne pas faire de d\u00e9penses excessives, d\u2019\u00e9tablir un budget et de vivre selon vos moyens. Toutefois, nous&hellip;<\/p>\n","protected":false},"author":1,"featured_media":67320,"parent":0,"menu_order":0,"comment_status":"closed","ping_status":"closed","template":"","meta":{"_acf_changed":false,"footnotes":""},"class_list":["post-67352","page","type-page","status-publish","has-post-thumbnail","hentry"],"acf":[],"yoast_head":"<!-- This site is optimized with the Yoast SEO Premium plugin v27.4 (Yoast SEO v27.4) - https:\/\/yoast.com\/product\/yoast-seo-premium-wordpress\/ -->\n<title>Inspir\u00e9 par la vie - Interac<\/title>\n<meta name=\"robots\" content=\"index, follow, max-snippet:-1, max-image-preview:large, max-video-preview:-1\" \/>\n<link rel=\"canonical\" href=\"https:\/\/www.interac.ca\/fr\/inspire-par-la-vie\/\" \/>\n<meta property=\"og:locale\" content=\"fr_CA\" \/>\n<meta property=\"og:type\" content=\"article\" \/>\n<meta property=\"og:title\" content=\"Inspir\u00e9 par la vie\" \/>\n<meta property=\"og:description\" content=\"Que signifie \u00ab\u202f\u00eatre aux commandes de votre argent\u202f\u00bb? La r\u00e9ponse est plus vaste que vous le croyez Lorsque vous pensez au fait d\u2019\u00eatre aux commandes de\" \/>\n<meta property=\"og:url\" content=\"https:\/\/www.interac.ca\/fr\/inspire-par-la-vie\/\" \/>\n<meta property=\"og:site_name\" content=\"Interac\" \/>\n<meta property=\"article:publisher\" content=\"https:\/\/www.facebook.com\/interac\" \/>\n<meta property=\"article:modified_time\" content=\"2021-04-05T14:14:21+00:00\" \/>\n<meta property=\"og:image\" content=\"https:\/\/www.interac.ca\/wp-content\/uploads\/2021\/03\/TWK_INTERAC_DAY-01_SHOT_03_GELATO-1868_web.jpg\" \/>\n\t<meta property=\"og:image:width\" content=\"2500\" \/>\n\t<meta property=\"og:image:height\" content=\"1875\" \/>\n\t<meta property=\"og:image:type\" content=\"image\/jpeg\" \/>\n<meta name=\"twitter:card\" content=\"summary_large_image\" \/>\n<meta name=\"twitter:site\" content=\"@interac\" \/>\n<meta name=\"twitter:label1\" content=\"Estimation du temps de lecture\" \/>\n\t<meta name=\"twitter:data1\" content=\"4 minutes\" \/>\n<script type=\"application\/ld+json\" class=\"yoast-schema-graph\">{\"@context\":\"https:\\\/\\\/schema.org\",\"@graph\":[{\"@type\":\"WebPage\",\"@id\":\"https:\\\/\\\/www.interac.ca\\\/fr\\\/inspire-par-la-vie\\\/\",\"url\":\"https:\\\/\\\/www.interac.ca\\\/fr\\\/inspire-par-la-vie\\\/\",\"name\":\"Inspir\u00e9 par la vie - Interac\",\"isPartOf\":{\"@id\":\"https:\\\/\\\/www.interac.ca\\\/fr\\\/#website\"},\"primaryImageOfPage\":{\"@id\":\"https:\\\/\\\/www.interac.ca\\\/fr\\\/inspire-par-la-vie\\\/#primaryimage\"},\"image\":{\"@id\":\"https:\\\/\\\/www.interac.ca\\\/fr\\\/inspire-par-la-vie\\\/#primaryimage\"},\"thumbnailUrl\":\"https:\\\/\\\/www.interac.ca\\\/wp-content\\\/uploads\\\/2021\\\/03\\\/TWK_INTERAC_DAY-01_SHOT_03_GELATO-1868_web.jpg\",\"datePublished\":\"2021-03-29T13:06:17+00:00\",\"dateModified\":\"2021-04-05T14:14:21+00:00\",\"breadcrumb\":{\"@id\":\"https:\\\/\\\/www.interac.ca\\\/fr\\\/inspire-par-la-vie\\\/#breadcrumb\"},\"inLanguage\":\"fr-CA\",\"potentialAction\":[{\"@type\":\"ReadAction\",\"target\":[\"https:\\\/\\\/www.interac.ca\\\/fr\\\/inspire-par-la-vie\\\/\"]}]},{\"@type\":\"ImageObject\",\"inLanguage\":\"fr-CA\",\"@id\":\"https:\\\/\\\/www.interac.ca\\\/fr\\\/inspire-par-la-vie\\\/#primaryimage\",\"url\":\"https:\\\/\\\/www.interac.ca\\\/wp-content\\\/uploads\\\/2021\\\/03\\\/TWK_INTERAC_DAY-01_SHOT_03_GELATO-1868_web.jpg\",\"contentUrl\":\"https:\\\/\\\/www.interac.ca\\\/wp-content\\\/uploads\\\/2021\\\/03\\\/TWK_INTERAC_DAY-01_SHOT_03_GELATO-1868_web.jpg\",\"width\":2500,\"height\":1875},{\"@type\":\"BreadcrumbList\",\"@id\":\"https:\\\/\\\/www.interac.ca\\\/fr\\\/inspire-par-la-vie\\\/#breadcrumb\",\"itemListElement\":[{\"@type\":\"ListItem\",\"position\":1,\"name\":\"Accueil\",\"item\":\"https:\\\/\\\/www.interac.ca\\\/fr\\\/\"},{\"@type\":\"ListItem\",\"position\":2,\"name\":\"Inspir\u00e9 par la vie\"}]},{\"@type\":\"WebSite\",\"@id\":\"https:\\\/\\\/www.interac.ca\\\/fr\\\/#website\",\"url\":\"https:\\\/\\\/www.interac.ca\\\/fr\\\/\",\"name\":\"Interac\",\"description\":\"\",\"publisher\":{\"@id\":\"https:\\\/\\\/www.interac.ca\\\/fr\\\/#organization\"},\"potentialAction\":[{\"@type\":\"SearchAction\",\"target\":{\"@type\":\"EntryPoint\",\"urlTemplate\":\"https:\\\/\\\/www.interac.ca\\\/fr\\\/?s={search_term_string}\"},\"query-input\":{\"@type\":\"PropertyValueSpecification\",\"valueRequired\":true,\"valueName\":\"search_term_string\"}}],\"inLanguage\":\"fr-CA\"},{\"@type\":\"Organization\",\"@id\":\"https:\\\/\\\/www.interac.ca\\\/fr\\\/#organization\",\"name\":\"Interac Corp.\",\"url\":\"https:\\\/\\\/www.interac.ca\\\/fr\\\/\",\"logo\":{\"@type\":\"ImageObject\",\"inLanguage\":\"fr-CA\",\"@id\":\"https:\\\/\\\/www.interac.ca\\\/fr\\\/#\\\/schema\\\/logo\\\/image\\\/\",\"url\":\"https:\\\/\\\/www.interac.ca\\\/wp-content\\\/uploads\\\/2022\\\/03\\\/Interac_Two-Colour_RGB.png\",\"contentUrl\":\"https:\\\/\\\/www.interac.ca\\\/wp-content\\\/uploads\\\/2022\\\/03\\\/Interac_Two-Colour_RGB.png\",\"width\":2210,\"height\":2210,\"caption\":\"Interac Corp.\"},\"image\":{\"@id\":\"https:\\\/\\\/www.interac.ca\\\/fr\\\/#\\\/schema\\\/logo\\\/image\\\/\"},\"sameAs\":[\"https:\\\/\\\/www.facebook.com\\\/interac\",\"https:\\\/\\\/x.com\\\/interac\",\"https:\\\/\\\/www.instagram.com\\\/interac\\\/\",\"https:\\\/\\\/www.linkedin.com\\\/company\\\/interac-corp\\\/\",\"https:\\\/\\\/www.youtube.com\\\/user\\\/InteracBrand\"]}]}<\/script>\n<!-- \/ Yoast SEO Premium plugin. -->","yoast_head_json":{"title":"Inspir\u00e9 par la vie - Interac","robots":{"index":"index","follow":"follow","max-snippet":"max-snippet:-1","max-image-preview":"max-image-preview:large","max-video-preview":"max-video-preview:-1"},"canonical":"https:\/\/www.interac.ca\/fr\/inspire-par-la-vie\/","og_locale":"fr_CA","og_type":"article","og_title":"Inspir\u00e9 par la vie","og_description":"Que signifie \u00ab\u202f\u00eatre aux commandes de votre argent\u202f\u00bb? La r\u00e9ponse est plus vaste que vous le croyez Lorsque vous pensez au fait d\u2019\u00eatre aux commandes de","og_url":"https:\/\/www.interac.ca\/fr\/inspire-par-la-vie\/","og_site_name":"Interac","article_publisher":"https:\/\/www.facebook.com\/interac","article_modified_time":"2021-04-05T14:14:21+00:00","og_image":[{"width":2500,"height":1875,"url":"https:\/\/www.interac.ca\/wp-content\/uploads\/2021\/03\/TWK_INTERAC_DAY-01_SHOT_03_GELATO-1868_web.jpg","type":"image\/jpeg"}],"twitter_card":"summary_large_image","twitter_site":"@interac","twitter_misc":{"Estimation du temps de lecture":"4 minutes"},"schema":{"@context":"https:\/\/schema.org","@graph":[{"@type":"WebPage","@id":"https:\/\/www.interac.ca\/fr\/inspire-par-la-vie\/","url":"https:\/\/www.interac.ca\/fr\/inspire-par-la-vie\/","name":"Inspir\u00e9 par la vie - Interac","isPartOf":{"@id":"https:\/\/www.interac.ca\/fr\/#website"},"primaryImageOfPage":{"@id":"https:\/\/www.interac.ca\/fr\/inspire-par-la-vie\/#primaryimage"},"image":{"@id":"https:\/\/www.interac.ca\/fr\/inspire-par-la-vie\/#primaryimage"},"thumbnailUrl":"https:\/\/www.interac.ca\/wp-content\/uploads\/2021\/03\/TWK_INTERAC_DAY-01_SHOT_03_GELATO-1868_web.jpg","datePublished":"2021-03-29T13:06:17+00:00","dateModified":"2021-04-05T14:14:21+00:00","breadcrumb":{"@id":"https:\/\/www.interac.ca\/fr\/inspire-par-la-vie\/#breadcrumb"},"inLanguage":"fr-CA","potentialAction":[{"@type":"ReadAction","target":["https:\/\/www.interac.ca\/fr\/inspire-par-la-vie\/"]}]},{"@type":"ImageObject","inLanguage":"fr-CA","@id":"https:\/\/www.interac.ca\/fr\/inspire-par-la-vie\/#primaryimage","url":"https:\/\/www.interac.ca\/wp-content\/uploads\/2021\/03\/TWK_INTERAC_DAY-01_SHOT_03_GELATO-1868_web.jpg","contentUrl":"https:\/\/www.interac.ca\/wp-content\/uploads\/2021\/03\/TWK_INTERAC_DAY-01_SHOT_03_GELATO-1868_web.jpg","width":2500,"height":1875},{"@type":"BreadcrumbList","@id":"https:\/\/www.interac.ca\/fr\/inspire-par-la-vie\/#breadcrumb","itemListElement":[{"@type":"ListItem","position":1,"name":"Accueil","item":"https:\/\/www.interac.ca\/fr\/"},{"@type":"ListItem","position":2,"name":"Inspir\u00e9 par la vie"}]},{"@type":"WebSite","@id":"https:\/\/www.interac.ca\/fr\/#website","url":"https:\/\/www.interac.ca\/fr\/","name":"Interac","description":"","publisher":{"@id":"https:\/\/www.interac.ca\/fr\/#organization"},"potentialAction":[{"@type":"SearchAction","target":{"@type":"EntryPoint","urlTemplate":"https:\/\/www.interac.ca\/fr\/?s={search_term_string}"},"query-input":{"@type":"PropertyValueSpecification","valueRequired":true,"valueName":"search_term_string"}}],"inLanguage":"fr-CA"},{"@type":"Organization","@id":"https:\/\/www.interac.ca\/fr\/#organization","name":"Interac Corp.","url":"https:\/\/www.interac.ca\/fr\/","logo":{"@type":"ImageObject","inLanguage":"fr-CA","@id":"https:\/\/www.interac.ca\/fr\/#\/schema\/logo\/image\/","url":"https:\/\/www.interac.ca\/wp-content\/uploads\/2022\/03\/Interac_Two-Colour_RGB.png","contentUrl":"https:\/\/www.interac.ca\/wp-content\/uploads\/2022\/03\/Interac_Two-Colour_RGB.png","width":2210,"height":2210,"caption":"Interac Corp."},"image":{"@id":"https:\/\/www.interac.ca\/fr\/#\/schema\/logo\/image\/"},"sameAs":["https:\/\/www.facebook.com\/interac","https:\/\/x.com\/interac","https:\/\/www.instagram.com\/interac\/","https:\/\/www.linkedin.com\/company\/interac-corp\/","https:\/\/www.youtube.com\/user\/InteracBrand"]}]}},"featured_image_src":"https:\/\/www.interac.ca\/wp-content\/uploads\/2021\/03\/TWK_INTERAC_DAY-01_SHOT_03_GELATO-1868_web-150x150.jpg","_links":{"self":[{"href":"https:\/\/www.interac.ca\/fr\/wp-json\/wp\/v2\/pages\/67352","targetHints":{"allow":["GET"]}}],"collection":[{"href":"https:\/\/www.interac.ca\/fr\/wp-json\/wp\/v2\/pages"}],"about":[{"href":"https:\/\/www.interac.ca\/fr\/wp-json\/wp\/v2\/types\/page"}],"author":[{"embeddable":true,"href":"https:\/\/www.interac.ca\/fr\/wp-json\/wp\/v2\/users\/1"}],"replies":[{"embeddable":true,"href":"https:\/\/www.interac.ca\/fr\/wp-json\/wp\/v2\/comments?post=67352"}],"version-history":[{"count":0,"href":"https:\/\/www.interac.ca\/fr\/wp-json\/wp\/v2\/pages\/67352\/revisions"}],"wp:featuredmedia":[{"embeddable":true,"href":"https:\/\/www.interac.ca\/fr\/wp-json\/wp\/v2\/media\/67320"}],"wp:attachment":[{"href":"https:\/\/www.interac.ca\/fr\/wp-json\/wp\/v2\/media?parent=67352"}],"curies":[{"name":"wp","href":"https:\/\/api.w.org\/{rel}","templated":true}]}}