{"id":66254,"date":"2020-06-19T18:09:45","date_gmt":"2020-06-19T18:09:45","guid":{"rendered":"https:\/\/interac1.wpengine.com\/?page_id=66254"},"modified":"2020-11-03T03:10:54","modified_gmt":"2020-11-03T03:10:54","slug":"nous-saluons-le-retour","status":"publish","type":"page","link":"https:\/\/www.interac.ca\/fr\/nous-saluons-le-retour\/","title":{"rendered":"Rebienvenue"},"content":{"rendered":"\n\n<section id=\"block-icons-text-block_5eecfe857d9fa\" class=\"block-icons-text-no-image\" style=\"margin-top: px; margin-bottom: px; padding-top: px; padding-bottom: px; background-color:;\">\n                        <div class=\"section-title grid-container\">\n                <div class=\"grid-x grid-margin-x align-center align-middle\">\n                    <div class=\"small-12 medium-7 large-8 post-title text-center\">\n                        <h2>Comment soutenir les entreprises d\u2019ici.<\/h2>\n                                            <\/div>\n                <\/div>\n            <\/div>\n                <div class=\"grid-container block-icons-text \">\n            <div class=\"grid-x grid-margin-x grid-padding-x\" data-equalizer data-equalize-on=\"medium\" >\n                                <div class=\"cell align-self-stretch small-10 medium-6 large-4\" style=\"background-color:;\" data-equalizer-watch>\n                                                    <div class=\"post-wrap\">\n                                                    <div class=\"post-header grid-x grid-margin-x align-middle\">\n                                                                    <div class=\"cell post-icon small-3 large-3\">\n                                        <img decoding=\"async\" width=\"150\" height=\"150\" data-src=\"https:\/\/www.interac.ca\/wp-content\/smush-webp\/2020\/06\/icon_pack_support_local_Main-Icon-300x300-1-150x150.png.webp\" class=\"attachment-thumbnail size-thumbnail lazyload\" alt=\"\" data-srcset=\"https:\/\/www.interac.ca\/wp-content\/smush-webp\/2020\/06\/icon_pack_support_local_Main-Icon-300x300-1-150x150.png.webp 150w, https:\/\/www.interac.ca\/wp-content\/smush-webp\/2020\/06\/icon_pack_support_local_Main-Icon-300x300-1.png.webp 300w\" data-sizes=\"auto\" src=\"data:image\/svg+xml;base64,PHN2ZyB3aWR0aD0iMSIgaGVpZ2h0PSIxIiB4bWxucz0iaHR0cDovL3d3dy53My5vcmcvMjAwMC9zdmciPjwvc3ZnPg==\" style=\"--smush-placeholder-width: 150px; --smush-placeholder-aspect-ratio: 150\/150;\" data-original-sizes=\"(max-width: 150px) 100vw, 150px\" \/>                                    <\/div>\n                                                                                                <\/div>\n                            <div class=\"post-content\">\n                                <p>Voici comment nous aimons soutenir les petites entreprises locales.<\/p>\n                                                            <\/div>\n                        <\/div>\n                    <\/div>\n                                <div class=\"cell align-self-stretch small-10 medium-6 large-4\" style=\"background-color:;\" data-equalizer-watch>\n                                                    <div class=\"post-wrap\">\n                                                    <div class=\"post-header grid-x grid-margin-x align-middle\">\n                                                                    <div class=\"cell post-icon small-3 large-3\">\n                                        <img decoding=\"async\" width=\"150\" height=\"150\" data-src=\"https:\/\/www.interac.ca\/wp-content\/smush-webp\/2020\/06\/icon_pack_support_local_Shop-Local-300x300-1-150x150.png.webp\" class=\"attachment-thumbnail size-thumbnail lazyload\" alt=\"\" data-srcset=\"https:\/\/www.interac.ca\/wp-content\/smush-webp\/2020\/06\/icon_pack_support_local_Shop-Local-300x300-1-150x150.png.webp 150w, https:\/\/www.interac.ca\/wp-content\/smush-webp\/2020\/06\/icon_pack_support_local_Shop-Local-300x300-1.png.webp 300w\" data-sizes=\"auto\" src=\"data:image\/svg+xml;base64,PHN2ZyB3aWR0aD0iMSIgaGVpZ2h0PSIxIiB4bWxucz0iaHR0cDovL3d3dy53My5vcmcvMjAwMC9zdmciPjwvc3ZnPg==\" style=\"--smush-placeholder-width: 150px; --smush-placeholder-aspect-ratio: 150\/150;\" data-original-sizes=\"(max-width: 150px) 100vw, 150px\" \/>                                    <\/div>\n                                                                            <div class=\"cell post-title small-9 large-9\"><h3>Achetez local<\/h3><\/div>\n                                                                                                <\/div>\n                            <div class=\"post-content\">\n                                <p>Assur\u00e9ment la m\u00e9thode la plus populaire et la plus gratifiante. Soutenez la r\u00e9ouverture de vos petites entreprises locales pr\u00e9f\u00e9r\u00e9es <a style=\"margin-top: 0;\" class=\"inline-link --noborder\" href=\"https:\/\/www.instagram.com\/ar\/704594196766446\/\" target=\"_blank\">en utilisant notre filtre #Rebienvenue.<\/a><\/p>\n                                                            <\/div>\n                        <\/div>\n                    <\/div>\n                                <div class=\"cell align-self-stretch small-10 medium-6 large-4\" style=\"background-color:;\" data-equalizer-watch>\n                                                    <div class=\"post-wrap\">\n                                                    <div class=\"post-header grid-x grid-margin-x align-middle\">\n                                                                    <div class=\"cell post-icon small-3 large-3\">\n                                        <img decoding=\"async\" width=\"150\" height=\"150\" data-src=\"https:\/\/www.interac.ca\/wp-content\/smush-webp\/2020\/06\/icon_pack_support_local_Write-Review-300x300-1-150x150.png.webp\" class=\"attachment-thumbnail size-thumbnail lazyload\" alt=\"\" data-srcset=\"https:\/\/www.interac.ca\/wp-content\/smush-webp\/2020\/06\/icon_pack_support_local_Write-Review-300x300-1-150x150.png.webp 150w, https:\/\/www.interac.ca\/wp-content\/smush-webp\/2020\/06\/icon_pack_support_local_Write-Review-300x300-1.png.webp 300w\" data-sizes=\"auto\" src=\"data:image\/svg+xml;base64,PHN2ZyB3aWR0aD0iMSIgaGVpZ2h0PSIxIiB4bWxucz0iaHR0cDovL3d3dy53My5vcmcvMjAwMC9zdmciPjwvc3ZnPg==\" style=\"--smush-placeholder-width: 150px; --smush-placeholder-aspect-ratio: 150\/150;\" data-original-sizes=\"(max-width: 150px) 100vw, 150px\" \/>                                    <\/div>\n                                                                            <div class=\"cell post-title small-9 large-9\"><h3>Laissez des commentaires positifs<\/h3><\/div>\n                                                                                                <\/div>\n                            <div class=\"post-content\">\n                                <p>L\u2019opinion des consommateurs contribue \u00e0 la notori\u00e9t\u00e9 de l\u2019entreprise et \u00e0 la confiance des clients!<\/p>\n                                                            <\/div>\n                        <\/div>\n                    <\/div>\n                                <div class=\"cell align-self-stretch small-10 medium-6 large-4\" style=\"background-color:;\" data-equalizer-watch>\n                                                    <div class=\"post-wrap\">\n                                                    <div class=\"post-header grid-x grid-margin-x align-middle\">\n                                                                    <div class=\"cell post-icon small-3 large-3\">\n                                        <img decoding=\"async\" width=\"150\" height=\"150\" data-src=\"https:\/\/www.interac.ca\/wp-content\/smush-webp\/2020\/06\/icon_pack_support_local_Social-Media-300x300-1-150x150.png.webp\" class=\"attachment-thumbnail size-thumbnail lazyload\" alt=\"\" data-srcset=\"https:\/\/www.interac.ca\/wp-content\/smush-webp\/2020\/06\/icon_pack_support_local_Social-Media-300x300-1-150x150.png.webp 150w, https:\/\/www.interac.ca\/wp-content\/smush-webp\/2020\/06\/icon_pack_support_local_Social-Media-300x300-1.png.webp 300w\" data-sizes=\"auto\" src=\"data:image\/svg+xml;base64,PHN2ZyB3aWR0aD0iMSIgaGVpZ2h0PSIxIiB4bWxucz0iaHR0cDovL3d3dy53My5vcmcvMjAwMC9zdmciPjwvc3ZnPg==\" style=\"--smush-placeholder-width: 150px; --smush-placeholder-aspect-ratio: 150\/150;\" data-original-sizes=\"(max-width: 150px) 100vw, 150px\" \/>                                    <\/div>\n                                                                            <div class=\"cell post-title small-9 large-9\"><h3>Suivez-les sur leurs diff\u00e9rents m\u00e9dias sociaux<\/h3><\/div>\n                                                                                                <\/div>\n                            <div class=\"post-content\">\n                                <p>Simples et efficaces, les mentions \u00ab J\u2019aime \u00bb et les partages peuvent contribuer au succ\u00e8s d\u2019une entreprise locale.<\/p>\n                                                            <\/div>\n                        <\/div>\n                    <\/div>\n                                <div class=\"cell align-self-stretch small-10 medium-6 large-4\" style=\"background-color:;\" data-equalizer-watch>\n                                                    <div class=\"post-wrap\">\n                                                    <div class=\"post-header grid-x grid-margin-x align-middle\">\n                                                                    <div class=\"cell post-icon small-3 large-3\">\n                                        <img decoding=\"async\" width=\"150\" height=\"150\" data-src=\"https:\/\/www.interac.ca\/wp-content\/smush-webp\/2020\/06\/icon_pack_support_local_Recommend-300x300-1-150x150.png.webp\" class=\"attachment-thumbnail size-thumbnail lazyload\" alt=\"\" data-srcset=\"https:\/\/www.interac.ca\/wp-content\/smush-webp\/2020\/06\/icon_pack_support_local_Recommend-300x300-1-150x150.png.webp 150w, https:\/\/www.interac.ca\/wp-content\/smush-webp\/2020\/06\/icon_pack_support_local_Recommend-300x300-1.png.webp 300w\" data-sizes=\"auto\" src=\"data:image\/svg+xml;base64,PHN2ZyB3aWR0aD0iMSIgaGVpZ2h0PSIxIiB4bWxucz0iaHR0cDovL3d3dy53My5vcmcvMjAwMC9zdmciPjwvc3ZnPg==\" style=\"--smush-placeholder-width: 150px; --smush-placeholder-aspect-ratio: 150\/150;\" data-original-sizes=\"(max-width: 150px) 100vw, 150px\" \/>                                    <\/div>\n                                                                            <div class=\"cell post-title small-9 large-9\"><h3>Recommandez-les \u00e0 vos parents et amis<\/h3><\/div>\n                                                                                                <\/div>\n                            <div class=\"post-content\">\n                                <p>Le bouche-\u00e0-oreille peut avoir un immense impact pour une petite entreprise.<\/p>\n                                                            <\/div>\n                        <\/div>\n                    <\/div>\n                                <div class=\"cell align-self-stretch small-10 medium-6 large-4\" style=\"background-color:;\" data-equalizer-watch>\n                                                    <div class=\"post-wrap\">\n                                                    <div class=\"post-header grid-x grid-margin-x align-middle\">\n                                                                    <div class=\"cell post-icon small-3 large-3\">\n                                        <img decoding=\"async\" width=\"150\" height=\"150\" data-src=\"https:\/\/www.interac.ca\/wp-content\/smush-webp\/2020\/06\/icon_pack_support_local_Online-Class-300x300-1-150x150.png.webp\" class=\"attachment-thumbnail size-thumbnail lazyload\" alt=\"\" data-srcset=\"https:\/\/www.interac.ca\/wp-content\/smush-webp\/2020\/06\/icon_pack_support_local_Online-Class-300x300-1-150x150.png.webp 150w, https:\/\/www.interac.ca\/wp-content\/smush-webp\/2020\/06\/icon_pack_support_local_Online-Class-300x300-1.png.webp 300w\" data-sizes=\"auto\" src=\"data:image\/svg+xml;base64,PHN2ZyB3aWR0aD0iMSIgaGVpZ2h0PSIxIiB4bWxucz0iaHR0cDovL3d3dy53My5vcmcvMjAwMC9zdmciPjwvc3ZnPg==\" style=\"--smush-placeholder-width: 150px; --smush-placeholder-aspect-ratio: 150\/150;\" data-original-sizes=\"(max-width: 150px) 100vw, 150px\" \/>                                    <\/div>\n                                                                            <div class=\"cell post-title small-9 large-9\"><h3>Essayez des cours ou des services en ligne<\/h3><\/div>\n                                                                                                <\/div>\n                            <div class=\"post-content\">\n                                <p>Voil\u00e0 une excellente fa\u00e7on de soutenir les instructeurs et travailleurs autonomes de votre r\u00e9gion.<\/p>\n                                                            <\/div>\n                        <\/div>\n                    <\/div>\n                        <\/div>\n        <\/div>\n    <\/section>\n\n<div class=\"grid-container\"><div class=\"grid-x align-center\"><div class=\"small-12 medium-8\">\n<figure class=\"wp-block-embed-youtube wp-block-embed is-type-video is-provider-youtube center\"><div class=\"wp-block-embed__wrapper\">\n<iframe title=\"#Rebienvenue\" width=\"500\" height=\"281\" src=\"https:\/\/www.youtube.com\/embed\/qYucdCI5eo8?feature=oembed\" frameborder=\"0\" allow=\"accelerometer; autoplay; clipboard-write; encrypted-media; gyroscope; picture-in-picture; web-share\" referrerpolicy=\"strict-origin-when-cross-origin\" allowfullscreen><\/iframe>\n<\/div><\/figure>\n<\/div><\/div><\/div>\n\n    <section id=\"cta-columns-block_6058e0a17c91c\" class=\"two-column-cta-light cta-columns\" style=\"margin-top: 0px; margin-bottom: 0px;\">\n    \n    <div class=\"grid-container \"><div class=\" grid-x grid-margin-x align-middle align-stretch text-center \">                <div class=\"cell small-12 medium-6 cta-1\">\n                                                            <h2 class=\"block-title\">D\u00e9couvrir Interac<\/h2>\n                    <p class=\"block-description\">Nous continuons de contribuer \u00e0 faire avancer l\u2019\u00e9conomie num\u00e9rique au Canada.<\/p>\n                                            <a class=\"inline-link --witharrow\" href=\"https:\/\/www.interac.ca\/fr\/a-propos\/\" aria-label=\"En savoir plus\"><span>En savoir plus<\/span><\/a>\n                                    <\/div>\n                            <div class=\"cell small-12 medium-6 cta-2\">\n                                                            <h2 class=\"block-title\">Vous avez besoin de soutien?<\/h2>\n                    <p class=\"block-description\">Visitez notre section de soutien aux entreprises pour consulter la foire aux questions et d\u2019autres ressources utiles.<\/p>\n                                            <a class=\"inline-link --witharrow\" href=\"https:\/\/www.interac.ca\/fr\/entreprise\/soutien\/faq\/\" aria-label=\"En savoir plus\"><span>En savoir plus<\/span><\/a>\n                                    <\/div>\n            <\/div><\/div><\/section>","protected":false},"excerpt":{"rendered":"","protected":false},"author":1,"featured_media":0,"parent":0,"menu_order":0,"comment_status":"closed","ping_status":"closed","template":"","meta":{"_acf_changed":false,"footnotes":""},"class_list":["post-66254","page","type-page","status-publish","hentry"],"acf":[],"yoast_head":"<!-- This site is optimized with the Yoast SEO Premium plugin v27.4 (Yoast SEO v27.4) - https:\/\/yoast.com\/product\/yoast-seo-premium-wordpress\/ -->\n<title>Rebienvenue - Interac<\/title>\n<meta name=\"robots\" content=\"index, follow, max-snippet:-1, max-image-preview:large, max-video-preview:-1\" \/>\n<link rel=\"canonical\" href=\"https:\/\/www.interac.ca\/fr\/nous-saluons-le-retour\/\" \/>\n<meta property=\"og:locale\" content=\"fr_CA\" \/>\n<meta property=\"og:type\" content=\"article\" \/>\n<meta property=\"og:title\" content=\"Rebienvenue\" \/>\n<meta property=\"og:description\" content=\"https:\/\/youtu.be\/qYucdCI5eo8\" \/>\n<meta property=\"og:url\" content=\"https:\/\/www.interac.ca\/fr\/nous-saluons-le-retour\/\" \/>\n<meta property=\"og:site_name\" content=\"Interac\" \/>\n<meta property=\"article:publisher\" content=\"https:\/\/www.facebook.com\/interac\" \/>\n<meta property=\"article:modified_time\" content=\"2020-11-03T03:10:54+00:00\" \/>\n<meta name=\"twitter:card\" content=\"summary_large_image\" \/>\n<meta name=\"twitter:site\" content=\"@interac\" \/>\n<script type=\"application\/ld+json\" class=\"yoast-schema-graph\">{\"@context\":\"https:\\\/\\\/schema.org\",\"@graph\":[{\"@type\":\"WebPage\",\"@id\":\"https:\\\/\\\/www.interac.ca\\\/fr\\\/nous-saluons-le-retour\\\/\",\"url\":\"https:\\\/\\\/www.interac.ca\\\/fr\\\/nous-saluons-le-retour\\\/\",\"name\":\"Rebienvenue - Interac\",\"isPartOf\":{\"@id\":\"https:\\\/\\\/www.interac.ca\\\/fr\\\/#website\"},\"datePublished\":\"2020-06-19T18:09:45+00:00\",\"dateModified\":\"2020-11-03T03:10:54+00:00\",\"breadcrumb\":{\"@id\":\"https:\\\/\\\/www.interac.ca\\\/fr\\\/nous-saluons-le-retour\\\/#breadcrumb\"},\"inLanguage\":\"fr-CA\",\"potentialAction\":[{\"@type\":\"ReadAction\",\"target\":[\"https:\\\/\\\/www.interac.ca\\\/fr\\\/nous-saluons-le-retour\\\/\"]}]},{\"@type\":\"BreadcrumbList\",\"@id\":\"https:\\\/\\\/www.interac.ca\\\/fr\\\/nous-saluons-le-retour\\\/#breadcrumb\",\"itemListElement\":[{\"@type\":\"ListItem\",\"position\":1,\"name\":\"Accueil\",\"item\":\"https:\\\/\\\/www.interac.ca\\\/fr\\\/\"},{\"@type\":\"ListItem\",\"position\":2,\"name\":\"Rebienvenue\"}]},{\"@type\":\"WebSite\",\"@id\":\"https:\\\/\\\/www.interac.ca\\\/fr\\\/#website\",\"url\":\"https:\\\/\\\/www.interac.ca\\\/fr\\\/\",\"name\":\"Interac\",\"description\":\"\",\"publisher\":{\"@id\":\"https:\\\/\\\/www.interac.ca\\\/fr\\\/#organization\"},\"potentialAction\":[{\"@type\":\"SearchAction\",\"target\":{\"@type\":\"EntryPoint\",\"urlTemplate\":\"https:\\\/\\\/www.interac.ca\\\/fr\\\/?s={search_term_string}\"},\"query-input\":{\"@type\":\"PropertyValueSpecification\",\"valueRequired\":true,\"valueName\":\"search_term_string\"}}],\"inLanguage\":\"fr-CA\"},{\"@type\":\"Organization\",\"@id\":\"https:\\\/\\\/www.interac.ca\\\/fr\\\/#organization\",\"name\":\"Interac Corp.\",\"url\":\"https:\\\/\\\/www.interac.ca\\\/fr\\\/\",\"logo\":{\"@type\":\"ImageObject\",\"inLanguage\":\"fr-CA\",\"@id\":\"https:\\\/\\\/www.interac.ca\\\/fr\\\/#\\\/schema\\\/logo\\\/image\\\/\",\"url\":\"https:\\\/\\\/www.interac.ca\\\/wp-content\\\/uploads\\\/2022\\\/03\\\/Interac_Two-Colour_RGB.png\",\"contentUrl\":\"https:\\\/\\\/www.interac.ca\\\/wp-content\\\/uploads\\\/2022\\\/03\\\/Interac_Two-Colour_RGB.png\",\"width\":2210,\"height\":2210,\"caption\":\"Interac Corp.\"},\"image\":{\"@id\":\"https:\\\/\\\/www.interac.ca\\\/fr\\\/#\\\/schema\\\/logo\\\/image\\\/\"},\"sameAs\":[\"https:\\\/\\\/www.facebook.com\\\/interac\",\"https:\\\/\\\/x.com\\\/interac\",\"https:\\\/\\\/www.instagram.com\\\/interac\\\/\",\"https:\\\/\\\/www.linkedin.com\\\/company\\\/interac-corp\\\/\",\"https:\\\/\\\/www.youtube.com\\\/user\\\/InteracBrand\"]}]}<\/script>\n<!-- \/ Yoast SEO Premium plugin. -->","yoast_head_json":{"title":"Rebienvenue - Interac","robots":{"index":"index","follow":"follow","max-snippet":"max-snippet:-1","max-image-preview":"max-image-preview:large","max-video-preview":"max-video-preview:-1"},"canonical":"https:\/\/www.interac.ca\/fr\/nous-saluons-le-retour\/","og_locale":"fr_CA","og_type":"article","og_title":"Rebienvenue","og_description":"https:\/\/youtu.be\/qYucdCI5eo8","og_url":"https:\/\/www.interac.ca\/fr\/nous-saluons-le-retour\/","og_site_name":"Interac","article_publisher":"https:\/\/www.facebook.com\/interac","article_modified_time":"2020-11-03T03:10:54+00:00","twitter_card":"summary_large_image","twitter_site":"@interac","schema":{"@context":"https:\/\/schema.org","@graph":[{"@type":"WebPage","@id":"https:\/\/www.interac.ca\/fr\/nous-saluons-le-retour\/","url":"https:\/\/www.interac.ca\/fr\/nous-saluons-le-retour\/","name":"Rebienvenue - Interac","isPartOf":{"@id":"https:\/\/www.interac.ca\/fr\/#website"},"datePublished":"2020-06-19T18:09:45+00:00","dateModified":"2020-11-03T03:10:54+00:00","breadcrumb":{"@id":"https:\/\/www.interac.ca\/fr\/nous-saluons-le-retour\/#breadcrumb"},"inLanguage":"fr-CA","potentialAction":[{"@type":"ReadAction","target":["https:\/\/www.interac.ca\/fr\/nous-saluons-le-retour\/"]}]},{"@type":"BreadcrumbList","@id":"https:\/\/www.interac.ca\/fr\/nous-saluons-le-retour\/#breadcrumb","itemListElement":[{"@type":"ListItem","position":1,"name":"Accueil","item":"https:\/\/www.interac.ca\/fr\/"},{"@type":"ListItem","position":2,"name":"Rebienvenue"}]},{"@type":"WebSite","@id":"https:\/\/www.interac.ca\/fr\/#website","url":"https:\/\/www.interac.ca\/fr\/","name":"Interac","description":"","publisher":{"@id":"https:\/\/www.interac.ca\/fr\/#organization"},"potentialAction":[{"@type":"SearchAction","target":{"@type":"EntryPoint","urlTemplate":"https:\/\/www.interac.ca\/fr\/?s={search_term_string}"},"query-input":{"@type":"PropertyValueSpecification","valueRequired":true,"valueName":"search_term_string"}}],"inLanguage":"fr-CA"},{"@type":"Organization","@id":"https:\/\/www.interac.ca\/fr\/#organization","name":"Interac Corp.","url":"https:\/\/www.interac.ca\/fr\/","logo":{"@type":"ImageObject","inLanguage":"fr-CA","@id":"https:\/\/www.interac.ca\/fr\/#\/schema\/logo\/image\/","url":"https:\/\/www.interac.ca\/wp-content\/uploads\/2022\/03\/Interac_Two-Colour_RGB.png","contentUrl":"https:\/\/www.interac.ca\/wp-content\/uploads\/2022\/03\/Interac_Two-Colour_RGB.png","width":2210,"height":2210,"caption":"Interac Corp."},"image":{"@id":"https:\/\/www.interac.ca\/fr\/#\/schema\/logo\/image\/"},"sameAs":["https:\/\/www.facebook.com\/interac","https:\/\/x.com\/interac","https:\/\/www.instagram.com\/interac\/","https:\/\/www.linkedin.com\/company\/interac-corp\/","https:\/\/www.youtube.com\/user\/InteracBrand"]}]}},"featured_image_src":"https:\/\/www.interac.ca\/wp-includes\/images\/media\/default.svg","_links":{"self":[{"href":"https:\/\/www.interac.ca\/fr\/wp-json\/wp\/v2\/pages\/66254","targetHints":{"allow":["GET"]}}],"collection":[{"href":"https:\/\/www.interac.ca\/fr\/wp-json\/wp\/v2\/pages"}],"about":[{"href":"https:\/\/www.interac.ca\/fr\/wp-json\/wp\/v2\/types\/page"}],"author":[{"embeddable":true,"href":"https:\/\/www.interac.ca\/fr\/wp-json\/wp\/v2\/users\/1"}],"replies":[{"embeddable":true,"href":"https:\/\/www.interac.ca\/fr\/wp-json\/wp\/v2\/comments?post=66254"}],"version-history":[{"count":0,"href":"https:\/\/www.interac.ca\/fr\/wp-json\/wp\/v2\/pages\/66254\/revisions"}],"wp:attachment":[{"href":"https:\/\/www.interac.ca\/fr\/wp-json\/wp\/v2\/media?parent=66254"}],"curies":[{"name":"wp","href":"https:\/\/api.w.org\/{rel}","templated":true}]}}