{"id":64803,"date":"2020-01-13T17:52:26","date_gmt":"2020-01-13T17:52:26","guid":{"rendered":"https:\/\/interac1.wpengine.com\/?page_id=64803"},"modified":"2021-11-03T13:23:46","modified_gmt":"2021-11-03T13:23:46","slug":"conditions-dutilisation","status":"publish","type":"page","link":"https:\/\/www.interac.ca\/fr\/conditions-dutilisation\/","title":{"rendered":"Conditions d&rsquo;utilisation"},"content":{"rendered":"<section id=\"t4-hero-block_611f08d0453b7\" class=\"block-t4-hero\" style=\"margin-top: 0px; margin-bottom: 100px; padding-top: px; padding-bottom: px;\">\n    <div class=\"grid-container\">\n        <div class=\"grid-x align-center align-middle\">\n            <div class=\"cell small-12 hero-title\">\n                <h1>Conditions d\u2019utilisation<\/h1>\n            <\/div>\n                                <\/div>\n    <\/div>\n<\/section>\n\n<div class=\"grid-container\"><div class=\"grid-x\">\n<h3 class=\"wp-block-heading\">Conditions de consultation du site Web de L&rsquo;Association\u00a0<em>Interac<\/em><\/h3>\n<\/div><\/div>\n\n<div class=\"grid-container\"><div class=\"grid-x\">\n<p class=\"has-small-font-size\">Derni\u00e8re mise \u00e0 jour : 2 novembre 2021<\/p>\n<\/div><\/div>\n\n<div class=\"grid-container\"><div class=\"grid-x\">\n<p>Copyright \u00a9 1998-2008,&nbsp;<em>Interac<\/em>&nbsp;Inc. Tous droits r\u00e9serv\u00e9s.<\/p>\n<\/div><\/div>\n\n<div class=\"grid-container\"><div class=\"grid-x\">\n<p>VEUILLEZ NOTER QUE LA CONSULATION DU SITE WEB INTERAC EST SOUMISE AUX CONDITIONS SUIVANTES :<\/p>\n<\/div><\/div>\n\n<div class=\"grid-container\"><div class=\"grid-x\">\n<p>Les pr\u00e9sentes \u00e9num\u00e8rent les conditions de consultation impos\u00e9es par l\u2019Association&nbsp;<em>Interac<\/em>,&nbsp;<em>Interac<\/em>&nbsp;Inc. et Acxsys Corporation (collectivement \u00ab nous \u00bb, \u00ab notre \u00bb ou \u00ab le commanditaire \u00bb) relatives \u00e0 l\u2019utilisation du site Web www.interac.ca. Ces conditions s\u2019appliquent aux internautes (\u00ab vous \u00bb ou \u00ab votre \u00bb) qui consultent notre site Web.&nbsp;<\/p>\n<\/div><\/div>\n\n<div class=\"grid-container\"><div class=\"grid-x\">\n<h3 class=\"wp-block-heading\">Propri\u00e9t\u00e9 intellectuelle<\/h3>\n<\/div><\/div>\n\n<div class=\"grid-container\"><div class=\"grid-x\">\n<p>Le mat\u00e9riel contenu dans le site Web&nbsp;<em>Interac<\/em>&nbsp;est prot\u00e9g\u00e9 par des droits d\u2019auteur, des marques de commerce et d\u2019autres formes de droits exclusifs qui sont d\u00e9tenus ou contr\u00f4l\u00e9s par Interac Inc., Acxsys Corporation ou par les propri\u00e9taires respectifs.<\/p>\n<\/div><\/div>\n\n<div class=\"grid-container\"><div class=\"grid-x\">\n<h3 class=\"wp-block-heading\">Interventions permises<\/h3>\n<\/div><\/div>\n\n<div class=\"grid-container\"><div class=\"grid-x\">\n<p>Vous pouvez consulter le pr\u00e9sent site Web seulement \u00e0 des fins d\u2019information et d\u2019\u00e9ducation, mais vous ne pouvez pas utiliser, distribuer, modifier, transmettre, r\u00e9viser, d\u00e9sosser, republier, afficher ou cr\u00e9er des travaux d\u00e9riv\u00e9s du contenu du pr\u00e9sent site Web sans notre consentement \u00e9crit pr\u00e9alable.<\/p>\n<\/div><\/div>\n\n<div class=\"grid-container\"><div class=\"grid-x\">\n<h3 class=\"wp-block-heading\">\u00c9l\u00e9ments de pr\u00e9sentation<\/h3>\n<\/div><\/div>\n\n<div class=\"grid-container\"><div class=\"grid-x\">\n<p>Les \u00e9l\u00e9ments du pr\u00e9sent site Web sont prot\u00e9g\u00e9s par les lois sur la pr\u00e9sentation et autres lois et ne peuvent pas \u00eatre copi\u00e9s ni imit\u00e9s en tout ou en partie. Tous les droits, titres et int\u00e9r\u00eats li\u00e9s \u00e0 ce contenu sont d\u00e9tenus, contr\u00f4l\u00e9s ou utilis\u00e9s sous licence par nous ou par un tiers, selon le cas.<\/p>\n<\/div><\/div>\n\n<div class=\"grid-container\"><div class=\"grid-x\">\n<h3 class=\"wp-block-heading\">Marques de commerce<\/h3>\n<\/div><\/div>\n\n<div class=\"grid-container\"><div class=\"grid-x\">\n<p>Voici les marques de commerce d\u00e9pos\u00e9es d\u2019<em>Interac<\/em>&nbsp;Inc. :<\/p>\n<\/div><\/div>\n\n<div class=\"grid-container\"><div class=\"grid-x\">\n<ul class=\"wp-block-list\"><li>le mot&nbsp;<em>Interac<\/em><\/li><li>le logo&nbsp;<em>Interac<\/em><\/li><li>\u00ab Swipe the Stripe \u00bb<\/li><li>\u00ab Smarter than cash \u00bb<\/li><li>\u00ab Plus brillant que l\u2019argent \u00bb<\/li><li>le logo du clavier NIP avec \u00ab OK \u00bb<\/li><li>le sigle OK<\/li><li>\u00ab Appuyez sur O.K. \u00bb<\/li><li>\u00ab PROTECT YOUR PIN \u00bb<\/li><li>\u00ab PROT\u00c9GEZ VOTRE NIP \u00bb<\/li><li>le logo des mains et du clavier<\/li><li>\u00ab En tout temps, simplement \u00bb<\/li><li>\u00ab Tous les jours, tout simplement \u00bb<\/li><li>le logo de la voiture blind\u00e9e<\/li><\/ul>\n<\/div><\/div>\n\n<div class=\"grid-container\"><div class=\"grid-x\">\n<p>Vous ne pouvez pas utiliser les marques de commerce figurant sur le pr\u00e9sent site Web sans le consentement \u00e9crit pr\u00e9alable d\u2019Interac Inc.&nbsp;Le mot et le logo CertaPay sont des marques de commerce d\u00e9tenues par Acxsys Corporation. Par cons\u00e9quent, vous ne pouvez les utiliser sans le consentement \u00e9crit pr\u00e9alable d\u2019Acxsys Corporation.<\/p>\n<\/div><\/div>\n\n<div class=\"grid-container\"><div class=\"grid-x\">\n<h3 class=\"wp-block-heading\">Liens menant vers d\u2019autres sites<\/h3>\n<\/div><\/div>\n\n<div class=\"grid-container\"><div class=\"grid-x\">\n<p>Le pr\u00e9sent site Web renferme des liens menant vers des sites que nous ne tenons ou ne contr\u00f4lons pas. Nous ne nous portons pas garants de l\u2019exactitude, de l\u2019exhaustivit\u00e9 ou de l\u2019actualit\u00e9 de l\u2019information accessible sur ces sites et ne sanctionnons ni les produits qui s\u2019y trouvent non plus que les opinions qui y sont exprim\u00e9es.<\/p>\n<\/div><\/div>\n\n<div class=\"grid-container\"><div class=\"grid-x\">\n<h3 class=\"wp-block-heading\">Hyperliens<\/h3>\n<\/div><\/div>\n\n<div class=\"grid-container\"><div class=\"grid-x\">\n<p>\u00c0 moins d\u2019avoir une entente \u00e9crite en vigueur avec nous \u00e0 l\u2019effet du contraire, vous ne pouvez int\u00e9grer \u00e0 votre site Web un lien hypertexte menant vers le site Interac que si vous respectez les conditions suivantes :<\/p>\n<\/div><\/div>\n\n<div class=\"grid-container\"><div class=\"grid-x\">\n<ul class=\"wp-block-list\"><li>il s\u2019agit d\u2019un lien texte seulement, clairement marqu\u00e9 \u00ab Page d\u2019accueil Interac \u00bb ou \u00ab www.interac.ca \u00bb<\/li><li>le lien m\u00e8ne \u00e0 l\u2019URL&nbsp;<a href=\"https:\/\/www.interac.ca\/\">https:\/\/www.interac.ca<\/a>,&nbsp;et non vers une autre page du site Web Interac<\/li><li>l\u2019apparence, la position et tout autre aspect du lien ne doit pas diluer ou endommager la cote d\u2019estime de notre nom ou de nos marques de commerce<\/li><li>l\u2019apparence, la position et tout autre aspect du lien ne doivent pas donner l\u2019impression trompeuse qu\u2019une entit\u00e9 est associ\u00e9e \u00e0 nous ou commandit\u00e9e par nous<\/li><li>lorsque le lien est activ\u00e9 par un utilisateur, il doit afficher le site Web Interac en plein \u00e9cran et non dans un \u00ab cadre \u00bb sur le site<\/li><li>nous nous r\u00e9servons le droit de r\u00e9voquer notre consentement au lien \u00e0 tout moment, \u00e0 notre seule discr\u00e9tion.<\/li><\/ul>\n<\/div><\/div>\n\n<div class=\"grid-container\"><div class=\"grid-x\">\n<h3 class=\"wp-block-heading\">Confidentialit\u00e9<\/h3>\n<\/div><\/div>\n\n<div class=\"grid-container\"><div class=\"grid-x\">\n<p>Notre D\u00e9claration de confidentialit\u00e9, qui peut \u00eatre modifi\u00e9e de temps \u00e0 autre, r\u00e9git la collecte, l\u2019utilisation et la divulgation de vos renseignements personnels.<\/p>\n<\/div><\/div>\n\n<div class=\"grid-container\"><div class=\"grid-x\">\n<h3 class=\"wp-block-heading\">Modification des conditions de consultation<\/h3>\n<\/div><\/div>\n\n<div class=\"grid-container\"><div class=\"grid-x\">\n<p>La derni\u00e8re r\u00e9vision des pr\u00e9sentes conditions de consultation a \u00e9t\u00e9 effectu\u00e9e le 24 mars 2008. Nous nous r\u00e9servons le droit de les r\u00e9viser en tout temps. \u00c9tant donn\u00e9 que d\u2019\u00e9ventuelles r\u00e9visions vous engagent, nous vous encourageons \u00e0 consulter cette page fr\u00e9quemment pour vous tenir au courant.<\/p>\n<\/div><\/div>\n\n<div class=\"grid-container\"><div class=\"grid-x\">\n<h3 class=\"wp-block-heading\">Lois et r\u00e8glements applicables<\/h3>\n<\/div><\/div>\n\n<div class=\"grid-container\"><div class=\"grid-x\">\n<p>L\u2019acc\u00e8s au pr\u00e9sent site Web et sa consultation sont soumis \u00e0 toutes les lois et \u00e0 tous les r\u00e8glements internationaux, f\u00e9d\u00e9raux, provinciaux et locaux applicables. Nous nous r\u00e9servons le droit d\u2019utiliser tous les recours en loi et en \u00e9quit\u00e9 en cas de violation des pr\u00e9sentes conditions, y compris le droit de bloquer l\u2019acc\u00e8s \u00e0 notre site \u00e0 partir d\u2019une adresse Internet en particulier.<\/p>\n<\/div><\/div>\n\n<div class=\"grid-container\"><div class=\"grid-x\">\n<h3 class=\"wp-block-heading\">Votre consentement<\/h3>\n<\/div><\/div>\n\n<div class=\"grid-container\"><div class=\"grid-x\">\n<p>Le pr\u00e9sent site Web (\u00e0 l\u2019exclusion des liens) est contr\u00f4l\u00e9 par notre fournisseur de services \u00e0 partir de ses bureaux situ\u00e9s en Ontario, au Canada. Du fait m\u00eame de votre acc\u00e8s au pr\u00e9sent site Web, le commanditaire et vous convenez que toutes les questions se rapportant \u00e0 votre acc\u00e8s ou \u00e0 votre consultation du pr\u00e9sent site Web sont r\u00e9gies par les lois et r\u00e8glements du Canada et de l\u2019Ontario, sans \u00e9gard aux principes r\u00e9gissant les conflits de loi. le commanditaire et vous acceptez l\u2019exclusivit\u00e9 de comp\u00e9tence et de lieu des tribunaux de la province de l\u2019Ontario \u00e0 l\u2019\u00e9gard de ces questions.<\/p>\n<\/div><\/div>","protected":false},"excerpt":{"rendered":"<p>Conditions de consultation du site Web de L&rsquo;Association\u00a0Interac Derni\u00e8re mise \u00e0 jour : 2 novembre 2021 Copyright \u00a9 1998-2008,&nbsp;Interac&nbsp;Inc. Tous droits r\u00e9serv\u00e9s. VEUILLEZ NOTER QUE LA CONSULATION DU SITE WEB INTERAC EST SOUMISE AUX CONDITIONS SUIVANTES : Les pr\u00e9sentes \u00e9num\u00e8rent les conditions de consultation impos\u00e9es par l\u2019Association&nbsp;Interac,&nbsp;Interac&nbsp;Inc. et Acxsys Corporation (collectivement \u00ab nous \u00bb, \u00ab&hellip;<\/p>\n","protected":false},"author":1,"featured_media":0,"parent":0,"menu_order":0,"comment_status":"closed","ping_status":"closed","template":"","meta":{"_acf_changed":false,"footnotes":""},"class_list":["post-64803","page","type-page","status-publish","hentry"],"acf":[],"yoast_head":"<!-- This site is optimized with the Yoast SEO Premium plugin v27.2 (Yoast SEO v27.2) - https:\/\/yoast.com\/product\/yoast-seo-premium-wordpress\/ -->\n<title>Conditions d&#039;utilisation - Interac<\/title>\n<meta name=\"robots\" content=\"index, follow, max-snippet:-1, max-image-preview:large, max-video-preview:-1\" \/>\n<link rel=\"canonical\" href=\"https:\/\/www.interac.ca\/fr\/conditions-dutilisation\/\" \/>\n<meta property=\"og:locale\" content=\"fr_CA\" \/>\n<meta property=\"og:type\" content=\"article\" \/>\n<meta property=\"og:title\" content=\"Conditions d&#039;utilisation\" \/>\n<meta property=\"og:description\" content=\"Conditions de consultation du site Web de L&#039;Association\u00a0Interac Derni\u00e8re mise \u00e0 jour : 2 novembre 2021 Copyright \u00a9 1998-2008,&nbsp;Interac&nbsp;Inc. Tous\" \/>\n<meta property=\"og:url\" content=\"https:\/\/www.interac.ca\/fr\/conditions-dutilisation\/\" \/>\n<meta property=\"og:site_name\" content=\"Interac\" \/>\n<meta property=\"article:publisher\" content=\"https:\/\/www.facebook.com\/interac\" \/>\n<meta property=\"article:modified_time\" content=\"2021-11-03T13:23:46+00:00\" \/>\n<meta name=\"twitter:card\" content=\"summary_large_image\" \/>\n<meta name=\"twitter:site\" content=\"@interac\" \/>\n<meta name=\"twitter:label1\" content=\"Estimation du temps de lecture\" \/>\n\t<meta name=\"twitter:data1\" content=\"4 minutes\" \/>\n<script type=\"application\/ld+json\" class=\"yoast-schema-graph\">{\"@context\":\"https:\/\/schema.org\",\"@graph\":[{\"@type\":\"WebPage\",\"@id\":\"https:\/\/www.interac.ca\/fr\/conditions-dutilisation\/\",\"url\":\"https:\/\/www.interac.ca\/fr\/conditions-dutilisation\/\",\"name\":\"Conditions d'utilisation - Interac\",\"isPartOf\":{\"@id\":\"https:\/\/www.interac.ca\/fr\/#website\"},\"datePublished\":\"2020-01-13T17:52:26+00:00\",\"dateModified\":\"2021-11-03T13:23:46+00:00\",\"breadcrumb\":{\"@id\":\"https:\/\/www.interac.ca\/fr\/conditions-dutilisation\/#breadcrumb\"},\"inLanguage\":\"fr-CA\",\"potentialAction\":[{\"@type\":\"ReadAction\",\"target\":[\"https:\/\/www.interac.ca\/fr\/conditions-dutilisation\/\"]}]},{\"@type\":\"BreadcrumbList\",\"@id\":\"https:\/\/www.interac.ca\/fr\/conditions-dutilisation\/#breadcrumb\",\"itemListElement\":[{\"@type\":\"ListItem\",\"position\":1,\"name\":\"Accueil\",\"item\":\"https:\/\/www.interac.ca\/fr\/\"},{\"@type\":\"ListItem\",\"position\":2,\"name\":\"Conditions d&#8217;utilisation\"}]},{\"@type\":\"WebSite\",\"@id\":\"https:\/\/www.interac.ca\/fr\/#website\",\"url\":\"https:\/\/www.interac.ca\/fr\/\",\"name\":\"Interac\",\"description\":\"\",\"publisher\":{\"@id\":\"https:\/\/www.interac.ca\/fr\/#organization\"},\"potentialAction\":[{\"@type\":\"SearchAction\",\"target\":{\"@type\":\"EntryPoint\",\"urlTemplate\":\"https:\/\/www.interac.ca\/fr\/?s={search_term_string}\"},\"query-input\":{\"@type\":\"PropertyValueSpecification\",\"valueRequired\":true,\"valueName\":\"search_term_string\"}}],\"inLanguage\":\"fr-CA\"},{\"@type\":\"Organization\",\"@id\":\"https:\/\/www.interac.ca\/fr\/#organization\",\"name\":\"Interac Corp.\",\"url\":\"https:\/\/www.interac.ca\/fr\/\",\"logo\":{\"@type\":\"ImageObject\",\"inLanguage\":\"fr-CA\",\"@id\":\"https:\/\/www.interac.ca\/fr\/#\/schema\/logo\/image\/\",\"url\":\"https:\/\/www.interac.ca\/wp-content\/uploads\/2022\/03\/Interac_Two-Colour_RGB.png\",\"contentUrl\":\"https:\/\/www.interac.ca\/wp-content\/uploads\/2022\/03\/Interac_Two-Colour_RGB.png\",\"width\":2210,\"height\":2210,\"caption\":\"Interac Corp.\"},\"image\":{\"@id\":\"https:\/\/www.interac.ca\/fr\/#\/schema\/logo\/image\/\"},\"sameAs\":[\"https:\/\/www.facebook.com\/interac\",\"https:\/\/x.com\/interac\",\"https:\/\/www.instagram.com\/interac\/\",\"https:\/\/www.linkedin.com\/company\/interac-corp\/\",\"https:\/\/www.youtube.com\/user\/InteracBrand\"]}]}<\/script>\n<!-- \/ Yoast SEO Premium plugin. -->","yoast_head_json":{"title":"Conditions d'utilisation - Interac","robots":{"index":"index","follow":"follow","max-snippet":"max-snippet:-1","max-image-preview":"max-image-preview:large","max-video-preview":"max-video-preview:-1"},"canonical":"https:\/\/www.interac.ca\/fr\/conditions-dutilisation\/","og_locale":"fr_CA","og_type":"article","og_title":"Conditions d'utilisation","og_description":"Conditions de consultation du site Web de L'Association\u00a0Interac Derni\u00e8re mise \u00e0 jour : 2 novembre 2021 Copyright \u00a9 1998-2008,&nbsp;Interac&nbsp;Inc. Tous","og_url":"https:\/\/www.interac.ca\/fr\/conditions-dutilisation\/","og_site_name":"Interac","article_publisher":"https:\/\/www.facebook.com\/interac","article_modified_time":"2021-11-03T13:23:46+00:00","twitter_card":"summary_large_image","twitter_site":"@interac","twitter_misc":{"Estimation du temps de lecture":"4 minutes"},"schema":{"@context":"https:\/\/schema.org","@graph":[{"@type":"WebPage","@id":"https:\/\/www.interac.ca\/fr\/conditions-dutilisation\/","url":"https:\/\/www.interac.ca\/fr\/conditions-dutilisation\/","name":"Conditions d'utilisation - Interac","isPartOf":{"@id":"https:\/\/www.interac.ca\/fr\/#website"},"datePublished":"2020-01-13T17:52:26+00:00","dateModified":"2021-11-03T13:23:46+00:00","breadcrumb":{"@id":"https:\/\/www.interac.ca\/fr\/conditions-dutilisation\/#breadcrumb"},"inLanguage":"fr-CA","potentialAction":[{"@type":"ReadAction","target":["https:\/\/www.interac.ca\/fr\/conditions-dutilisation\/"]}]},{"@type":"BreadcrumbList","@id":"https:\/\/www.interac.ca\/fr\/conditions-dutilisation\/#breadcrumb","itemListElement":[{"@type":"ListItem","position":1,"name":"Accueil","item":"https:\/\/www.interac.ca\/fr\/"},{"@type":"ListItem","position":2,"name":"Conditions d&#8217;utilisation"}]},{"@type":"WebSite","@id":"https:\/\/www.interac.ca\/fr\/#website","url":"https:\/\/www.interac.ca\/fr\/","name":"Interac","description":"","publisher":{"@id":"https:\/\/www.interac.ca\/fr\/#organization"},"potentialAction":[{"@type":"SearchAction","target":{"@type":"EntryPoint","urlTemplate":"https:\/\/www.interac.ca\/fr\/?s={search_term_string}"},"query-input":{"@type":"PropertyValueSpecification","valueRequired":true,"valueName":"search_term_string"}}],"inLanguage":"fr-CA"},{"@type":"Organization","@id":"https:\/\/www.interac.ca\/fr\/#organization","name":"Interac Corp.","url":"https:\/\/www.interac.ca\/fr\/","logo":{"@type":"ImageObject","inLanguage":"fr-CA","@id":"https:\/\/www.interac.ca\/fr\/#\/schema\/logo\/image\/","url":"https:\/\/www.interac.ca\/wp-content\/uploads\/2022\/03\/Interac_Two-Colour_RGB.png","contentUrl":"https:\/\/www.interac.ca\/wp-content\/uploads\/2022\/03\/Interac_Two-Colour_RGB.png","width":2210,"height":2210,"caption":"Interac Corp."},"image":{"@id":"https:\/\/www.interac.ca\/fr\/#\/schema\/logo\/image\/"},"sameAs":["https:\/\/www.facebook.com\/interac","https:\/\/x.com\/interac","https:\/\/www.instagram.com\/interac\/","https:\/\/www.linkedin.com\/company\/interac-corp\/","https:\/\/www.youtube.com\/user\/InteracBrand"]}]}},"featured_image_src":"https:\/\/www.interac.ca\/wp-includes\/images\/media\/default.svg","_links":{"self":[{"href":"https:\/\/www.interac.ca\/fr\/wp-json\/wp\/v2\/pages\/64803","targetHints":{"allow":["GET"]}}],"collection":[{"href":"https:\/\/www.interac.ca\/fr\/wp-json\/wp\/v2\/pages"}],"about":[{"href":"https:\/\/www.interac.ca\/fr\/wp-json\/wp\/v2\/types\/page"}],"author":[{"embeddable":true,"href":"https:\/\/www.interac.ca\/fr\/wp-json\/wp\/v2\/users\/1"}],"replies":[{"embeddable":true,"href":"https:\/\/www.interac.ca\/fr\/wp-json\/wp\/v2\/comments?post=64803"}],"version-history":[{"count":0,"href":"https:\/\/www.interac.ca\/fr\/wp-json\/wp\/v2\/pages\/64803\/revisions"}],"wp:attachment":[{"href":"https:\/\/www.interac.ca\/fr\/wp-json\/wp\/v2\/media?parent=64803"}],"curies":[{"name":"wp","href":"https:\/\/api.w.org\/{rel}","templated":true}]}}