{"id":4465,"date":"2020-01-07T03:10:55","date_gmt":"2020-01-07T03:10:55","guid":{"rendered":"https:\/\/interac1.wpengine.com\/?page_id=4465"},"modified":"2021-03-22T14:09:20","modified_gmt":"2021-03-22T14:09:20","slug":"virement-interac-centre-daide","status":"publish","type":"page","link":"https:\/\/www.interac.ca\/fr\/virement-interac-centre-daide\/","title":{"rendered":"Virement INTERAC Centre D\u2019aide"},"content":{"rendered":"\n\n<div class=\"grid-container\"><div class=\"grid-x\">\n<h3 class=\"wp-block-heading\">Frais<\/h3>\n<\/div><\/div>\n\n<div class=\"grid-container\"><div class=\"grid-x\">\n<p>Si vous choisissez de d\u00e9poser les fonds d\u2019une transaction Virement&nbsp;<em>Interac<\/em> en ligne aupr\u00e8s d\u2019une institution financi\u00e8re participante, il n\u2019y a pas de frais. Cependant, toute institution bancaire peut changer ses plans de service et sa structure tarifaire en tout temps. Veuillez communiquer avec votre banque ou coop\u00e9rative de cr\u00e9dit pour obtenir de plus amples renseignements sur les frais potentiels s\u2019appliquant aux transactions Virement&nbsp;<em>Interac<\/em>.<\/p>\n<\/div><\/div>\n\n<div class=\"grid-container\"><div class=\"grid-x\">\n<p>Les frais habituels li\u00e9s \u00e0 la messagerie texte s\u2019appliquent.<\/p>\n<\/div><\/div>\n\n<div class=\"grid-container\"><div class=\"grid-x\">\n<div style=\"height:50px\" aria-hidden=\"true\" class=\"wp-block-spacer\"><\/div>\n<\/div><\/div>\n\n<div class=\"grid-container\"><div class=\"grid-x\">\n<h3 class=\"wp-block-heading\">Fonctionnement du service Virement <em>Interac<\/em><\/h3>\n<\/div><\/div>\n\n<div class=\"grid-container\"><div class=\"grid-x\">\n<p>Le service Virement <em>Interac<\/em> est un moyen rapide et pratique de virer des fonds \u00e0 quiconque en passant par votre service bancaire en ligne ou mobile s\u00e9curis\u00e9. C\u2019est une solution qui remplace avantageusement l\u2019argent et les ch\u00e8ques.<\/p>\n<\/div><\/div>\n\n<div class=\"grid-container\"><div class=\"grid-x\">\n<p>Pour envoyer de l\u2019argent par Virement <em>Interac<\/em>, ouvrez une session des services bancaires en ligne ou mobiles d\u2019une institution financi\u00e8re participante et cherchez l\u2019option permettant d\u2019envoyer de l\u2019argent par Virement <em>Interac<\/em>. Il suffit de disposer d\u2019une adresse de courriel et de conna\u00eetre l\u2019adresse de courriel ou le num\u00e9ro de t\u00e9l\u00e9phone mobile de votre destinataire. Le courriel et le message texte transmettent \u00e0 ce dernier l\u2019avis de virement, et votre banque vire les fonds \u00e0 n\u2019importe quelle institution financi\u00e8re canadienne par des r\u00e9seaux de paiement existants.<\/p>\n<\/div><\/div>\n\n<div class=\"grid-container\"><div class=\"grid-x\">\n<p>Si vous \u00eates inscrit \u00e0 la fonction D\u00e9p\u00f4t automatique de Virement <em>Interac<\/em>, les fonds qui vous sont envoy\u00e9s par Virement <em>Interac<\/em> seront automatiquement d\u00e9pos\u00e9s dans votre compte. Pour en savoir plus sur la fa\u00e7on de s\u2019inscrire \u00e0 la fonction D\u00e9p\u00f4t automatique, <a href=\"https:\/\/www.interac.ca\/fr\/consommateur\/produits\/virement-interac\/fonctions-ameliorees\/#interac-etransfer-autodeposit\">cliquez ici<\/a>.<\/p>\n<\/div><\/div>\n\n<div class=\"grid-container\"><div class=\"grid-x\">\n<p>Si vous n\u2019\u00eates pas inscrit \u00e0 la fonction D\u00e9p\u00f4t automatique, vous pouvez d\u00e9poser les fonds re\u00e7us par Virement <em>Interac<\/em> au moyen des services bancaires en ligne ou mobiles. Il suffit de cliquer sur le lien inclus dans l\u2019avis que vous avez re\u00e7u, de choisir votre institution financi\u00e8re, d\u2019ouvrir une session des services bancaires en ligne et de d\u00e9poser les fonds dans le compte de votre choix.<\/p>\n<\/div><\/div>\n\n<div class=\"grid-container\"><div class=\"grid-x\">\n<div style=\"height:50px\" aria-hidden=\"true\" class=\"wp-block-spacer\"><\/div>\n<\/div><\/div>\n\n<div class=\"grid-container\"><div class=\"grid-x\">\n<h3 class=\"wp-block-heading\">Institutions financi\u00e8res participantes<\/h3>\n<\/div><\/div>\n\n<div class=\"grid-container\"><div class=\"grid-x\">\n<p>Le service Virement <em>Interac<\/em> est offert dans les <a href=\"https:\/\/www.interac.ca\/fr\/consommateur\/produits\/virement-interac\/#fi-list-interac-e-transfer\">institutions financi\u00e8res participantes<\/a>. Pour envoyer de l\u2019argent par Virement&nbsp;<em>Interac<\/em>, vous devez avoir acc\u00e8s aux services bancaires en ligne de l\u2019une de ces institutions financi\u00e8res participantes. Pour vous inscrire, il vous suffit de communiquer avec votre banque ou coop\u00e9rative de cr\u00e9dit.<\/p>\n<\/div><\/div>\n\n<div class=\"grid-container\"><div class=\"grid-x\">\n<div style=\"height:50px\" aria-hidden=\"true\" class=\"wp-block-spacer\"><\/div>\n<\/div><\/div>\n\n<div class=\"grid-container\"><div class=\"grid-x\">\n<h3 class=\"wp-block-heading\">Question de s\u00e9curit\u00e9<\/h3>\n<\/div><\/div>\n\n<div class=\"grid-container\"><div class=\"grid-x\">\n<p>La question de s\u00e9curit\u00e9 et sa r\u00e9ponse sont des mesures additionnelles pour s\u2019assurer que seul le destinataire cibl\u00e9 per\u00e7oive les fonds de la ou des transactions Virement&nbsp;<em>Interac<\/em>. L\u2019exp\u00e9diteur d\u00e9finit la question lorsqu\u2019il envoie un virement. Seul le destinataire doit conna\u00eetre la r\u00e9ponse \u00e0 la question. L\u2019exp\u00e9diteur peut donner la r\u00e9ponse \u00e0 la question de s\u00e9curit\u00e9 au destinataire par t\u00e9l\u00e9phone ou en personne, mais aux fins de s\u00e9curit\u00e9, la r\u00e9ponse \u00e0 la question de s\u00e9curit\u00e9 ne devrait jamais \u00eatre incluse dans un courriel.<\/p>\n<\/div><\/div>\n\n<div class=\"grid-container\"><div class=\"grid-x\">\n<p>SUGGESTIONS :<\/p>\n<\/div><\/div>\n\n<div class=\"grid-container\"><div class=\"grid-x\">\n<p>Les r\u00e9ponses aux questions de s\u00e9curit\u00e9 ne font pas la distinction entre les majuscules et les minuscules (p.&nbsp;ex., le syst\u00e8me accepte un \u00ab&nbsp;R&nbsp;\u00bb ou un \u00ab&nbsp;r&nbsp;\u00bb).<\/p>\n<\/div><\/div>\n\n<div class=\"grid-container\"><div class=\"grid-x\">\n<p>Les r\u00e9ponses aux questions de s\u00e9curit\u00e9 ne peuvent pas contenir des caract\u00e8res sp\u00e9ciaux comme \u00ab&nbsp;@&nbsp;\u00bb, \u00ab&nbsp;&amp;&nbsp;\u00bb, etc.<\/p>\n<\/div><\/div>\n\n<div class=\"grid-container\"><div class=\"grid-x\">\n<div style=\"height:50px\" aria-hidden=\"true\" class=\"wp-block-spacer\"><\/div>\n<\/div><\/div>\n\n<div class=\"grid-container\"><div class=\"grid-x\">\n<h3 class=\"wp-block-heading\">Refuser une transaction Virement&nbsp;<em>Interac<\/em><\/h3>\n<\/div><\/div>\n\n<div class=\"grid-container\"><div class=\"grid-x\">\n<p>Pour refuser un virement, cliquez sur le lien inclus dans l\u2019avis de Virement&nbsp;<em>Interac<\/em>. En suivant les directives et les messages, ouvrez une session des services bancaires en ligne ou mobiles. Si vous ne pouvez pas cliquer sur le lien, tapez-le dans votre navigateur ou faites un copier-coller. Vous devrez r\u00e9pondre correctement \u00e0 une question de s\u00e9curit\u00e9 associ\u00e9e au virement et vous aurez ensuite le choix de refuser le virement.<\/p>\n<\/div><\/div>\n\n<div class=\"grid-container\"><div class=\"grid-x\">\n<p>Si vous n\u2019\u00eates pas inscrit aux services bancaires en ligne aupr\u00e8s de l\u2019une des institutions financi\u00e8res participantes, nous vous sugg\u00e9rons de communiquer avec l\u2019exp\u00e9diteur pour l\u2019informer que vous n\u2019avez pas l\u2019intention d\u2019accepter le virement. L\u2019exp\u00e9diteur a alors le choix d\u2019annuler le virement et de r\u00e9cup\u00e9rer les fonds.<\/p>\n<\/div><\/div>\n\n<div class=\"grid-container\"><div class=\"grid-x\">\n<p>Si vous n\u2019acceptez pas le virement dans un d\u00e9lai de 30&nbsp;jours, l\u2019exp\u00e9diteur recevra un avis l\u2019informant que le virement est \u00e9chu ainsi que des directives sur la fa\u00e7on de r\u00e9cup\u00e9rer les fonds.<\/p>\n<\/div><\/div>\n\n<div class=\"grid-container\"><div class=\"grid-x\">\n<p>Remarque&nbsp;: Un refus est irr\u00e9versible. Lorsque vous refusez une transaction Virement&nbsp;<em>Interac<\/em>, l\u2019exp\u00e9diteur recevra un avis indiquant que vous avez choisi de refuser le virement. Le syst\u00e8me demandera \u00e0 l\u2019exp\u00e9diteur de red\u00e9poser les fonds dans son compte bancaire. Vous pouvez inclure un message optionnel \u00e0 l\u2019intention de l\u2019exp\u00e9diteur lui expliquant la raison de votre refus de la transaction Virement&nbsp;<em>Interac<\/em>.<\/p>\n<\/div><\/div>\n\n<div class=\"grid-container\"><div class=\"grid-x\">\n<div style=\"height:50px\" aria-hidden=\"true\" class=\"wp-block-spacer\"><\/div>\n<\/div><\/div>\n\n<div class=\"grid-container\"><div class=\"grid-x\">\n<h3 class=\"wp-block-heading\">Num\u00e9ro de r\u00e9f\u00e9rence<\/h3>\n<\/div><\/div>\n\n<div class=\"grid-container\"><div class=\"grid-x\">\n<p>Un num\u00e9ro de r\u00e9f\u00e9rence unique est cr\u00e9\u00e9 pour chaque transaction Virement&nbsp;<em>Interac<\/em> et sert \u00e0 identifier et \u00e0 faire le suivi des virements individuels. Si vous avez besoin de communiquer avec le Service \u00e0 la client\u00e8le, veuillez avoir ce num\u00e9ro \u00e0 port\u00e9e de la main pour que votre virement soit identifi\u00e9 plus rapidement dans notre syst\u00e8me.<\/p>\n<\/div><\/div>\n\n<div class=\"grid-container\"><div class=\"grid-x\">\n<div style=\"height:50px\" aria-hidden=\"true\" class=\"wp-block-spacer\"><\/div>\n<\/div><\/div>\n\n<div class=\"grid-container\"><div class=\"grid-x\">\n<h3 class=\"wp-block-heading\">Politique de protection<\/h3>\n<\/div><\/div>\n\n<div class=\"grid-container\"><div class=\"grid-x\">\n<p>Notre Politique de confidentialit\u00e9 vous informe de notre engagement envers vous et de notre politique sur la vie priv\u00e9e. Elle vous informe des moyens que nous prenons pour assurer la confidentialit\u00e9 de vos renseignements. Pour revoir le texte int\u00e9gral de notre Politique de confidentialit\u00e9, <a href=\"https:\/\/www.interac.ca\/fr\/politique-de-confidentialite-de-virement-interac\/\">cliquez ici<\/a>.<\/p>\n<\/div><\/div>\n\n<div class=\"grid-container\"><div class=\"grid-x\">\n<div style=\"height:100px\" aria-hidden=\"true\" class=\"wp-block-spacer\"><\/div>\n<\/div><\/div>","protected":false},"excerpt":{"rendered":"<p>Frais Si vous choisissez de d\u00e9poser les fonds d\u2019une transaction Virement&nbsp;Interac en ligne aupr\u00e8s d\u2019une institution financi\u00e8re participante, il n\u2019y a pas de frais. Cependant, toute institution bancaire peut changer ses plans de service et sa structure tarifaire en tout temps. Veuillez communiquer avec votre banque ou coop\u00e9rative de cr\u00e9dit pour obtenir de plus amples&hellip;<\/p>\n","protected":false},"author":1,"featured_media":0,"parent":0,"menu_order":0,"comment_status":"closed","ping_status":"closed","template":"","meta":{"_acf_changed":false,"footnotes":""},"class_list":["post-4465","page","type-page","status-publish","hentry"],"acf":[],"yoast_head":"<!-- This site is optimized with the Yoast SEO Premium plugin v27.2 (Yoast SEO v27.2) - https:\/\/yoast.com\/product\/yoast-seo-premium-wordpress\/ -->\n<title>Virement INTERAC Centre D\u2019aide - Interac<\/title>\n<meta name=\"robots\" content=\"index, follow, max-snippet:-1, max-image-preview:large, max-video-preview:-1\" \/>\n<link rel=\"canonical\" href=\"https:\/\/www.interac.ca\/fr\/virement-interac-centre-daide\/\" \/>\n<meta property=\"og:locale\" content=\"fr_CA\" \/>\n<meta property=\"og:type\" content=\"article\" \/>\n<meta property=\"og:title\" content=\"Virement INTERAC Centre D\u2019aide\" \/>\n<meta property=\"og:description\" content=\"Frais Si vous choisissez de d\u00e9poser les fonds d\u2019une transaction Virement&nbsp;Interac en ligne aupr\u00e8s d\u2019une institution financi\u00e8re participante, il n\u2019y a\" \/>\n<meta property=\"og:url\" content=\"https:\/\/www.interac.ca\/fr\/virement-interac-centre-daide\/\" \/>\n<meta property=\"og:site_name\" content=\"Interac\" \/>\n<meta property=\"article:publisher\" content=\"https:\/\/www.facebook.com\/interac\" \/>\n<meta property=\"article:modified_time\" content=\"2021-03-22T14:09:20+00:00\" \/>\n<meta name=\"twitter:card\" content=\"summary_large_image\" \/>\n<meta name=\"twitter:site\" content=\"@interac\" \/>\n<meta name=\"twitter:label1\" content=\"Estimation du temps de lecture\" \/>\n\t<meta name=\"twitter:data1\" content=\"5 minutes\" \/>\n<script type=\"application\/ld+json\" class=\"yoast-schema-graph\">{\"@context\":\"https:\/\/schema.org\",\"@graph\":[{\"@type\":\"WebPage\",\"@id\":\"https:\/\/www.interac.ca\/fr\/virement-interac-centre-daide\/\",\"url\":\"https:\/\/www.interac.ca\/fr\/virement-interac-centre-daide\/\",\"name\":\"Virement INTERAC Centre D\u2019aide - Interac\",\"isPartOf\":{\"@id\":\"https:\/\/www.interac.ca\/fr\/#website\"},\"datePublished\":\"2020-01-07T03:10:55+00:00\",\"dateModified\":\"2021-03-22T14:09:20+00:00\",\"breadcrumb\":{\"@id\":\"https:\/\/www.interac.ca\/fr\/virement-interac-centre-daide\/#breadcrumb\"},\"inLanguage\":\"fr-CA\",\"potentialAction\":[{\"@type\":\"ReadAction\",\"target\":[\"https:\/\/www.interac.ca\/fr\/virement-interac-centre-daide\/\"]}]},{\"@type\":\"BreadcrumbList\",\"@id\":\"https:\/\/www.interac.ca\/fr\/virement-interac-centre-daide\/#breadcrumb\",\"itemListElement\":[{\"@type\":\"ListItem\",\"position\":1,\"name\":\"Accueil\",\"item\":\"https:\/\/www.interac.ca\/fr\/\"},{\"@type\":\"ListItem\",\"position\":2,\"name\":\"Virement INTERAC Centre D\u2019aide\"}]},{\"@type\":\"WebSite\",\"@id\":\"https:\/\/www.interac.ca\/fr\/#website\",\"url\":\"https:\/\/www.interac.ca\/fr\/\",\"name\":\"Interac\",\"description\":\"\",\"publisher\":{\"@id\":\"https:\/\/www.interac.ca\/fr\/#organization\"},\"potentialAction\":[{\"@type\":\"SearchAction\",\"target\":{\"@type\":\"EntryPoint\",\"urlTemplate\":\"https:\/\/www.interac.ca\/fr\/?s={search_term_string}\"},\"query-input\":{\"@type\":\"PropertyValueSpecification\",\"valueRequired\":true,\"valueName\":\"search_term_string\"}}],\"inLanguage\":\"fr-CA\"},{\"@type\":\"Organization\",\"@id\":\"https:\/\/www.interac.ca\/fr\/#organization\",\"name\":\"Interac Corp.\",\"url\":\"https:\/\/www.interac.ca\/fr\/\",\"logo\":{\"@type\":\"ImageObject\",\"inLanguage\":\"fr-CA\",\"@id\":\"https:\/\/www.interac.ca\/fr\/#\/schema\/logo\/image\/\",\"url\":\"https:\/\/www.interac.ca\/wp-content\/uploads\/2022\/03\/Interac_Two-Colour_RGB.png\",\"contentUrl\":\"https:\/\/www.interac.ca\/wp-content\/uploads\/2022\/03\/Interac_Two-Colour_RGB.png\",\"width\":2210,\"height\":2210,\"caption\":\"Interac Corp.\"},\"image\":{\"@id\":\"https:\/\/www.interac.ca\/fr\/#\/schema\/logo\/image\/\"},\"sameAs\":[\"https:\/\/www.facebook.com\/interac\",\"https:\/\/x.com\/interac\",\"https:\/\/www.instagram.com\/interac\/\",\"https:\/\/www.linkedin.com\/company\/interac-corp\/\",\"https:\/\/www.youtube.com\/user\/InteracBrand\"]}]}<\/script>\n<!-- \/ Yoast SEO Premium plugin. -->","yoast_head_json":{"title":"Virement INTERAC Centre D\u2019aide - Interac","robots":{"index":"index","follow":"follow","max-snippet":"max-snippet:-1","max-image-preview":"max-image-preview:large","max-video-preview":"max-video-preview:-1"},"canonical":"https:\/\/www.interac.ca\/fr\/virement-interac-centre-daide\/","og_locale":"fr_CA","og_type":"article","og_title":"Virement INTERAC Centre D\u2019aide","og_description":"Frais Si vous choisissez de d\u00e9poser les fonds d\u2019une transaction Virement&nbsp;Interac en ligne aupr\u00e8s d\u2019une institution financi\u00e8re participante, il n\u2019y a","og_url":"https:\/\/www.interac.ca\/fr\/virement-interac-centre-daide\/","og_site_name":"Interac","article_publisher":"https:\/\/www.facebook.com\/interac","article_modified_time":"2021-03-22T14:09:20+00:00","twitter_card":"summary_large_image","twitter_site":"@interac","twitter_misc":{"Estimation du temps de lecture":"5 minutes"},"schema":{"@context":"https:\/\/schema.org","@graph":[{"@type":"WebPage","@id":"https:\/\/www.interac.ca\/fr\/virement-interac-centre-daide\/","url":"https:\/\/www.interac.ca\/fr\/virement-interac-centre-daide\/","name":"Virement INTERAC Centre D\u2019aide - Interac","isPartOf":{"@id":"https:\/\/www.interac.ca\/fr\/#website"},"datePublished":"2020-01-07T03:10:55+00:00","dateModified":"2021-03-22T14:09:20+00:00","breadcrumb":{"@id":"https:\/\/www.interac.ca\/fr\/virement-interac-centre-daide\/#breadcrumb"},"inLanguage":"fr-CA","potentialAction":[{"@type":"ReadAction","target":["https:\/\/www.interac.ca\/fr\/virement-interac-centre-daide\/"]}]},{"@type":"BreadcrumbList","@id":"https:\/\/www.interac.ca\/fr\/virement-interac-centre-daide\/#breadcrumb","itemListElement":[{"@type":"ListItem","position":1,"name":"Accueil","item":"https:\/\/www.interac.ca\/fr\/"},{"@type":"ListItem","position":2,"name":"Virement INTERAC Centre D\u2019aide"}]},{"@type":"WebSite","@id":"https:\/\/www.interac.ca\/fr\/#website","url":"https:\/\/www.interac.ca\/fr\/","name":"Interac","description":"","publisher":{"@id":"https:\/\/www.interac.ca\/fr\/#organization"},"potentialAction":[{"@type":"SearchAction","target":{"@type":"EntryPoint","urlTemplate":"https:\/\/www.interac.ca\/fr\/?s={search_term_string}"},"query-input":{"@type":"PropertyValueSpecification","valueRequired":true,"valueName":"search_term_string"}}],"inLanguage":"fr-CA"},{"@type":"Organization","@id":"https:\/\/www.interac.ca\/fr\/#organization","name":"Interac Corp.","url":"https:\/\/www.interac.ca\/fr\/","logo":{"@type":"ImageObject","inLanguage":"fr-CA","@id":"https:\/\/www.interac.ca\/fr\/#\/schema\/logo\/image\/","url":"https:\/\/www.interac.ca\/wp-content\/uploads\/2022\/03\/Interac_Two-Colour_RGB.png","contentUrl":"https:\/\/www.interac.ca\/wp-content\/uploads\/2022\/03\/Interac_Two-Colour_RGB.png","width":2210,"height":2210,"caption":"Interac Corp."},"image":{"@id":"https:\/\/www.interac.ca\/fr\/#\/schema\/logo\/image\/"},"sameAs":["https:\/\/www.facebook.com\/interac","https:\/\/x.com\/interac","https:\/\/www.instagram.com\/interac\/","https:\/\/www.linkedin.com\/company\/interac-corp\/","https:\/\/www.youtube.com\/user\/InteracBrand"]}]}},"featured_image_src":"https:\/\/www.interac.ca\/wp-includes\/images\/media\/default.svg","_links":{"self":[{"href":"https:\/\/www.interac.ca\/fr\/wp-json\/wp\/v2\/pages\/4465","targetHints":{"allow":["GET"]}}],"collection":[{"href":"https:\/\/www.interac.ca\/fr\/wp-json\/wp\/v2\/pages"}],"about":[{"href":"https:\/\/www.interac.ca\/fr\/wp-json\/wp\/v2\/types\/page"}],"author":[{"embeddable":true,"href":"https:\/\/www.interac.ca\/fr\/wp-json\/wp\/v2\/users\/1"}],"replies":[{"embeddable":true,"href":"https:\/\/www.interac.ca\/fr\/wp-json\/wp\/v2\/comments?post=4465"}],"version-history":[{"count":0,"href":"https:\/\/www.interac.ca\/fr\/wp-json\/wp\/v2\/pages\/4465\/revisions"}],"wp:attachment":[{"href":"https:\/\/www.interac.ca\/fr\/wp-json\/wp\/v2\/media?parent=4465"}],"curies":[{"name":"wp","href":"https:\/\/api.w.org\/{rel}","templated":true}]}}