{"id":143926,"date":"2023-10-12T14:24:04","date_gmt":"2023-10-12T18:24:04","guid":{"rendered":"https:\/\/interac1.wpengine.com\/?page_id=143926"},"modified":"2025-07-30T13:02:36","modified_gmt":"2025-07-30T17:02:36","slug":"appel-de-candidatures","status":"publish","type":"page","link":"https:\/\/www.interac.ca\/fr\/contenu\/appel-de-candidatures\/","title":{"rendered":"Appel de candidatures"},"content":{"rendered":"<section id=\"t4-hero-block_b0c6d4020a3da5d693216e3ed4548693\" class=\"block-t4-hero\" style=\"margin-top: 0px; margin-bottom: 100px; padding-top: px; padding-bottom: px;\">\n    <div class=\"grid-container\">\n        <div class=\"grid-x align-center align-middle\">\n            <div class=\"cell small-12 hero-title\">\n                <h1>Appel de candidatures pour le Conseil des jeunes d&rsquo;Interac<\/h1>\n            <\/div>\n                                <\/div>\n    <\/div>\n<\/section>\n\n<div class=\"grid-container\"><div class=\"grid-x align-center\"><div class=\"small-12 medium-8\">\n<p class=\"has-text-align-center center has-medium-font-size\">Nous sommes ravis d\u2019annoncer la poursuite de notre initiative Conseil des jeunes d\u2019Interac en 2026! Le Conseil des jeunes agit \u00e0 titre d\u2019organisme consultatif et de repr\u00e9sentation charg\u00e9 de consulter, de conseiller et d\u2019informer Interac sur les initiatives strat\u00e9giques visant \u00e0 s\u2019assurer que nos produits et nos solutions num\u00e9riques r\u00e9pondent aux besoins diversifi\u00e9s des futurs dirigeants du Canada. En vous joignant au Conseil des jeunes d\u2019Interac, vous pouvez aider les Canadiens \u00e0 se prendre en main et contribuer \u00e0 la prochaine innovation au Canada.<\/p>\n<\/div><\/div><\/div>\n\n<div class=\"grid-container\"><div class=\"grid-x align-center\"><div class=\"small-12 medium-8\">\n<p class=\"has-text-align-center center has-medium-font-size\">Vous repr\u00e9senterez et d\u00e9fendrez les int\u00e9r\u00eats des jeunes Canadiens afin que nous puissions faire progresser l\u2019\u00e9cosyst\u00e8me des technologies financi\u00e8res du pays.<\/p>\n<\/div><\/div><\/div>\n\n<div class=\"grid-container\"><div class=\"grid-x\">\n<div style=\"height:50px\" aria-hidden=\"true\" class=\"wp-block-spacer\"><\/div>\n<\/div><\/div>\n\n<div class=\"grid-container\"><div class=\"grid-x align-center\"><div class=\"small-12 medium-8\">\n<p class=\"center\"><strong><strong>Admissibilit\u00e9 :<\/strong><\/strong><\/p>\n<\/div><\/div><\/div>\n\n<div class=\"grid-container\"><div class=\"grid-x align-center\"><div class=\"small-12 medium-8\">\n<ul class=\"wp-block-list center\">\n<li>Vous \u00eates un jeune de 16 \u00e0 24 ans?<\/li>\n\n\n\n<li>Avez-vous h\u00e2te de changer les choses?<\/li>\n\n\n\n<li>Vous voulez collaborer avec des pairs aux vues similaires et contribuer \u00e0 la croissance de la plus importante organisation de technologies financi\u00e8res du Canada?<\/li>\n<\/ul>\n<\/div><\/div><\/div>\n\n<div class=\"grid-container\"><div class=\"grid-x align-center\"><div class=\"small-12 medium-8\">\n<p class=\"center\">Pr\u00e9sentez votre candidature aujourd\u2019hui pour cette occasion excitante de travailler avec d\u2019autres jeunes qui sont pr\u00eats \u00e0 accomplir de grandes choses, tout en collaborant avec des dirigeants en technologie financi\u00e8re dans un environnement dynamique et stimulant.<\/p>\n<\/div><\/div><\/div>\n\n<div class=\"grid-container\"><div class=\"grid-x align-center\"><div class=\"small-12 medium-8\">\n<p class=\"center\">La date limite pour pr\u00e9senter sa candidature au Conseil des jeunes d&rsquo;Interac est le 22 ao\u00fbt 2025. Voter mandat s\u2019\u00e9tendra de septembre 2025 \u00e0 ao\u00fbt 2026.<\/p>\n<\/div><\/div><\/div>\n\n<div class=\"grid-container\"><div class=\"grid-x align-center\"><div class=\"small-12 medium-8\">\n<p class=\"center\"><strong><strong>Qu\u2019attend-on d\u2019un membre du Conseil des jeunes d&rsquo;Interac?<\/strong><\/strong><\/p>\n<\/div><\/div><\/div>\n\n<div class=\"grid-container\"><div class=\"grid-x align-center\"><div class=\"small-12 medium-8\">\n<ul class=\"wp-block-list center\">\n<li>Pr\u00e9voyez de 4 \u00e0 6 r\u00e9unions par ann\u00e9e portant sur des sujets strat\u00e9giques auxquels vous pouvez contribuer.<\/li>\n\n\n\n<li>Adoptez un mod\u00e8le hybride vous permettant de contribuer aux discussions, aux projets et aux r\u00e9unions en personne et virtuellement.<\/li>\n\n\n\n<li>D\u00e9veloppez vos comp\u00e9tences en leadership en prenant en charge des projets, en dirigeant des groupes de travail et en repr\u00e9sentant le Conseil des jeunes.<\/li>\n\n\n\n<li>Travaillez aux c\u00f4t\u00e9s d\u2019une \u00e9quipe dynamique form\u00e9e de personnes talentueuses qui partagent votre passion pour la r\u00e9alisation de changements positifs.<\/li>\n\n\n\n<li>Faites partie d\u2019un environnement accueillant et inclusif qui valorise vos points de vue et vos exp\u00e9riences uniques et qui encourage le dialogue ouvert, la collaboration et la cr\u00e9ativit\u00e9.<\/li>\n\n\n\n<li>Perfectionnez vos comp\u00e9tences dans des domaines comme la gestion de projets, la planification strat\u00e9gique, l\u2019art de parler en public et le travail d\u2019\u00e9quipe gr\u00e2ce \u00e0 une exp\u00e9rience pratique et \u00e0 une formation cibl\u00e9e.<\/li>\n\n\n\n<li>Faites entendre votre voix et collaborez \u00e0 des initiatives qui peuvent influencer directement l\u2019orientation future d\u2019Interac et fa\u00e7onner l\u2019\u00e9conomie num\u00e9rique canadienne.<\/li>\n<\/ul>\n<\/div><\/div><\/div>\n\n<div class=\"grid-container\"><div class=\"grid-x align-center\"><div class=\"small-12 medium-8\">\n<p class=\"center\"><strong><strong><strong>Quels avantages amusants obtenez-vous en tant que membre du Conseil des jeunes d\u2019Interac?<\/strong><\/strong><\/strong><\/p>\n<\/div><\/div><\/div>\n\n<div class=\"grid-container\"><div class=\"grid-x align-center\"><div class=\"small-12 medium-8\">\n<ul class=\"wp-block-list center\">\n<li>\u00c9largissez votre r\u00e9seau professionnel en \u00e9tablissant des relations avec des experts du secteur, des hauts dirigeants et d\u2019autres membres du Conseil des jeunes qui peuvent vous aider \u00e0 fa\u00e7onner votre carri\u00e8re.<\/li>\n\n\n\n<li>Obtenez un acc\u00e8s exclusif \u00e0 des ateliers, \u00e0 des programmes de mentorat et \u00e0 des s\u00e9ances de formation con\u00e7us pour am\u00e9liorer vos comp\u00e9tences en leadership, en communication et en r\u00e9solution de probl\u00e8mes.<\/li>\n\n\n\n<li>Restez \u00e0 l\u2019avant-garde de l\u2019innovation et obtenez des renseignements sur les tendances \u00e9mergentes du secteur des technologies financi\u00e8res gr\u00e2ce aux pr\u00e9sentations, aux \u00e9v\u00e9nements et aux conf\u00e9renciers d\u2019Interac.<\/li>\n\n\n\n<li>Profitez d\u2019une occasion unique de visiter notre bureau de la rue Bay, situ\u00e9 au c\u0153ur du quartier financier de Toronto.<\/li>\n\n\n\n<li>Obtenez une reconnaissance pour votre contribution dans des billets de blogue, des articles et plus encore.<\/li>\n\n\n\n<li>Honoraires de 50 $ par engagement trimestriel, qui peuvent comprendre : des cartes-cadeaux, des articles promotionnels Interac et d\u2019autres r\u00e9compenses et avantages amusants!<\/li>\n<\/ul>\n<\/div><\/div><\/div>\n\n<div class=\"grid-container\"><div class=\"grid-x align-center\"><div class=\"small-12 medium-8\">\n<p class=\"center\">Cliquez ici pour en savoir plus sur la fa\u00e7on dont Interac appuie le d\u00e9veloppement des jeunes par des <a href=\"https:\/\/www.interac.ca\/fr\/?post_type=content&#038;p=146843\">occasions<\/a> de <a href=\"https:\/\/www.interac.ca\/fr\/contenu\/travailler-chez-interac\/comment-interac-soutient-les-futurs-leaders-en-encourageant-un-mentorat-attentif\/\">mentorat<\/a> et son partenariat avec la <a href=\"https:\/\/www.youtube.com\/watch?v=nsfd-HxYp3g\">Knowledge Society<\/a>.<\/p>\n<\/div><\/div><\/div>\n\n<div class=\"grid-container\"><div class=\"grid-x align-center\"><div class=\"small-12 medium-8\">\n<p class=\"center\">Joignez-vous \u00e0 nous pour fa\u00e7onner l\u2019avenir d\u2019Interac Corp. et du paysage canadien des technologies financi\u00e8res en vous inscrivant \u00e0 notre Conseil des jeunes. Ensemble, changeons les choses, favorisons l\u2019innovation et assurons un meilleur avenir financier pour les Canadiens.<\/p>\n<\/div><\/div><\/div>\n\n\n\n\t<section id=\"single-cta-block_1fed9a2e3a46acf20b0e9fefb09a4b35\" class=\"single-cta rounded\" style=\"background-color: #f0b51c; margin-top: 50px; margin-bottom: 0px; padding-top: 50px; padding-bottom: 50px;\">\n\n\t<div class=\"overlay\">\n\t\t<div class=\"grid-container\">\n\t\t\t<div class=\"grid-x grid-padding-x align-middle align-center text-center\">\n\t\t\t\t\t\t\t\t\t<span class=\"jumbo-text\" style=\"color: rgba(255, 255, 255, 0.3);\"><\/span>\n\t\t\t\t\t\t\t\t\t<div class=\"cell small-12 medium-6 large-5\">\n\t\t\t\t\t\t\t\t\t\t\t\t\t\t\t\t\t\t<h2 class=\"block-title\" style=\"color: #222222;\">Comment pr\u00e9senter sa candidature<\/h2>\n\t\t\t\t\t\t\t\t\t\t\t\t\t<div class=\"lead-text\">\n\t\t\t\t\t\t\t\t<p style=\"color: #222222;\">Les personnes qui souhaitent pr\u00e9senter leur candidature au Conseil des jeunes d\u2019Interac peuvent le faire en cliquant ci-dessous. La date limite de pr\u00e9sentation des candidatures est le 22 ao\u00fbt 2025.<br \/ ><br \/>Nous recherchons une repr\u00e9sentation diversifi\u00e9e de partout au Canada et nous encourageons tous les jeunes qui r\u00e9pondent aux crit\u00e8res d\u2019admissibilit\u00e9 \u00e0 pr\u00e9senter leur candidature.<br \/><br \/>Si vous \u00eates s\u00e9lectionn\u00e9, un membre de l\u2019\u00e9quipe Interac communiquera avec vous au sujet des prochaines \u00e9tapes.<\/p>\n\t\t\t\t\t\t\t<\/div>\n\t\t\t\t\t\t\t\t\t\t\t\t\t\t\t\t\t\t\t\t<a class=\"button-dark\" href=\"https:\/\/forms.office.com\/r\/bhUAtZYBbs\" aria-label=\"Apply Here\">Pr\u00e9sentez votre candidature ici<\/a> \n\t\t\t\t\t\t\t\t\t\t\t<\/div>\n\t\t\t<\/div>\n\t\t<\/div>\n\t<\/div>\n<\/section>","protected":false},"excerpt":{"rendered":"<p>Nous sommes ravis d\u2019annoncer la poursuite de notre initiative Conseil des jeunes d\u2019Interac en 2026! Le Conseil des jeunes agit \u00e0 titre d\u2019organisme consultatif et de repr\u00e9sentation charg\u00e9 de consulter, de conseiller et d\u2019informer Interac sur les initiatives strat\u00e9giques visant \u00e0 s\u2019assurer que nos produits et nos solutions num\u00e9riques r\u00e9pondent aux besoins diversifi\u00e9s des futurs&hellip;<\/p>\n","protected":false},"author":1,"featured_media":0,"parent":78331,"menu_order":0,"comment_status":"closed","ping_status":"closed","template":"","meta":{"_acf_changed":false,"footnotes":""},"class_list":["post-143926","page","type-page","status-publish","hentry"],"acf":[],"yoast_head":"<!-- This site is optimized with the Yoast SEO Premium plugin v27.2 (Yoast SEO v27.2) - https:\/\/yoast.com\/product\/yoast-seo-premium-wordpress\/ -->\n<title>Appel de candidatures - Interac<\/title>\n<meta name=\"robots\" content=\"index, follow, max-snippet:-1, max-image-preview:large, max-video-preview:-1\" \/>\n<link rel=\"canonical\" href=\"https:\/\/www.interac.ca\/fr\/contenu\/appel-de-candidatures\/\" \/>\n<meta property=\"og:locale\" content=\"fr_CA\" \/>\n<meta property=\"og:type\" content=\"article\" \/>\n<meta property=\"og:title\" content=\"Appel de candidatures\" \/>\n<meta property=\"og:description\" content=\"Nous sommes ravis d\u2019annoncer la poursuite de notre initiative Conseil des jeunes d\u2019Interac en 2026! Le Conseil des jeunes agit \u00e0 titre d\u2019organisme\" \/>\n<meta property=\"og:url\" content=\"https:\/\/www.interac.ca\/fr\/contenu\/appel-de-candidatures\/\" \/>\n<meta property=\"og:site_name\" content=\"Interac\" \/>\n<meta property=\"article:publisher\" content=\"https:\/\/www.facebook.com\/interac\" \/>\n<meta property=\"article:modified_time\" content=\"2025-07-30T17:02:36+00:00\" \/>\n<meta name=\"twitter:card\" content=\"summary_large_image\" \/>\n<meta name=\"twitter:site\" content=\"@interac\" \/>\n<meta name=\"twitter:label1\" content=\"Estimation du temps de lecture\" \/>\n\t<meta name=\"twitter:data1\" content=\"3 minutes\" \/>\n<script type=\"application\/ld+json\" class=\"yoast-schema-graph\">{\"@context\":\"https:\/\/schema.org\",\"@graph\":[{\"@type\":\"WebPage\",\"@id\":\"https:\/\/www.interac.ca\/fr\/contenu\/appel-de-candidatures\/\",\"url\":\"https:\/\/www.interac.ca\/fr\/contenu\/appel-de-candidatures\/\",\"name\":\"Appel de candidatures - Interac\",\"isPartOf\":{\"@id\":\"https:\/\/www.interac.ca\/fr\/#website\"},\"datePublished\":\"2023-10-12T18:24:04+00:00\",\"dateModified\":\"2025-07-30T17:02:36+00:00\",\"breadcrumb\":{\"@id\":\"https:\/\/www.interac.ca\/fr\/contenu\/appel-de-candidatures\/#breadcrumb\"},\"inLanguage\":\"fr-CA\",\"potentialAction\":[{\"@type\":\"ReadAction\",\"target\":[\"https:\/\/www.interac.ca\/fr\/contenu\/appel-de-candidatures\/\"]}]},{\"@type\":\"BreadcrumbList\",\"@id\":\"https:\/\/www.interac.ca\/fr\/contenu\/appel-de-candidatures\/#breadcrumb\",\"itemListElement\":[{\"@type\":\"ListItem\",\"position\":1,\"name\":\"Accueil\",\"item\":\"https:\/\/www.interac.ca\/fr\/\"},{\"@type\":\"ListItem\",\"position\":2,\"name\":\"L\u2019Inter\u2019Actu\",\"item\":\"https:\/\/www.interac.ca\/fr\/contenu\/\"},{\"@type\":\"ListItem\",\"position\":3,\"name\":\"Appel de candidatures\"}]},{\"@type\":\"WebSite\",\"@id\":\"https:\/\/www.interac.ca\/fr\/#website\",\"url\":\"https:\/\/www.interac.ca\/fr\/\",\"name\":\"Interac\",\"description\":\"\",\"publisher\":{\"@id\":\"https:\/\/www.interac.ca\/fr\/#organization\"},\"potentialAction\":[{\"@type\":\"SearchAction\",\"target\":{\"@type\":\"EntryPoint\",\"urlTemplate\":\"https:\/\/www.interac.ca\/fr\/?s={search_term_string}\"},\"query-input\":{\"@type\":\"PropertyValueSpecification\",\"valueRequired\":true,\"valueName\":\"search_term_string\"}}],\"inLanguage\":\"fr-CA\"},{\"@type\":\"Organization\",\"@id\":\"https:\/\/www.interac.ca\/fr\/#organization\",\"name\":\"Interac Corp.\",\"url\":\"https:\/\/www.interac.ca\/fr\/\",\"logo\":{\"@type\":\"ImageObject\",\"inLanguage\":\"fr-CA\",\"@id\":\"https:\/\/www.interac.ca\/fr\/#\/schema\/logo\/image\/\",\"url\":\"https:\/\/www.interac.ca\/wp-content\/uploads\/2022\/03\/Interac_Two-Colour_RGB.png\",\"contentUrl\":\"https:\/\/www.interac.ca\/wp-content\/uploads\/2022\/03\/Interac_Two-Colour_RGB.png\",\"width\":2210,\"height\":2210,\"caption\":\"Interac Corp.\"},\"image\":{\"@id\":\"https:\/\/www.interac.ca\/fr\/#\/schema\/logo\/image\/\"},\"sameAs\":[\"https:\/\/www.facebook.com\/interac\",\"https:\/\/x.com\/interac\",\"https:\/\/www.instagram.com\/interac\/\",\"https:\/\/www.linkedin.com\/company\/interac-corp\/\",\"https:\/\/www.youtube.com\/user\/InteracBrand\"]}]}<\/script>\n<!-- \/ Yoast SEO Premium plugin. -->","yoast_head_json":{"title":"Appel de candidatures - Interac","robots":{"index":"index","follow":"follow","max-snippet":"max-snippet:-1","max-image-preview":"max-image-preview:large","max-video-preview":"max-video-preview:-1"},"canonical":"https:\/\/www.interac.ca\/fr\/contenu\/appel-de-candidatures\/","og_locale":"fr_CA","og_type":"article","og_title":"Appel de candidatures","og_description":"Nous sommes ravis d\u2019annoncer la poursuite de notre initiative Conseil des jeunes d\u2019Interac en 2026! Le Conseil des jeunes agit \u00e0 titre d\u2019organisme","og_url":"https:\/\/www.interac.ca\/fr\/contenu\/appel-de-candidatures\/","og_site_name":"Interac","article_publisher":"https:\/\/www.facebook.com\/interac","article_modified_time":"2025-07-30T17:02:36+00:00","twitter_card":"summary_large_image","twitter_site":"@interac","twitter_misc":{"Estimation du temps de lecture":"3 minutes"},"schema":{"@context":"https:\/\/schema.org","@graph":[{"@type":"WebPage","@id":"https:\/\/www.interac.ca\/fr\/contenu\/appel-de-candidatures\/","url":"https:\/\/www.interac.ca\/fr\/contenu\/appel-de-candidatures\/","name":"Appel de candidatures - Interac","isPartOf":{"@id":"https:\/\/www.interac.ca\/fr\/#website"},"datePublished":"2023-10-12T18:24:04+00:00","dateModified":"2025-07-30T17:02:36+00:00","breadcrumb":{"@id":"https:\/\/www.interac.ca\/fr\/contenu\/appel-de-candidatures\/#breadcrumb"},"inLanguage":"fr-CA","potentialAction":[{"@type":"ReadAction","target":["https:\/\/www.interac.ca\/fr\/contenu\/appel-de-candidatures\/"]}]},{"@type":"BreadcrumbList","@id":"https:\/\/www.interac.ca\/fr\/contenu\/appel-de-candidatures\/#breadcrumb","itemListElement":[{"@type":"ListItem","position":1,"name":"Accueil","item":"https:\/\/www.interac.ca\/fr\/"},{"@type":"ListItem","position":2,"name":"L\u2019Inter\u2019Actu","item":"https:\/\/www.interac.ca\/fr\/contenu\/"},{"@type":"ListItem","position":3,"name":"Appel de candidatures"}]},{"@type":"WebSite","@id":"https:\/\/www.interac.ca\/fr\/#website","url":"https:\/\/www.interac.ca\/fr\/","name":"Interac","description":"","publisher":{"@id":"https:\/\/www.interac.ca\/fr\/#organization"},"potentialAction":[{"@type":"SearchAction","target":{"@type":"EntryPoint","urlTemplate":"https:\/\/www.interac.ca\/fr\/?s={search_term_string}"},"query-input":{"@type":"PropertyValueSpecification","valueRequired":true,"valueName":"search_term_string"}}],"inLanguage":"fr-CA"},{"@type":"Organization","@id":"https:\/\/www.interac.ca\/fr\/#organization","name":"Interac Corp.","url":"https:\/\/www.interac.ca\/fr\/","logo":{"@type":"ImageObject","inLanguage":"fr-CA","@id":"https:\/\/www.interac.ca\/fr\/#\/schema\/logo\/image\/","url":"https:\/\/www.interac.ca\/wp-content\/uploads\/2022\/03\/Interac_Two-Colour_RGB.png","contentUrl":"https:\/\/www.interac.ca\/wp-content\/uploads\/2022\/03\/Interac_Two-Colour_RGB.png","width":2210,"height":2210,"caption":"Interac Corp."},"image":{"@id":"https:\/\/www.interac.ca\/fr\/#\/schema\/logo\/image\/"},"sameAs":["https:\/\/www.facebook.com\/interac","https:\/\/x.com\/interac","https:\/\/www.instagram.com\/interac\/","https:\/\/www.linkedin.com\/company\/interac-corp\/","https:\/\/www.youtube.com\/user\/InteracBrand"]}]}},"featured_image_src":"https:\/\/www.interac.ca\/wp-includes\/images\/media\/default.svg","_links":{"self":[{"href":"https:\/\/www.interac.ca\/fr\/wp-json\/wp\/v2\/pages\/143926","targetHints":{"allow":["GET"]}}],"collection":[{"href":"https:\/\/www.interac.ca\/fr\/wp-json\/wp\/v2\/pages"}],"about":[{"href":"https:\/\/www.interac.ca\/fr\/wp-json\/wp\/v2\/types\/page"}],"author":[{"embeddable":true,"href":"https:\/\/www.interac.ca\/fr\/wp-json\/wp\/v2\/users\/1"}],"replies":[{"embeddable":true,"href":"https:\/\/www.interac.ca\/fr\/wp-json\/wp\/v2\/comments?post=143926"}],"version-history":[{"count":0,"href":"https:\/\/www.interac.ca\/fr\/wp-json\/wp\/v2\/pages\/143926\/revisions"}],"up":[{"embeddable":true,"href":"https:\/\/www.interac.ca\/fr\/wp-json\/wp\/v2\/pages\/78331"}],"wp:attachment":[{"href":"https:\/\/www.interac.ca\/fr\/wp-json\/wp\/v2\/media?parent=143926"}],"curies":[{"name":"wp","href":"https:\/\/api.w.org\/{rel}","templated":true}]}}