{"id":143919,"date":"2023-10-12T14:15:54","date_gmt":"2023-10-12T18:15:54","guid":{"rendered":"https:\/\/interac1.wpengine.com\/?page_id=143919"},"modified":"2023-12-22T14:33:51","modified_gmt":"2023-12-22T19:33:51","slug":"le-conseil-des-jeunes-dinterac","status":"publish","type":"page","link":"https:\/\/www.interac.ca\/fr\/contenu\/le-conseil-des-jeunes-dinterac\/","title":{"rendered":"Le Conseil des jeunes d\u2019Interac"},"content":{"rendered":"<section id=\"t4-hero-block_a26659831552493713e98a4c88360f75\" class=\"block-t4-hero\" style=\"margin-top: 0px; margin-bottom: 100px; padding-top: px; padding-bottom: px;\">\n    <div class=\"grid-container\">\n        <div class=\"grid-x align-center align-middle\">\n            <div class=\"cell small-12 hero-title\">\n                <h1>Le Conseil des jeunes d&rsquo;Interac<\/h1>\n            <\/div>\n                                <\/div>\n    <\/div>\n<\/section>\n\n\n<section id=\"block-skywalker-block_de7344363a2cd6c5c7939bbc429c6794\" class=\"safe-area content-skywalker\" style=\"background-color:#efefef; margin-top: 0px; margin-bottom: 100px; padding-top: 50px; padding-bottom: 50px;\">\n    <style>\n                .content-skywalker h2 {\n            font-size: 36px;\n            padding: 0px;\n            line-height: 1.2;\n            }\n    <\/style>\n\n    <div class=\"grid-container\">\n        <div class=\"grid-x align-center\">\n            <div class=\"small-12 medium-8\">\n                                    <h2>Nous vous remercions de votre int\u00e9r\u00eat pour notre programme<\/h2>\n                                                    <p>Veuillez noter que la p\u00e9riode de candidature pour 2024 est officiellement termin\u00e9e. Nous vous invitons \u00e0 envisager de pr\u00e9senter votre candidature \u00e0 l\u2019avenir alors que nous poursuivons nos efforts pour cr\u00e9er des occasions enrichissantes pour le Conseil des jeunes d\u2019Interac. Merci de votre compr\u00e9hension et de votre soutien continu.<\/p>\n                            <\/div>\n        <\/div>\n    <\/div>\n<\/section>\n\n<div class=\"grid-container\"><div class=\"grid-x\">\n<p>Le Conseil des jeunes d\u2019Interac est un groupe de jeunes Canadiens (de 16 \u00e0 24\u00a0ans) qui fournissent des conseils pour informer Interac sur des enjeux qui comptent pour eux. Il s\u2019agit d\u2019un moyen d\u2019appuyer l\u2019engagement d\u2019Interac envers tous les Canadiens. Notre objectif est de donner aux futurs dirigeants l\u2019occasion d\u2019influencer les d\u00e9cisions qui touchent les Canadiens d\u2019un oc\u00e9an \u00e0 l\u2019autre.<\/p>\n<\/div><\/div>\n\n<div class=\"grid-container\"><div class=\"grid-x\">\n<ol class=\"wp-block-list\">\n<li>Amplifier votre voix&nbsp;: Au sein du Conseil des jeunes, vos opinions, vos id\u00e9es et vos points de vue seront entendus haut et fort.<\/li>\n\n\n\n<li>\u00a0Projets importants\u00a0: Vous voulez agir et cr\u00e9er un changement significatif? Avec nous, vous participerez \u00e0 des projets passionnants li\u00e9s \u00e0 des enjeux qui fa\u00e7onneront l\u2019avenir d\u2019Interac Corp. et du paysage canadien des technologies financi\u00e8res.<\/li>\n\n\n\n<li>R\u00e9seau&nbsp;: Joignez-vous \u00e0 un groupe dynamique de personnes unies pour changer les choses. Ensemble, nous rel\u00e8verons des d\u00e9fis et apprendrons les uns des autres.<\/li>\n\n\n\n<li>Am\u00e9lioration des comp\u00e9tences\u00a0: Am\u00e9liorez vos comp\u00e9tences en leadership, en communication, en r\u00e9seautage et en gestion de projets.<\/li>\n<\/ol>\n<\/div><\/div>\n\n<section id=\"newsletter-cta-block_1cf2dc261bf7e48a51e4b20edc4e2d7c\" class=\"newsletter-cta\" style=\"margin-top: 0px; margin-bottom: 0px; padding-top: 0px; padding-top: 0px; background-color:\">\n<style>\n#newsletter-cta-block_1cf2dc261bf7e48a51e4b20edc4e2d7c.newsletter-cta p {color: #292b31}\n#newsletter-cta-block_1cf2dc261bf7e48a51e4b20edc4e2d7c.newsletter-cta h3 {color: #292b31}\n<\/style>\n  <div class=\"grid-container \">\n    <div class=\"grid-x grid-padding-x align-middle\">\n      <div class=\"cell small-12 medium-6\">\n                                <script charset=\"utf-8\" type=\"text\/javascript\" src=\"\/\/js.hsforms.net\/forms\/embed\/v2.js\"><\/script>\r\n<script>\r\n  hbspt.forms.create({\r\n    region: \"na1\",\r\n    portalId: \"2712303\",\r\n    formId: \"0fa52d8b-0b22-4587-baa0-688fbb17b2ee\"\r\n  });\r\n<\/script>            <\/div>\n      <div class=\"cell small-12 medium-6\">\n              <\/div>\n    <\/div>\n  <\/div>\n<\/section>\n\n\n<section id=\"accordion-block_f537c24bc8ce8f721153543eba944599\" class=\"accordion-content-block\" style=\"margin-top: 0px; margin-bottom: 0px;\">\n    <div class=\"grid-container\">\n        <div class=\"grid-x grid-margin-x align-center\">\n            <div class=\"cell small-12\">\n                            <ul class=\"accordion\" data-accordion data-deep-link=\"false\" data-update-history=\"false\" data-deep-link-smudge=\"false\" data-deep-link-smudge-delay=\"500\" id=\"deeplinked-accordion\" data-allow-all-closed=\"true\">\n                                <li class=\"accordion-item\" data-accordion-item><a href=\"#\" class=\"accordion-title\"><h6>D\u00e9clarations volontaires<\/h6><\/a> <div id=\"\" class=\"accordion-content\" data-tab-content><ul>\n<li>D\u00e9claration indiquant que les candidats sont choisis sans \u00e9gard \u00e0 la race, \u00e0 la couleur, \u00e0 la religion, etc.\n<ul>\n<li>\u00ab\u00a0Les candidats sont \u00e9valu\u00e9s sans \u00e9gard \u00e0 la race, \u00e0 la couleur, \u00e0 la religion, \u00e0 l\u2019origine nationale, \u00e0 l\u2019\u00e2ge, au sexe, \u00e0 l\u2019identit\u00e9 de genre, \u00e0 l\u2019\u00e9tat matrimonial, \u00e0 l\u2019ascendance, au handicap physique ou \u00e0 l\u2019orientation sexuelle.\u00a0\u00bb<\/li>\n<\/ul>\n<\/li>\n<\/ul>\n<ul>\n<li><strong>D\u00e9claration concernant le consentement \u00e0 l\u2019information\u00a0: <\/strong><\/li>\n<\/ul>\n<p>Chez Interac Corp., une part importante de notre engagement envers vous est le respect de votre vie priv\u00e9e et la protection des renseignements personnels que vous nous confiez.<\/p>\n<p>En remplissant le pr\u00e9sent formulaire d\u2019inscription et en l\u2019envoyant \u00e0 Interac, vous consentez \u00e0 ce qu\u2019Interac recueille, utilise, divulgue et conserve certains de vos renseignements personnels dans le but d\u2019examiner et de d\u00e9terminer votre admissibilit\u00e9 et la pertinence de votre participation au Conseil des jeunes d\u2019Interac.<\/p>\n<ul>\n<li>Certains des renseignements de base recueillis \u00e0 la partie\u00a01 du pr\u00e9sent formulaire d\u2019inscription, soit votre pr\u00e9nom l\u00e9gal, votre nom de famille l\u00e9gal, vos pronoms, votre nom d\u2019usage (facultatif), votre adresse courriel, votre num\u00e9ro de t\u00e9l\u00e9phone et votre adresse;<\/li>\n<li>Tout autre renseignement personnel que vous avez communiqu\u00e9 \u00e0 Interac aux parties\u00a02 \u00e0\u00a04 du pr\u00e9sent formulaire d\u2019inscription (photos, vid\u00e9os, statut juridique, renseignements personnels communiqu\u00e9s en r\u00e9ponse aux questions ou dans votre CV, etc.).<\/li>\n<\/ul>\n<p><strong>Si votre candidature est retenue<\/strong>, Interac devra recueillir et utiliser certains de vos renseignements personnels pour administrer et ex\u00e9cuter le Conseil des jeunes d\u2019Interac. De plus amples renseignements seront fournis dans une lettre du Conseil des jeunes d\u2019Interac que vous devrez examiner et signer. Toutefois, veuillez noter ce qui suit\u00a0:<\/p>\n<ul>\n<li>Interac recueillera et utilisera les commentaires que vous fournirez dans le cadre du programme afin d\u2019ajouter \u00e0 ses exigences lors de la conception de nouveaux produits et services, de modifier des produits et services existants et d\u2019inclure ou de r\u00e9sumer des renseignements dans des documents.<\/li>\n<li>Sous r\u00e9serve de l\u2019obtention de votre consentement expr\u00e8s (ou de celui de votre parent ou tuteur, s\u2019il y a lieu), Interac peut recueillir des photographies, des entrevues, des vid\u00e9os et d\u2019autres images de vous \u00e0 des fins \u00e9ditoriales, commerciales, publicitaires, d\u2019affichage ou d\u2019exposition, y compris dans les publications et publicit\u00e9s Interac de toute nature et sous toute forme de m\u00e9dia. <em>Veuillez noter que si vous ne consentez pas \u00e0 ce qu\u2019Interac utilise vos photos, entrevues, vid\u00e9os et autres images aux fins susmentionn\u00e9es, vous pourrez quand m\u00eame participer au Conseil des jeunes d\u2019Interac, mais vous pourriez ne pas profiter pleinement des avantages du Conseil des jeunes d\u2019Interac (p.\u00a0ex., participation \u00e0 certaines parties d\u2019ateliers, de formations ou de programmes, publication de votre profil ou d\u2019articles sur notre site Web). <\/em><\/li>\n<\/ul>\n<p>Vous avez le droit d\u2019acc\u00e9der \u00e0 vos renseignements personnels et de les rectifier, sous r\u00e9serve de certaines exceptions requises et autoris\u00e9es en vertu des lois applicables. Vous pouvez communiquer directement avec Interac pour acc\u00e9der \u00e0 vos renseignements personnels ou les rectifier. Vous pouvez \u00e9galement retirer votre consentement \u00e0 ce que nous continuions d\u2019utiliser et de divulguer vos renseignements personnels en communiquant avec nous, sous r\u00e9serve des restrictions pr\u00e9vues par les lois applicables. Veuillez noter que le retrait du consentement ne sera pas r\u00e9troactif.<\/p>\n<p>Si vous avez des questions sur la fa\u00e7on dont Interac traite vos renseignements personnels, vous pouvez communiquer avec le Bureau de la protection des renseignements personnels d\u2019Interac \u00e0 l\u2019adresse <a href=\"mailto:privacy@interac.ca\">privacy@interac.ca<\/a>. Pour obtenir de plus amples renseignements, veuillez consulter notre <a href=\"https:\/\/www.interac.ca\/fr\/legal\/#interac-ca-privacy-policy\">avis de confidentialit\u00e9<\/a>.<\/p>\n<p>Interac s\u2019engage \u00e0 offrir un processus de s\u00e9lection inclusif. Si vous rencontrez des obstacles \u00e0 la pr\u00e9sentation de votre candidature en ligne ou si vous avez besoin de mesures d\u2019adaptation, veuillez \u00e9crire \u00e0 l\u2019adresse <a href=\"mailto:YouthCouncil@interac.ca\">YouthCouncil@interac.ca<\/a>. Tous les renseignements re\u00e7us relativement aux mesures d\u2019adaptation demeureront confidentiels et les demandes seront examin\u00e9es au cas par cas.<\/p>\n<p>&nbsp;<\/p>\n<p>&nbsp;<\/p>\n<p>&nbsp;<\/p>\n<\/div><\/li>                <\/ul>\n            <\/div>\n        <\/div>\n    <\/div>\n<\/section>\n\n<div class=\"grid-container\"><div class=\"grid-x\">\n<style>\nsection.newsletter-cta .grid-container .grid-x .cell.small-12.medium-6 { width:100%; };\n<\/style>\n<\/div><\/div>","protected":false},"excerpt":{"rendered":"<p>Le Conseil des jeunes d\u2019Interac est un groupe de jeunes Canadiens (de 16 \u00e0 24\u00a0ans) qui fournissent des conseils pour informer Interac sur des enjeux qui comptent pour eux. Il s\u2019agit d\u2019un moyen d\u2019appuyer l\u2019engagement d\u2019Interac envers tous les Canadiens. Notre objectif est de donner aux futurs dirigeants l\u2019occasion d\u2019influencer les d\u00e9cisions qui touchent les&hellip;<\/p>\n","protected":false},"author":1,"featured_media":0,"parent":78331,"menu_order":0,"comment_status":"closed","ping_status":"closed","template":"","meta":{"_acf_changed":false,"footnotes":""},"class_list":["post-143919","page","type-page","status-publish","hentry"],"acf":[],"yoast_head":"<!-- This site is optimized with the Yoast SEO Premium plugin v27.4 (Yoast SEO v27.4) - https:\/\/yoast.com\/product\/yoast-seo-premium-wordpress\/ -->\n<title>Le Conseil des jeunes d\u2019Interac - Interac<\/title>\n<meta name=\"robots\" content=\"index, follow, max-snippet:-1, max-image-preview:large, max-video-preview:-1\" \/>\n<link rel=\"canonical\" href=\"https:\/\/www.interac.ca\/fr\/contenu\/le-conseil-des-jeunes-dinterac\/\" \/>\n<meta property=\"og:locale\" content=\"fr_CA\" \/>\n<meta property=\"og:type\" content=\"article\" \/>\n<meta property=\"og:title\" content=\"Le Conseil des jeunes d\u2019Interac\" \/>\n<meta property=\"og:description\" content=\"Le Conseil des jeunes d\u2019Interac est un groupe de jeunes Canadiens (de 16 \u00e0 24\u00a0ans) qui fournissent des conseils pour informer Interac sur des enjeux qui\" \/>\n<meta property=\"og:url\" content=\"https:\/\/www.interac.ca\/fr\/contenu\/le-conseil-des-jeunes-dinterac\/\" \/>\n<meta property=\"og:site_name\" content=\"Interac\" \/>\n<meta property=\"article:publisher\" content=\"https:\/\/www.facebook.com\/interac\" \/>\n<meta property=\"article:modified_time\" content=\"2023-12-22T19:33:51+00:00\" \/>\n<meta name=\"twitter:card\" content=\"summary_large_image\" \/>\n<meta name=\"twitter:site\" content=\"@interac\" \/>\n<meta name=\"twitter:label1\" content=\"Estimation du temps de lecture\" \/>\n\t<meta name=\"twitter:data1\" content=\"1 minute\" \/>\n<script type=\"application\/ld+json\" class=\"yoast-schema-graph\">{\"@context\":\"https:\\\/\\\/schema.org\",\"@graph\":[{\"@type\":\"WebPage\",\"@id\":\"https:\\\/\\\/www.interac.ca\\\/fr\\\/contenu\\\/le-conseil-des-jeunes-dinterac\\\/\",\"url\":\"https:\\\/\\\/www.interac.ca\\\/fr\\\/contenu\\\/le-conseil-des-jeunes-dinterac\\\/\",\"name\":\"Le Conseil des jeunes d\u2019Interac - Interac\",\"isPartOf\":{\"@id\":\"https:\\\/\\\/www.interac.ca\\\/fr\\\/#website\"},\"datePublished\":\"2023-10-12T18:15:54+00:00\",\"dateModified\":\"2023-12-22T19:33:51+00:00\",\"breadcrumb\":{\"@id\":\"https:\\\/\\\/www.interac.ca\\\/fr\\\/contenu\\\/le-conseil-des-jeunes-dinterac\\\/#breadcrumb\"},\"inLanguage\":\"fr-CA\",\"potentialAction\":[{\"@type\":\"ReadAction\",\"target\":[\"https:\\\/\\\/www.interac.ca\\\/fr\\\/contenu\\\/le-conseil-des-jeunes-dinterac\\\/\"]}]},{\"@type\":\"BreadcrumbList\",\"@id\":\"https:\\\/\\\/www.interac.ca\\\/fr\\\/contenu\\\/le-conseil-des-jeunes-dinterac\\\/#breadcrumb\",\"itemListElement\":[{\"@type\":\"ListItem\",\"position\":1,\"name\":\"Accueil\",\"item\":\"https:\\\/\\\/www.interac.ca\\\/fr\\\/\"},{\"@type\":\"ListItem\",\"position\":2,\"name\":\"L\u2019Inter\u2019Actu\",\"item\":\"https:\\\/\\\/www.interac.ca\\\/fr\\\/contenu\\\/\"},{\"@type\":\"ListItem\",\"position\":3,\"name\":\"Le Conseil des jeunes d\u2019Interac\"}]},{\"@type\":\"WebSite\",\"@id\":\"https:\\\/\\\/www.interac.ca\\\/fr\\\/#website\",\"url\":\"https:\\\/\\\/www.interac.ca\\\/fr\\\/\",\"name\":\"Interac\",\"description\":\"\",\"publisher\":{\"@id\":\"https:\\\/\\\/www.interac.ca\\\/fr\\\/#organization\"},\"potentialAction\":[{\"@type\":\"SearchAction\",\"target\":{\"@type\":\"EntryPoint\",\"urlTemplate\":\"https:\\\/\\\/www.interac.ca\\\/fr\\\/?s={search_term_string}\"},\"query-input\":{\"@type\":\"PropertyValueSpecification\",\"valueRequired\":true,\"valueName\":\"search_term_string\"}}],\"inLanguage\":\"fr-CA\"},{\"@type\":\"Organization\",\"@id\":\"https:\\\/\\\/www.interac.ca\\\/fr\\\/#organization\",\"name\":\"Interac Corp.\",\"url\":\"https:\\\/\\\/www.interac.ca\\\/fr\\\/\",\"logo\":{\"@type\":\"ImageObject\",\"inLanguage\":\"fr-CA\",\"@id\":\"https:\\\/\\\/www.interac.ca\\\/fr\\\/#\\\/schema\\\/logo\\\/image\\\/\",\"url\":\"https:\\\/\\\/www.interac.ca\\\/wp-content\\\/uploads\\\/2022\\\/03\\\/Interac_Two-Colour_RGB.png\",\"contentUrl\":\"https:\\\/\\\/www.interac.ca\\\/wp-content\\\/uploads\\\/2022\\\/03\\\/Interac_Two-Colour_RGB.png\",\"width\":2210,\"height\":2210,\"caption\":\"Interac Corp.\"},\"image\":{\"@id\":\"https:\\\/\\\/www.interac.ca\\\/fr\\\/#\\\/schema\\\/logo\\\/image\\\/\"},\"sameAs\":[\"https:\\\/\\\/www.facebook.com\\\/interac\",\"https:\\\/\\\/x.com\\\/interac\",\"https:\\\/\\\/www.instagram.com\\\/interac\\\/\",\"https:\\\/\\\/www.linkedin.com\\\/company\\\/interac-corp\\\/\",\"https:\\\/\\\/www.youtube.com\\\/user\\\/InteracBrand\"]}]}<\/script>\n<!-- \/ Yoast SEO Premium plugin. -->","yoast_head_json":{"title":"Le Conseil des jeunes d\u2019Interac - Interac","robots":{"index":"index","follow":"follow","max-snippet":"max-snippet:-1","max-image-preview":"max-image-preview:large","max-video-preview":"max-video-preview:-1"},"canonical":"https:\/\/www.interac.ca\/fr\/contenu\/le-conseil-des-jeunes-dinterac\/","og_locale":"fr_CA","og_type":"article","og_title":"Le Conseil des jeunes d\u2019Interac","og_description":"Le Conseil des jeunes d\u2019Interac est un groupe de jeunes Canadiens (de 16 \u00e0 24\u00a0ans) qui fournissent des conseils pour informer Interac sur des enjeux qui","og_url":"https:\/\/www.interac.ca\/fr\/contenu\/le-conseil-des-jeunes-dinterac\/","og_site_name":"Interac","article_publisher":"https:\/\/www.facebook.com\/interac","article_modified_time":"2023-12-22T19:33:51+00:00","twitter_card":"summary_large_image","twitter_site":"@interac","twitter_misc":{"Estimation du temps de lecture":"1 minute"},"schema":{"@context":"https:\/\/schema.org","@graph":[{"@type":"WebPage","@id":"https:\/\/www.interac.ca\/fr\/contenu\/le-conseil-des-jeunes-dinterac\/","url":"https:\/\/www.interac.ca\/fr\/contenu\/le-conseil-des-jeunes-dinterac\/","name":"Le Conseil des jeunes d\u2019Interac - Interac","isPartOf":{"@id":"https:\/\/www.interac.ca\/fr\/#website"},"datePublished":"2023-10-12T18:15:54+00:00","dateModified":"2023-12-22T19:33:51+00:00","breadcrumb":{"@id":"https:\/\/www.interac.ca\/fr\/contenu\/le-conseil-des-jeunes-dinterac\/#breadcrumb"},"inLanguage":"fr-CA","potentialAction":[{"@type":"ReadAction","target":["https:\/\/www.interac.ca\/fr\/contenu\/le-conseil-des-jeunes-dinterac\/"]}]},{"@type":"BreadcrumbList","@id":"https:\/\/www.interac.ca\/fr\/contenu\/le-conseil-des-jeunes-dinterac\/#breadcrumb","itemListElement":[{"@type":"ListItem","position":1,"name":"Accueil","item":"https:\/\/www.interac.ca\/fr\/"},{"@type":"ListItem","position":2,"name":"L\u2019Inter\u2019Actu","item":"https:\/\/www.interac.ca\/fr\/contenu\/"},{"@type":"ListItem","position":3,"name":"Le Conseil des jeunes d\u2019Interac"}]},{"@type":"WebSite","@id":"https:\/\/www.interac.ca\/fr\/#website","url":"https:\/\/www.interac.ca\/fr\/","name":"Interac","description":"","publisher":{"@id":"https:\/\/www.interac.ca\/fr\/#organization"},"potentialAction":[{"@type":"SearchAction","target":{"@type":"EntryPoint","urlTemplate":"https:\/\/www.interac.ca\/fr\/?s={search_term_string}"},"query-input":{"@type":"PropertyValueSpecification","valueRequired":true,"valueName":"search_term_string"}}],"inLanguage":"fr-CA"},{"@type":"Organization","@id":"https:\/\/www.interac.ca\/fr\/#organization","name":"Interac Corp.","url":"https:\/\/www.interac.ca\/fr\/","logo":{"@type":"ImageObject","inLanguage":"fr-CA","@id":"https:\/\/www.interac.ca\/fr\/#\/schema\/logo\/image\/","url":"https:\/\/www.interac.ca\/wp-content\/uploads\/2022\/03\/Interac_Two-Colour_RGB.png","contentUrl":"https:\/\/www.interac.ca\/wp-content\/uploads\/2022\/03\/Interac_Two-Colour_RGB.png","width":2210,"height":2210,"caption":"Interac Corp."},"image":{"@id":"https:\/\/www.interac.ca\/fr\/#\/schema\/logo\/image\/"},"sameAs":["https:\/\/www.facebook.com\/interac","https:\/\/x.com\/interac","https:\/\/www.instagram.com\/interac\/","https:\/\/www.linkedin.com\/company\/interac-corp\/","https:\/\/www.youtube.com\/user\/InteracBrand"]}]}},"featured_image_src":"https:\/\/www.interac.ca\/wp-includes\/images\/media\/default.svg","_links":{"self":[{"href":"https:\/\/www.interac.ca\/fr\/wp-json\/wp\/v2\/pages\/143919","targetHints":{"allow":["GET"]}}],"collection":[{"href":"https:\/\/www.interac.ca\/fr\/wp-json\/wp\/v2\/pages"}],"about":[{"href":"https:\/\/www.interac.ca\/fr\/wp-json\/wp\/v2\/types\/page"}],"author":[{"embeddable":true,"href":"https:\/\/www.interac.ca\/fr\/wp-json\/wp\/v2\/users\/1"}],"replies":[{"embeddable":true,"href":"https:\/\/www.interac.ca\/fr\/wp-json\/wp\/v2\/comments?post=143919"}],"version-history":[{"count":0,"href":"https:\/\/www.interac.ca\/fr\/wp-json\/wp\/v2\/pages\/143919\/revisions"}],"up":[{"embeddable":true,"href":"https:\/\/www.interac.ca\/fr\/wp-json\/wp\/v2\/pages\/78331"}],"wp:attachment":[{"href":"https:\/\/www.interac.ca\/fr\/wp-json\/wp\/v2\/media?parent=143919"}],"curies":[{"name":"wp","href":"https:\/\/api.w.org\/{rel}","templated":true}]}}