{"id":114337,"date":"2023-05-09T08:06:00","date_gmt":"2023-05-09T12:06:00","guid":{"rendered":"https:\/\/interac1.wpengine.com\/?page_id=114337"},"modified":"2025-03-12T18:35:26","modified_gmt":"2025-03-12T22:35:26","slug":"chronologie-des-services-dauthentification-et-de-verification-numeriques-au-canada","status":"publish","type":"page","link":"https:\/\/www.interac.ca\/fr\/contenu\/chronologie-des-services-dauthentification-et-de-verification-numeriques-au-canada\/","title":{"rendered":"Chronologie des services d\u2019authentification et de v\u00e9rification num\u00e9riques au Canada"},"content":{"rendered":"","protected":false},"excerpt":{"rendered":"","protected":false},"author":41,"featured_media":114296,"parent":78331,"menu_order":0,"comment_status":"closed","ping_status":"closed","template":"views\/page-digital-verification-timeline.blade.php","meta":{"_acf_changed":true,"footnotes":""},"class_list":["post-114337","page","type-page","status-publish","has-post-thumbnail","hentry"],"acf":[],"yoast_head":"<!-- This site is optimized with the Yoast SEO Premium plugin v27.2 (Yoast SEO v27.2) - https:\/\/yoast.com\/product\/yoast-seo-premium-wordpress\/ -->\n<title>Chronologie des services d\u2019authentification et de v\u00e9rification num\u00e9riques au Canada<\/title>\n<meta name=\"description\" content=\"Les notions de v\u00e9rification et d\u2019authentification peuvent sembler bien r\u00e9centes, mais elles existent depuis plus longtemps que vous pourriez le penser. Plus de d\u00e9tails.\" \/>\n<meta name=\"robots\" content=\"index, follow, max-snippet:-1, max-image-preview:large, max-video-preview:-1\" \/>\n<link rel=\"canonical\" href=\"https:\/\/www.interac.ca\/fr\/contenu\/chronologie-des-services-dauthentification-et-de-verification-numeriques-au-canada\/\" \/>\n<meta property=\"og:locale\" content=\"fr_CA\" \/>\n<meta property=\"og:type\" content=\"article\" \/>\n<meta property=\"og:title\" content=\"Chronologie des services d\u2019authentification et de v\u00e9rification num\u00e9riques au Canada\" \/>\n<meta property=\"og:url\" content=\"https:\/\/www.interac.ca\/fr\/contenu\/chronologie-des-services-dauthentification-et-de-verification-numeriques-au-canada\/\" \/>\n<meta property=\"og:site_name\" content=\"Interac\" \/>\n<meta property=\"article:publisher\" content=\"https:\/\/www.facebook.com\/interac\" \/>\n<meta property=\"article:modified_time\" content=\"2025-03-12T22:35:26+00:00\" \/>\n<meta property=\"og:image\" content=\"https:\/\/www.interac.ca\/wp-content\/uploads\/2023\/04\/timeline-header-image-desktop-v1.jpg\" \/>\n\t<meta property=\"og:image:width\" content=\"2200\" \/>\n\t<meta property=\"og:image:height\" content=\"718\" \/>\n\t<meta property=\"og:image:type\" content=\"image\/jpeg\" \/>\n<meta name=\"twitter:card\" content=\"summary_large_image\" \/>\n<meta name=\"twitter:site\" content=\"@interac\" \/>\n<meta name=\"twitter:label1\" content=\"Estimation du temps de lecture\" \/>\n\t<meta name=\"twitter:data1\" content=\"1 minute\" \/>\n<script type=\"application\/ld+json\" class=\"yoast-schema-graph\">{\"@context\":\"https:\/\/schema.org\",\"@graph\":[{\"@type\":\"WebPage\",\"@id\":\"https:\/\/www.interac.ca\/fr\/contenu\/chronologie-des-services-dauthentification-et-de-verification-numeriques-au-canada\/\",\"url\":\"https:\/\/www.interac.ca\/fr\/contenu\/chronologie-des-services-dauthentification-et-de-verification-numeriques-au-canada\/\",\"name\":\"Chronologie des services d\u2019authentification et de v\u00e9rification num\u00e9riques au Canada\",\"isPartOf\":{\"@id\":\"https:\/\/www.interac.ca\/fr\/#website\"},\"primaryImageOfPage\":{\"@id\":\"https:\/\/www.interac.ca\/fr\/contenu\/chronologie-des-services-dauthentification-et-de-verification-numeriques-au-canada\/#primaryimage\"},\"image\":{\"@id\":\"https:\/\/www.interac.ca\/fr\/contenu\/chronologie-des-services-dauthentification-et-de-verification-numeriques-au-canada\/#primaryimage\"},\"thumbnailUrl\":\"https:\/\/www.interac.ca\/wp-content\/uploads\/2023\/04\/timeline-header-image-desktop-v1.jpg\",\"datePublished\":\"2023-05-09T12:06:00+00:00\",\"dateModified\":\"2025-03-12T22:35:26+00:00\",\"description\":\"Les notions de v\u00e9rification et d\u2019authentification peuvent sembler bien r\u00e9centes, mais elles existent depuis plus longtemps que vous pourriez le penser. Plus de d\u00e9tails.\",\"breadcrumb\":{\"@id\":\"https:\/\/www.interac.ca\/fr\/contenu\/chronologie-des-services-dauthentification-et-de-verification-numeriques-au-canada\/#breadcrumb\"},\"inLanguage\":\"fr-CA\",\"potentialAction\":[{\"@type\":\"ReadAction\",\"target\":[\"https:\/\/www.interac.ca\/fr\/contenu\/chronologie-des-services-dauthentification-et-de-verification-numeriques-au-canada\/\"]}]},{\"@type\":\"ImageObject\",\"inLanguage\":\"fr-CA\",\"@id\":\"https:\/\/www.interac.ca\/fr\/contenu\/chronologie-des-services-dauthentification-et-de-verification-numeriques-au-canada\/#primaryimage\",\"url\":\"https:\/\/www.interac.ca\/wp-content\/uploads\/2023\/04\/timeline-header-image-desktop-v1.jpg\",\"contentUrl\":\"https:\/\/www.interac.ca\/wp-content\/uploads\/2023\/04\/timeline-header-image-desktop-v1.jpg\",\"width\":2200,\"height\":718},{\"@type\":\"BreadcrumbList\",\"@id\":\"https:\/\/www.interac.ca\/fr\/contenu\/chronologie-des-services-dauthentification-et-de-verification-numeriques-au-canada\/#breadcrumb\",\"itemListElement\":[{\"@type\":\"ListItem\",\"position\":1,\"name\":\"Accueil\",\"item\":\"https:\/\/www.interac.ca\/fr\/\"},{\"@type\":\"ListItem\",\"position\":2,\"name\":\"L\u2019Inter\u2019Actu\",\"item\":\"https:\/\/www.interac.ca\/fr\/contenu\/\"},{\"@type\":\"ListItem\",\"position\":3,\"name\":\"Chronologie des services d\u2019authentification et de v\u00e9rification num\u00e9riques au Canada\"}]},{\"@type\":\"WebSite\",\"@id\":\"https:\/\/www.interac.ca\/fr\/#website\",\"url\":\"https:\/\/www.interac.ca\/fr\/\",\"name\":\"Interac\",\"description\":\"\",\"publisher\":{\"@id\":\"https:\/\/www.interac.ca\/fr\/#organization\"},\"potentialAction\":[{\"@type\":\"SearchAction\",\"target\":{\"@type\":\"EntryPoint\",\"urlTemplate\":\"https:\/\/www.interac.ca\/fr\/?s={search_term_string}\"},\"query-input\":{\"@type\":\"PropertyValueSpecification\",\"valueRequired\":true,\"valueName\":\"search_term_string\"}}],\"inLanguage\":\"fr-CA\"},{\"@type\":\"Organization\",\"@id\":\"https:\/\/www.interac.ca\/fr\/#organization\",\"name\":\"Interac Corp.\",\"url\":\"https:\/\/www.interac.ca\/fr\/\",\"logo\":{\"@type\":\"ImageObject\",\"inLanguage\":\"fr-CA\",\"@id\":\"https:\/\/www.interac.ca\/fr\/#\/schema\/logo\/image\/\",\"url\":\"https:\/\/www.interac.ca\/wp-content\/uploads\/2022\/03\/Interac_Two-Colour_RGB.png\",\"contentUrl\":\"https:\/\/www.interac.ca\/wp-content\/uploads\/2022\/03\/Interac_Two-Colour_RGB.png\",\"width\":2210,\"height\":2210,\"caption\":\"Interac Corp.\"},\"image\":{\"@id\":\"https:\/\/www.interac.ca\/fr\/#\/schema\/logo\/image\/\"},\"sameAs\":[\"https:\/\/www.facebook.com\/interac\",\"https:\/\/x.com\/interac\",\"https:\/\/www.instagram.com\/interac\/\",\"https:\/\/www.linkedin.com\/company\/interac-corp\/\",\"https:\/\/www.youtube.com\/user\/InteracBrand\"]}]}<\/script>\n<!-- \/ Yoast SEO Premium plugin. -->","yoast_head_json":{"title":"Chronologie des services d\u2019authentification et de v\u00e9rification num\u00e9riques au Canada","description":"Les notions de v\u00e9rification et d\u2019authentification peuvent sembler bien r\u00e9centes, mais elles existent depuis plus longtemps que vous pourriez le penser. Plus de d\u00e9tails.","robots":{"index":"index","follow":"follow","max-snippet":"max-snippet:-1","max-image-preview":"max-image-preview:large","max-video-preview":"max-video-preview:-1"},"canonical":"https:\/\/www.interac.ca\/fr\/contenu\/chronologie-des-services-dauthentification-et-de-verification-numeriques-au-canada\/","og_locale":"fr_CA","og_type":"article","og_title":"Chronologie des services d\u2019authentification et de v\u00e9rification num\u00e9riques au Canada","og_url":"https:\/\/www.interac.ca\/fr\/contenu\/chronologie-des-services-dauthentification-et-de-verification-numeriques-au-canada\/","og_site_name":"Interac","article_publisher":"https:\/\/www.facebook.com\/interac","article_modified_time":"2025-03-12T22:35:26+00:00","og_image":[{"width":2200,"height":718,"url":"https:\/\/www.interac.ca\/wp-content\/uploads\/2023\/04\/timeline-header-image-desktop-v1.jpg","type":"image\/jpeg"}],"twitter_card":"summary_large_image","twitter_site":"@interac","twitter_misc":{"Estimation du temps de lecture":"1 minute"},"schema":{"@context":"https:\/\/schema.org","@graph":[{"@type":"WebPage","@id":"https:\/\/www.interac.ca\/fr\/contenu\/chronologie-des-services-dauthentification-et-de-verification-numeriques-au-canada\/","url":"https:\/\/www.interac.ca\/fr\/contenu\/chronologie-des-services-dauthentification-et-de-verification-numeriques-au-canada\/","name":"Chronologie des services d\u2019authentification et de v\u00e9rification num\u00e9riques au Canada","isPartOf":{"@id":"https:\/\/www.interac.ca\/fr\/#website"},"primaryImageOfPage":{"@id":"https:\/\/www.interac.ca\/fr\/contenu\/chronologie-des-services-dauthentification-et-de-verification-numeriques-au-canada\/#primaryimage"},"image":{"@id":"https:\/\/www.interac.ca\/fr\/contenu\/chronologie-des-services-dauthentification-et-de-verification-numeriques-au-canada\/#primaryimage"},"thumbnailUrl":"https:\/\/www.interac.ca\/wp-content\/uploads\/2023\/04\/timeline-header-image-desktop-v1.jpg","datePublished":"2023-05-09T12:06:00+00:00","dateModified":"2025-03-12T22:35:26+00:00","description":"Les notions de v\u00e9rification et d\u2019authentification peuvent sembler bien r\u00e9centes, mais elles existent depuis plus longtemps que vous pourriez le penser. Plus de d\u00e9tails.","breadcrumb":{"@id":"https:\/\/www.interac.ca\/fr\/contenu\/chronologie-des-services-dauthentification-et-de-verification-numeriques-au-canada\/#breadcrumb"},"inLanguage":"fr-CA","potentialAction":[{"@type":"ReadAction","target":["https:\/\/www.interac.ca\/fr\/contenu\/chronologie-des-services-dauthentification-et-de-verification-numeriques-au-canada\/"]}]},{"@type":"ImageObject","inLanguage":"fr-CA","@id":"https:\/\/www.interac.ca\/fr\/contenu\/chronologie-des-services-dauthentification-et-de-verification-numeriques-au-canada\/#primaryimage","url":"https:\/\/www.interac.ca\/wp-content\/uploads\/2023\/04\/timeline-header-image-desktop-v1.jpg","contentUrl":"https:\/\/www.interac.ca\/wp-content\/uploads\/2023\/04\/timeline-header-image-desktop-v1.jpg","width":2200,"height":718},{"@type":"BreadcrumbList","@id":"https:\/\/www.interac.ca\/fr\/contenu\/chronologie-des-services-dauthentification-et-de-verification-numeriques-au-canada\/#breadcrumb","itemListElement":[{"@type":"ListItem","position":1,"name":"Accueil","item":"https:\/\/www.interac.ca\/fr\/"},{"@type":"ListItem","position":2,"name":"L\u2019Inter\u2019Actu","item":"https:\/\/www.interac.ca\/fr\/contenu\/"},{"@type":"ListItem","position":3,"name":"Chronologie des services d\u2019authentification et de v\u00e9rification num\u00e9riques au Canada"}]},{"@type":"WebSite","@id":"https:\/\/www.interac.ca\/fr\/#website","url":"https:\/\/www.interac.ca\/fr\/","name":"Interac","description":"","publisher":{"@id":"https:\/\/www.interac.ca\/fr\/#organization"},"potentialAction":[{"@type":"SearchAction","target":{"@type":"EntryPoint","urlTemplate":"https:\/\/www.interac.ca\/fr\/?s={search_term_string}"},"query-input":{"@type":"PropertyValueSpecification","valueRequired":true,"valueName":"search_term_string"}}],"inLanguage":"fr-CA"},{"@type":"Organization","@id":"https:\/\/www.interac.ca\/fr\/#organization","name":"Interac Corp.","url":"https:\/\/www.interac.ca\/fr\/","logo":{"@type":"ImageObject","inLanguage":"fr-CA","@id":"https:\/\/www.interac.ca\/fr\/#\/schema\/logo\/image\/","url":"https:\/\/www.interac.ca\/wp-content\/uploads\/2022\/03\/Interac_Two-Colour_RGB.png","contentUrl":"https:\/\/www.interac.ca\/wp-content\/uploads\/2022\/03\/Interac_Two-Colour_RGB.png","width":2210,"height":2210,"caption":"Interac Corp."},"image":{"@id":"https:\/\/www.interac.ca\/fr\/#\/schema\/logo\/image\/"},"sameAs":["https:\/\/www.facebook.com\/interac","https:\/\/x.com\/interac","https:\/\/www.instagram.com\/interac\/","https:\/\/www.linkedin.com\/company\/interac-corp\/","https:\/\/www.youtube.com\/user\/InteracBrand"]}]}},"featured_image_src":"https:\/\/www.interac.ca\/wp-content\/uploads\/2023\/04\/timeline-header-image-desktop-v1-150x150.jpg","_links":{"self":[{"href":"https:\/\/www.interac.ca\/fr\/wp-json\/wp\/v2\/pages\/114337","targetHints":{"allow":["GET"]}}],"collection":[{"href":"https:\/\/www.interac.ca\/fr\/wp-json\/wp\/v2\/pages"}],"about":[{"href":"https:\/\/www.interac.ca\/fr\/wp-json\/wp\/v2\/types\/page"}],"author":[{"embeddable":true,"href":"https:\/\/www.interac.ca\/fr\/wp-json\/wp\/v2\/users\/41"}],"replies":[{"embeddable":true,"href":"https:\/\/www.interac.ca\/fr\/wp-json\/wp\/v2\/comments?post=114337"}],"version-history":[{"count":0,"href":"https:\/\/www.interac.ca\/fr\/wp-json\/wp\/v2\/pages\/114337\/revisions"}],"up":[{"embeddable":true,"href":"https:\/\/www.interac.ca\/fr\/wp-json\/wp\/v2\/pages\/78331"}],"wp:featuredmedia":[{"embeddable":true,"href":"https:\/\/www.interac.ca\/fr\/wp-json\/wp\/v2\/media\/114296"}],"wp:attachment":[{"href":"https:\/\/www.interac.ca\/fr\/wp-json\/wp\/v2\/media?parent=114337"}],"curies":[{"name":"wp","href":"https:\/\/api.w.org\/{rel}","templated":true}]}}