{"id":103507,"date":"2022-10-25T19:01:49","date_gmt":"2022-10-25T19:01:49","guid":{"rendered":"https:\/\/interac1.wpengine.com\/?page_id=103507"},"modified":"2025-09-05T16:51:16","modified_gmt":"2025-09-05T20:51:16","slug":"divulgation-de-virement-interac","status":"publish","type":"page","link":"https:\/\/www.interac.ca\/fr\/divulgation-de-virement-interac\/","title":{"rendered":"Divulgation de Virement\u00a0Interac\ufffc"},"content":{"rendered":"<section id=\"t4-hero-block_24c29426e3a8cef6d73b02f39f3d5f51\" class=\"block-t4-hero\" style=\"margin-top: 0px; margin-bottom: 100px; padding-top: px; padding-bottom: px;\">\n    <div class=\"grid-container\">\n        <div class=\"grid-x align-center align-middle\">\n            <div class=\"cell small-12 hero-title\">\n                <h1>Divulgation de Virement\u00a0<em>Interac<\/em><\/h1>\n            <\/div>\n                                <\/div>\n    <\/div>\n<\/section>\n\n<div class=\"grid-container\"><div class=\"grid-x\">\n<p>La Banque du Canada a d\u00e9sign\u00e9 Virement&nbsp;Interac comme syst\u00e8me de paiement important (\u00ab&nbsp;SPI&nbsp;\u00bb) en date du 10&nbsp;ao\u00fbt&nbsp;2020.<\/p>\n<\/div><\/div>\n\n<div class=\"grid-container\"><div class=\"grid-x\">\n<p>Les <a href=\"https:\/\/www.banqueducanada.ca\/wp-content\/uploads\/2016\/02\/criteres-normes-gestion-risques.pdf\" target=\"_blank\" rel=\"noreferrer noopener\">Crit\u00e8res et normes en mati\u00e8re de gestion des risques applicables aux syst\u00e8mes de paiement importants<\/a> de la Banque du Canada d\u00e9crivent les normes de gestion des risques et les principales consid\u00e9rations qui s\u2019appliquent aux SPI. Le pr\u00e9sent document vise \u00e0 fournir aux participants (d\u00e9finis ci-dessous) et aux intervenants des renseignements pertinents sur le cadre de gouvernance, d\u2019exploitation et de gestion des risques de Virement&nbsp;Interac par rapport aux 18&nbsp;normes de gestion des risques qui s\u2019appliquent aux SPI.<\/p>\n<\/div><\/div>\n\n<div class=\"grid-container\"><div class=\"grid-x\">\n<p><strong>Interac et Virement&nbsp;Interac&nbsp;\u2013 Renseignements cl\u00e9s<\/strong><strong><\/strong><\/p>\n<\/div><\/div>\n\n<div class=\"grid-container\"><div class=\"grid-x\">\n<p>Virement&nbsp;Interac est un service de paiement qui permet d\u2019effectuer des transactions de faible valeur pour des transferts de fonds num\u00e9riques au Canada. Le service national est offert par plus de 250&nbsp;institutions financi\u00e8res (\u00ab&nbsp;IF&nbsp;\u00bb) et permet aux clients d\u2019envoyer, de demander et de recevoir instantan\u00e9ment de l\u2019argent entre des comptes \u00e0 l\u2019aide d\u2019une adresse courriel ou d\u2019un num\u00e9ro de t\u00e9l\u00e9phone cellulaire. Le service Virement&nbsp;Interac est directement int\u00e9gr\u00e9 aux plateformes bancaires mobiles et en ligne de ces IF.<\/p>\n<\/div><\/div>\n\n<div class=\"grid-container\"><div class=\"grid-x\">\n<p>Interac&nbsp;Corp. (\u00ab&nbsp;Interac&nbsp;\u00bb) est l\u2019organisation qui exploite le service Virement&nbsp;Interac, ainsi que d\u2019autres syst\u00e8mes de paiement comme les infrastructures des cartes de d\u00e9bit et les guichets automatiques bancaires (\u00ab&nbsp;GAB&nbsp;\u00bb). Interac est responsable de la gestion fonctionnelle et op\u00e9rationnelle, du d\u00e9veloppement continu et de la commercialisation du Service, qui est ensuite offert aux IF participantes, ou \u00ab&nbsp;participants&nbsp;\u00bb.<\/p>\n<\/div><\/div>\n\n<div class=\"grid-container\"><div class=\"grid-x\">\n<p>Les participants peuvent \u00eatre des participants directs ou indirects, ce qui d\u00e9crit la fa\u00e7on dont ils acc\u00e8dent au Service (comme d\u00e9fini ci-dessous). Les participants directs se connectent directement au Service, tandis que les participants indirects se connectent par l\u2019interm\u00e9diaire d\u2019un participant direct ou d\u2019un fournisseur de services de connexion et tous&nbsp;deux sont signataires d\u2019une entente de participation au Service. Les entit\u00e9s en aval, qui comprennent les soci\u00e9t\u00e9s affili\u00e9es, les coop\u00e9ratives de cr\u00e9dit et les partenaires de comarquage, ont acc\u00e8s au Service par l\u2019entremise d\u2019un participant et ne sont pas des participants au Service.<\/p>\n<\/div><\/div>\n\n<div class=\"grid-container\"><div class=\"grid-x\">\n<p>Les actionnaires d\u2019Interac repr\u00e9sentent un groupe diversifi\u00e9 d\u2019organisations de services financiers qui comprend des banques, des coop\u00e9ratives de cr\u00e9dit, des caisses populaires et des acqu\u00e9reurs de paiements.<\/p>\n<\/div><\/div>\n\n<div class=\"grid-container\"><div class=\"grid-x\">\n<p>Aux fins de l\u2019auto\u00e9valuation d\u2019Interac, les services de Virement&nbsp;Interac et de d\u00e9caissement en vrac de Virement&nbsp;Interac \u00e9num\u00e9r\u00e9s ci-dessous (ensemble \u00ab&nbsp;le Service&nbsp;\u00bb) sont vis\u00e9s.<\/p>\n<\/div><\/div>\n\n<div class=\"grid-container\"><div class=\"grid-x\">\n<p>Voici les services de Virement&nbsp;Interac&nbsp;:<\/p>\n<\/div><\/div>\n\n<div class=\"grid-container\"><div class=\"grid-x\">\n<ul class=\"wp-block-list\">\n<li>D\u00e9p\u00f4t automatique&nbsp;\/ Paiement bas\u00e9 sur un pseudonyme (\u00ab&nbsp;D\u00e9p\u00f4t automatique&nbsp;\u00bb)<\/li>\n\n\n\n<li>Foire aux questions pour envoyer des fonds<\/li>\n\n\n\n<li>Demander des fonds<\/li>\n\n\n\n<li>Virement&nbsp;Interac pour les entreprises avec paiement en temps r\u00e9el et routage des num\u00e9ros de compte (\u00ab&nbsp;Virement&nbsp;Interac pour les entreprises&nbsp;\u00bb)<\/li>\n<\/ul>\n<\/div><\/div>\n\n<div class=\"grid-container\"><div class=\"grid-x\">\n<p>Les services suivants sont des services de d\u00e9caissement en vrac de Virement&nbsp;Interac&nbsp;:<\/p>\n<\/div><\/div>\n\n<div class=\"grid-container\"><div class=\"grid-x\">\n<ul class=\"wp-block-list\">\n<li>D\u00e9caissements en vrac&nbsp;\/ comptes fournisseurs en vrac&nbsp;\/&nbsp;comptes clients en vrac (\u00ab&nbsp;Virement&nbsp;Interac en vrac&nbsp;\u00bb)<\/li>\n<\/ul>\n<\/div><\/div>\n\n<div class=\"grid-container\"><div class=\"grid-x\">\n<p>Ces services sont vis\u00e9s par les normes de d\u00e9signation des SPI en ce sens qu\u2019ils repr\u00e9sentent des mouvements de fonds au sein du pays et sont offerts en tant que services financiers g\u00e9n\u00e9raux canadiens qui ont une incidence sur l\u2019utilisation par les clients finaux et qui peuvent pr\u00e9senter des risques pour l\u2019activit\u00e9 \u00e9conomique en cas de perturbation ou de d\u00e9faillance du syst\u00e8me de paiement.<\/p>\n<\/div><\/div>\n\n\n<section id=\"button-dark-block_e194d49a2b075f1fdf8009d682651a91\" class=\"button-link\">\n    <div class=\"grid-container\">\n        \n                        <div class=\"grid-x grid-padding-x align-center\">\n                        \n            <a href=\"https:\/\/www.interac.ca\/wp-content\/uploads\/2025\/09\/Interac-PPS-e-Transfer-Self-Assessment-2025-VF-Disclosure-Submission-fr-1.pdf\" class=\"button-dark\" aria-label=\"En savoir plus\">En savoir plus<\/a>\n            \n                            <\/div>\n                    \n    <\/div>\n<\/section>","protected":false},"excerpt":{"rendered":"<p>La Banque du Canada a d\u00e9sign\u00e9 Virement&nbsp;Interac comme syst\u00e8me de paiement important (\u00ab&nbsp;SPI&nbsp;\u00bb) en date du 10&nbsp;ao\u00fbt&nbsp;2020. Les Crit\u00e8res et normes en mati\u00e8re de gestion des risques applicables aux syst\u00e8mes de paiement importants de la Banque du Canada d\u00e9crivent les normes de gestion des risques et les principales consid\u00e9rations qui s\u2019appliquent aux SPI. Le pr\u00e9sent&hellip;<\/p>\n","protected":false},"author":1,"featured_media":0,"parent":0,"menu_order":0,"comment_status":"closed","ping_status":"closed","template":"","meta":{"_acf_changed":true,"footnotes":""},"class_list":["post-103507","page","type-page","status-publish","hentry"],"acf":[],"yoast_head":"<!-- This site is optimized with the Yoast SEO Premium plugin v27.2 (Yoast SEO v27.2) - https:\/\/yoast.com\/product\/yoast-seo-premium-wordpress\/ -->\n<title>Divulgation de Virement\u00a0Interac\ufffc - Interac<\/title>\n<meta name=\"robots\" content=\"index, follow, max-snippet:-1, max-image-preview:large, max-video-preview:-1\" \/>\n<link rel=\"canonical\" href=\"https:\/\/www.interac.ca\/fr\/divulgation-de-virement-interac\/\" \/>\n<meta property=\"og:locale\" content=\"fr_CA\" \/>\n<meta property=\"og:type\" content=\"article\" \/>\n<meta property=\"og:title\" content=\"Divulgation de Virement\u00a0Interac\ufffc\" \/>\n<meta property=\"og:description\" content=\"La Banque du Canada a d\u00e9sign\u00e9 Virement&nbsp;Interac comme syst\u00e8me de paiement important (\u00ab&nbsp;SPI&nbsp;\u00bb) en date du 10&nbsp;ao\u00fbt&nbsp;2020. Les\" \/>\n<meta property=\"og:url\" content=\"https:\/\/www.interac.ca\/fr\/divulgation-de-virement-interac\/\" \/>\n<meta property=\"og:site_name\" content=\"Interac\" \/>\n<meta property=\"article:publisher\" content=\"https:\/\/www.facebook.com\/interac\" \/>\n<meta property=\"article:modified_time\" content=\"2025-09-05T20:51:16+00:00\" \/>\n<meta name=\"twitter:card\" content=\"summary_large_image\" \/>\n<meta name=\"twitter:site\" content=\"@interac\" \/>\n<meta name=\"twitter:label1\" content=\"Estimation du temps de lecture\" \/>\n\t<meta name=\"twitter:data1\" content=\"3 minutes\" \/>\n<script type=\"application\/ld+json\" class=\"yoast-schema-graph\">{\"@context\":\"https:\/\/schema.org\",\"@graph\":[{\"@type\":\"WebPage\",\"@id\":\"https:\/\/www.interac.ca\/fr\/divulgation-de-virement-interac\/\",\"url\":\"https:\/\/www.interac.ca\/fr\/divulgation-de-virement-interac\/\",\"name\":\"Divulgation de Virement\u00a0Interac\ufffc - Interac\",\"isPartOf\":{\"@id\":\"https:\/\/www.interac.ca\/fr\/#website\"},\"datePublished\":\"2022-10-25T19:01:49+00:00\",\"dateModified\":\"2025-09-05T20:51:16+00:00\",\"breadcrumb\":{\"@id\":\"https:\/\/www.interac.ca\/fr\/divulgation-de-virement-interac\/#breadcrumb\"},\"inLanguage\":\"fr-CA\",\"potentialAction\":[{\"@type\":\"ReadAction\",\"target\":[\"https:\/\/www.interac.ca\/fr\/divulgation-de-virement-interac\/\"]}]},{\"@type\":\"BreadcrumbList\",\"@id\":\"https:\/\/www.interac.ca\/fr\/divulgation-de-virement-interac\/#breadcrumb\",\"itemListElement\":[{\"@type\":\"ListItem\",\"position\":1,\"name\":\"Accueil\",\"item\":\"https:\/\/www.interac.ca\/fr\/\"},{\"@type\":\"ListItem\",\"position\":2,\"name\":\"Divulgation de Virement\u00a0Interac\ufffc\"}]},{\"@type\":\"WebSite\",\"@id\":\"https:\/\/www.interac.ca\/fr\/#website\",\"url\":\"https:\/\/www.interac.ca\/fr\/\",\"name\":\"Interac\",\"description\":\"\",\"publisher\":{\"@id\":\"https:\/\/www.interac.ca\/fr\/#organization\"},\"potentialAction\":[{\"@type\":\"SearchAction\",\"target\":{\"@type\":\"EntryPoint\",\"urlTemplate\":\"https:\/\/www.interac.ca\/fr\/?s={search_term_string}\"},\"query-input\":{\"@type\":\"PropertyValueSpecification\",\"valueRequired\":true,\"valueName\":\"search_term_string\"}}],\"inLanguage\":\"fr-CA\"},{\"@type\":\"Organization\",\"@id\":\"https:\/\/www.interac.ca\/fr\/#organization\",\"name\":\"Interac Corp.\",\"url\":\"https:\/\/www.interac.ca\/fr\/\",\"logo\":{\"@type\":\"ImageObject\",\"inLanguage\":\"fr-CA\",\"@id\":\"https:\/\/www.interac.ca\/fr\/#\/schema\/logo\/image\/\",\"url\":\"https:\/\/www.interac.ca\/wp-content\/uploads\/2022\/03\/Interac_Two-Colour_RGB.png\",\"contentUrl\":\"https:\/\/www.interac.ca\/wp-content\/uploads\/2022\/03\/Interac_Two-Colour_RGB.png\",\"width\":2210,\"height\":2210,\"caption\":\"Interac Corp.\"},\"image\":{\"@id\":\"https:\/\/www.interac.ca\/fr\/#\/schema\/logo\/image\/\"},\"sameAs\":[\"https:\/\/www.facebook.com\/interac\",\"https:\/\/x.com\/interac\",\"https:\/\/www.instagram.com\/interac\/\",\"https:\/\/www.linkedin.com\/company\/interac-corp\/\",\"https:\/\/www.youtube.com\/user\/InteracBrand\"]}]}<\/script>\n<!-- \/ Yoast SEO Premium plugin. -->","yoast_head_json":{"title":"Divulgation de Virement\u00a0Interac\ufffc - Interac","robots":{"index":"index","follow":"follow","max-snippet":"max-snippet:-1","max-image-preview":"max-image-preview:large","max-video-preview":"max-video-preview:-1"},"canonical":"https:\/\/www.interac.ca\/fr\/divulgation-de-virement-interac\/","og_locale":"fr_CA","og_type":"article","og_title":"Divulgation de Virement\u00a0Interac\ufffc","og_description":"La Banque du Canada a d\u00e9sign\u00e9 Virement&nbsp;Interac comme syst\u00e8me de paiement important (\u00ab&nbsp;SPI&nbsp;\u00bb) en date du 10&nbsp;ao\u00fbt&nbsp;2020. Les","og_url":"https:\/\/www.interac.ca\/fr\/divulgation-de-virement-interac\/","og_site_name":"Interac","article_publisher":"https:\/\/www.facebook.com\/interac","article_modified_time":"2025-09-05T20:51:16+00:00","twitter_card":"summary_large_image","twitter_site":"@interac","twitter_misc":{"Estimation du temps de lecture":"3 minutes"},"schema":{"@context":"https:\/\/schema.org","@graph":[{"@type":"WebPage","@id":"https:\/\/www.interac.ca\/fr\/divulgation-de-virement-interac\/","url":"https:\/\/www.interac.ca\/fr\/divulgation-de-virement-interac\/","name":"Divulgation de Virement\u00a0Interac\ufffc - Interac","isPartOf":{"@id":"https:\/\/www.interac.ca\/fr\/#website"},"datePublished":"2022-10-25T19:01:49+00:00","dateModified":"2025-09-05T20:51:16+00:00","breadcrumb":{"@id":"https:\/\/www.interac.ca\/fr\/divulgation-de-virement-interac\/#breadcrumb"},"inLanguage":"fr-CA","potentialAction":[{"@type":"ReadAction","target":["https:\/\/www.interac.ca\/fr\/divulgation-de-virement-interac\/"]}]},{"@type":"BreadcrumbList","@id":"https:\/\/www.interac.ca\/fr\/divulgation-de-virement-interac\/#breadcrumb","itemListElement":[{"@type":"ListItem","position":1,"name":"Accueil","item":"https:\/\/www.interac.ca\/fr\/"},{"@type":"ListItem","position":2,"name":"Divulgation de Virement\u00a0Interac\ufffc"}]},{"@type":"WebSite","@id":"https:\/\/www.interac.ca\/fr\/#website","url":"https:\/\/www.interac.ca\/fr\/","name":"Interac","description":"","publisher":{"@id":"https:\/\/www.interac.ca\/fr\/#organization"},"potentialAction":[{"@type":"SearchAction","target":{"@type":"EntryPoint","urlTemplate":"https:\/\/www.interac.ca\/fr\/?s={search_term_string}"},"query-input":{"@type":"PropertyValueSpecification","valueRequired":true,"valueName":"search_term_string"}}],"inLanguage":"fr-CA"},{"@type":"Organization","@id":"https:\/\/www.interac.ca\/fr\/#organization","name":"Interac Corp.","url":"https:\/\/www.interac.ca\/fr\/","logo":{"@type":"ImageObject","inLanguage":"fr-CA","@id":"https:\/\/www.interac.ca\/fr\/#\/schema\/logo\/image\/","url":"https:\/\/www.interac.ca\/wp-content\/uploads\/2022\/03\/Interac_Two-Colour_RGB.png","contentUrl":"https:\/\/www.interac.ca\/wp-content\/uploads\/2022\/03\/Interac_Two-Colour_RGB.png","width":2210,"height":2210,"caption":"Interac Corp."},"image":{"@id":"https:\/\/www.interac.ca\/fr\/#\/schema\/logo\/image\/"},"sameAs":["https:\/\/www.facebook.com\/interac","https:\/\/x.com\/interac","https:\/\/www.instagram.com\/interac\/","https:\/\/www.linkedin.com\/company\/interac-corp\/","https:\/\/www.youtube.com\/user\/InteracBrand"]}]}},"featured_image_src":"https:\/\/www.interac.ca\/wp-includes\/images\/media\/default.svg","_links":{"self":[{"href":"https:\/\/www.interac.ca\/fr\/wp-json\/wp\/v2\/pages\/103507","targetHints":{"allow":["GET"]}}],"collection":[{"href":"https:\/\/www.interac.ca\/fr\/wp-json\/wp\/v2\/pages"}],"about":[{"href":"https:\/\/www.interac.ca\/fr\/wp-json\/wp\/v2\/types\/page"}],"author":[{"embeddable":true,"href":"https:\/\/www.interac.ca\/fr\/wp-json\/wp\/v2\/users\/1"}],"replies":[{"embeddable":true,"href":"https:\/\/www.interac.ca\/fr\/wp-json\/wp\/v2\/comments?post=103507"}],"version-history":[{"count":0,"href":"https:\/\/www.interac.ca\/fr\/wp-json\/wp\/v2\/pages\/103507\/revisions"}],"wp:attachment":[{"href":"https:\/\/www.interac.ca\/fr\/wp-json\/wp\/v2\/media?parent=103507"}],"curies":[{"name":"wp","href":"https:\/\/api.w.org\/{rel}","templated":true}]}}