{"id":101064,"date":"2022-09-18T19:01:08","date_gmt":"2022-09-18T19:01:08","guid":{"rendered":"https:\/\/interac1.wpengine.com\/?page_id=101064"},"modified":"2022-10-18T17:29:48","modified_gmt":"2022-10-18T17:29:48","slug":"sur-une-bonne-note","status":"publish","type":"page","link":"https:\/\/www.interac.ca\/fr\/sur-une-bonne-note\/","title":{"rendered":"Sur Une Bonne Note"},"content":{"rendered":"<section id=\"t1t2-heroblock_ecc91e30ac3d712f74af223a89353057\" class=\"block-t1t2-hero\" style=\"margin-top: 0px; margin-bottom: 60px;\">\n<style>\n    #t1t2-heroblock_ecc91e30ac3d712f74af223a89353057.block-t1t2-hero .hero-image {\n        background-position: center;\n        background-size: cover;\n    }\n    \n    \n<\/style>\n    <div class=\"grid-container  animated fadeIn\">\n        <div class=\"grid-x\">\n            <div class=\"cell small-12\">\n                <div class=\"hero-image deskstop-hero lazyload\" style=\"background-image:inherit;\" data-bg-image=\"url(&#039;https:\/\/www.interac.ca\/wp-content\/smush-webp\/2022\/09\/SS_Header-Image-Gradient-1-scaled.jpg.webp&#039;)\"><\/div>\n                                <div class=\"grid-container content-wrap\">\n                    <div class=\"grid-x content-container\" style=\"align-content: center;\">\n                                                <div class=\"cell small-12 medium-11 hero-title medium-offset-1\">\n                            <h1 class=\"animated fadeInUp\" style=\"color:#fff\">La <span style=\"color: #FFC226\">musique<\/span> peut-elle influencer les habitudes de magasinage?<\/h1>\n                        <\/div>\n                                                                            <div class=\"cell small-12 medium-11 hero-text animated fadeInUp medium-offset-1\">\n                                <p style=\"color:#fff\">Interac a cr\u00e9\u00e9 de la musique visant \u00e0 aider les clients \u00e0 d\u00e9penser intelligemment. Dans le cadre de notre \u00e9tude, les participants ont dit se sentir calmes et satisfaits de leurs achats durant l\u2019\u00e9coute.<\/p>\n                            <\/div>\n                                                <div class=\"cell small-12 medium-11 hero-cta fadeInUp medium-offset-1\">\n                                                            <a class=\"button-ochre\" href=\"#spotify-embed\" aria-label=\"\u00c9coutez en magasinant\">\u00c9coutez en magasinant<\/a>\n                                                                                <\/div>\n                    <\/div>\n                <\/div>\n                <div class=\"overlay\"><\/div>\n            <\/div>\n        <\/div>\n    <\/div>   \n    <div class=\"animated fadeIn block-hero_background-ochre\"><\/div>\n<\/section>\n\n<div class=\"grid-container\"><div class=\"grid-x align-center\"><div class=\"small-12 medium-8\">\n<div class=\"wp-block-columns spotify-embed is-layout-flex wp-container-core-columns-is-layout-9d6595d7 wp-block-columns-is-layout-flex\" id=\"spotify-embed\">\n<div class=\"wp-block-column is-layout-flow wp-block-column-is-layout-flow\"><div class=\"grid-container\"><div class=\"grid-x\">\n<h2 class=\"post-title\" style=\"color: #fff;\">SUR UNE <span style=\"color: #FFC226;\">BONNE NOTE<\/span><\/h2>\n\n<p style=\"color: #fff;\">Des <a href=\"https:\/\/www.semanticscholar.org\/paper\/The-Impact-of-Background-Music-Rhythm-on-Impulsive-Ma-Liu\/96b7032d11ea3cf1a041673581fb03667c50af1a\" target=\"_blank\" style=\"color: #fff;\" rel=\"noopener\"> \u00e9tudes<\/a> ont d\u00e9montr\u00e9 que certains genres de musique en magasin peuvent influencer les gens \u00e0 d\u00e9penser plus que ce qu\u2019ils en avaient l\u2019intention. Notre liste musicale comprend une vari\u00e9t\u00e9 de sons relaxants dont le rythme change constamment, dans le but d\u2019encourager les d\u00e9penses plus intelligentes.<\/p>\n\n<p><a href=\"https:\/\/open.spotify.com\/album\/0JmGrZYBxyPBSqBziuDOCB?utm_source=SendGrid&amp;utm_medium=Email+&amp;utm_campaign=website\" target=\"_blank\" class=\"inline-link\" style=\"color: #fff;\" rel=\"noopener\">\u00c9coutez sur Spotify<\/a><\/p>\n<\/div><\/div><\/div>\n\n\n\n<div class=\"wp-block-column is-layout-flow wp-block-column-is-layout-flow\"><div class=\"grid-container\"><div class=\"grid-x\">\n<iframe width=\"100%\" height=\"166\" scrolling=\"no\" frameborder=\"no\" allow=\"autoplay\" src=\"https:\/\/w.soundcloud.com\/player\/?url=https%3A\/\/api.soundcloud.com\/tracks\/1363101265&amp;color=%23ffb92a&amp;auto_play=false&amp;hide_related=true&amp;show_comments=false&amp;show_user=true&amp;show_reposts=false&amp;show_teaser=false\"><\/iframe><div style=\"font-size: 10px; color: #cccccc;line-break: anywhere;word-break: normal;overflow: hidden;white-space: nowrap;text-overflow: ellipsis; font-family: Interstate,Lucida Grande,Lucida Sans Unicode,Lucida Sans,Garuda,Verdana,Tahoma,sans-serif;font-weight: 100;\"><\/div>\n<\/div><\/div><\/div>\n<\/div>\n<\/div><\/div><\/div>\n\n<div class=\"grid-container\"><div class=\"grid-x\">\n<style>.embed-container { width:100%; position: relative; padding-bottom: 56.25%; margin-top: 70px; height: 0; overflow: hidden; max-width: 100%; } .embed-container iframe, .embed-container object, .embed-container embed { position: absolute; top: 0; left: 0; width: 100%; height: 100%; }<\/style>\n<div class=\"embed-container\"><iframe src=\"https:\/\/www.youtube.com\/embed\/\/CZbI07kyl-c\" frameborder=\"0\" allowfullscreen=\"\"><\/iframe><\/div>\n<\/div><\/div>\n\n<section id=\"main-content-home\" class=\"stats\" style=\"margin-top: 100px; margin-bottom: 150px;\">\n    <div class=\"grid-container\">\n        <div class=\"grid-x align-center align-top\">\n            <div class=\"cell small-12 medium-10 stats-header\">\n                <h2 class=\"stats-title\"> <\/h2>\n                <p class=\"text-center\"> <\/p>\n             <\/div>\n        <\/div>\n    <\/div>\n    <div class=\"grid-container\">\n        <div class=\"grid-x grid-margin-x align-center align-middle\">\n            <div class=\"cell small-12 medium-auto align-self-top stat-block stat-1\"><div class=\"stats-number\"><span>98<\/span>%<\/div><div class=\"stats-description\"><span style=\"display:block; text-align: center;\">des gens \u00e9taient satisfaits de leurs achats durant l\u2019\u00e9coute.<\/span><\/div><\/div><div class=\"cell small-12 medium-auto align-self-top stat-block stat-2\"><div class=\"stats-number\"><span>3<\/span>x<\/div><div class=\"stats-description\"><span style=\"display:block; text-align: center;\">plus susceptibles de garder leur calme en magasinant.<\/span><\/div><\/div><div class=\"cell small-12 medium-auto align-self-top stat-block stat-3\"><div class=\"stats-number\"><span>62<\/span>%<\/div><div class=\"stats-description\"><span style=\"display:block; text-align: center;\">des Canadiens veulent des outils pour magasiner intelligemment.<\/span><\/div><\/div>        <\/div>\n    <\/div>\n<\/section>\n\n    <section id=\"cta-columns-block_3580e85b22cd6a14267a96ee25967018\" class=\"two-column-cta-dark cta-columns\" style=\"margin-top: 0px; margin-bottom: 0px;\">\n    \n    <div class=\"grid-container fluid \"><div class=\" grid-x grid-padding-x align-center text-center \">                <div class=\"cell small-12 medium-6 cta-1\">\n                                                            <h2 class=\"block-title\">\u00c9tude sur les d\u00e9penses<\/h2>\n                    <p class=\"block-description\">Les Canadiens accordent la priorit\u00e9 \u00e0 la gestion judicieuse de leurs d\u00e9penses alors que pr\u00e8s de 9 d\u2019entre eux sur 10 vivent des difficult\u00e9s financi\u00e8res.<\/p>\n                                            <a class=\"inline-link --witharrow\" href=\"https:\/\/www.interac.ca\/fr\/contenu\/nouvelles\/les-canadiens-priorisent-les-depenses-intentionnelles-alors-que-pres-de-neuf-sur-dix-ressentent-un-pincement-financier\/\" aria-label=\"En savoir plus\"><span>En savoir plus<\/span><\/a>\n                                    <\/div>\n                            <div class=\"cell small-12 medium-6 cta-2\">\n                                                            <h2 class=\"block-title\">D\u00e9pensez consciemment<\/h2>\n                    <p class=\"block-description\">Des outils pour vous aider \u00e0 vous sentir calme, concentr\u00e9 et en plein contr\u00f4le de votre argent.<\/p>\n                                            <a class=\"inline-link --witharrow\" href=\"https:\/\/www.interac.ca\/content\/life\/moving-money-mindfully\/\" aria-label=\"En savoir plus\"><span>En savoir plus<\/span><\/a>\n                                    <\/div>\n            <\/div><\/div><\/section>\n\n    <section id=\"cta-columns-block_599e29206472a876aee98f2b8b24a6ea\" class=\"two-column-cta-dark cta-columns\" style=\"margin-top: 0px; margin-bottom: 0px;\">\n    \n    <div class=\"grid-container fluid \"><div class=\" grid-x grid-padding-x align-center text-center \">                <div class=\"cell small-12 medium-6 cta-1\">\n                                                            <h2 class=\"block-title\">Comment la musique influence les d\u00e9penses<\/h2>\n                    <p class=\"block-description\">Une exp\u00e9rience \u00e9tonnante explore le lien entre la musique et les d\u00e9penses.<\/p>\n                                            <a class=\"inline-link --witharrow\" href=\"https:\/\/www.interac.ca\/fr\/contenu\/vie\/influence-de-la-musique-sur-depenses\/\" aria-label=\"En savoir plus\"><span>En savoir plus<\/span><\/a>\n                                    <\/div>\n                            <div class=\"cell small-12 medium-6 cta-2\">\n                                                            <h2 class=\"block-title\">L\u2019air des d\u00e9penses<\/h2>\n                    <p class=\"block-description\">Un outil num\u00e9rique qui transforme les donn\u00e9es sur les d\u00e9penses en musique. Cr\u00e9ez votre propre morceau.<\/p>\n                                            <a class=\"inline-link --witharrow\" href=\"https:\/\/www.interac.ca\/fr\/un-air-de-depenses\/\" aria-label=\"En savoir plus\"><span>En savoir plus<\/span><\/a>\n                                    <\/div>\n            <\/div><\/div><\/section>","protected":false},"excerpt":{"rendered":"<p>SUR UNE BONNE NOTE Des \u00e9tudes ont d\u00e9montr\u00e9 que certains genres de musique en magasin peuvent influencer les gens \u00e0 d\u00e9penser plus que ce qu\u2019ils en avaient l\u2019intention. Notre liste musicale comprend une vari\u00e9t\u00e9 de sons relaxants dont le rythme change constamment, dans le but d\u2019encourager les d\u00e9penses plus intelligentes. \u00c9coutez sur Spotify<\/p>\n","protected":false},"author":1,"featured_media":101239,"parent":0,"menu_order":0,"comment_status":"closed","ping_status":"closed","template":"","meta":{"_acf_changed":false,"footnotes":""},"class_list":["post-101064","page","type-page","status-publish","has-post-thumbnail","hentry"],"acf":[],"yoast_head":"<!-- This site is optimized with the Yoast SEO Premium plugin v27.2 (Yoast SEO v27.2) - https:\/\/yoast.com\/product\/yoast-seo-premium-wordpress\/ -->\n<title>Sur Une Bonne Note - Interac<\/title>\n<meta name=\"robots\" content=\"index, follow, max-snippet:-1, max-image-preview:large, max-video-preview:-1\" \/>\n<link rel=\"canonical\" href=\"https:\/\/www.interac.ca\/fr\/sur-une-bonne-note\/\" \/>\n<meta property=\"og:locale\" content=\"fr_CA\" \/>\n<meta property=\"og:type\" content=\"article\" \/>\n<meta property=\"og:title\" content=\"Sur Une Bonne Note\" \/>\n<meta property=\"og:description\" content=\"SUR UNE BONNE NOTE Des \u00e9tudes ont d\u00e9montr\u00e9 que certains genres de musique en magasin peuvent influencer les gens \u00e0 d\u00e9penser plus que ce qu\u2019ils en avaient\" \/>\n<meta property=\"og:url\" content=\"https:\/\/www.interac.ca\/fr\/sur-une-bonne-note\/\" \/>\n<meta property=\"og:site_name\" content=\"Interac\" \/>\n<meta property=\"article:publisher\" content=\"https:\/\/www.facebook.com\/interac\" \/>\n<meta property=\"article:modified_time\" content=\"2022-10-18T17:29:48+00:00\" \/>\n<meta property=\"og:image\" content=\"https:\/\/www.interac.ca\/wp-content\/uploads\/2022\/09\/SS_Header-Image-Gradient-1-scaled.jpg\" \/>\n\t<meta property=\"og:image:width\" content=\"2560\" \/>\n\t<meta property=\"og:image:height\" content=\"1325\" \/>\n\t<meta property=\"og:image:type\" content=\"image\/jpeg\" \/>\n<meta name=\"twitter:card\" content=\"summary_large_image\" \/>\n<meta name=\"twitter:site\" content=\"@interac\" \/>\n<meta name=\"twitter:label1\" content=\"Estimation du temps de lecture\" \/>\n\t<meta name=\"twitter:data1\" content=\"1 minute\" \/>\n<script type=\"application\/ld+json\" class=\"yoast-schema-graph\">{\"@context\":\"https:\/\/schema.org\",\"@graph\":[{\"@type\":\"WebPage\",\"@id\":\"https:\/\/www.interac.ca\/fr\/sur-une-bonne-note\/\",\"url\":\"https:\/\/www.interac.ca\/fr\/sur-une-bonne-note\/\",\"name\":\"Sur Une Bonne Note - Interac\",\"isPartOf\":{\"@id\":\"https:\/\/www.interac.ca\/fr\/#website\"},\"primaryImageOfPage\":{\"@id\":\"https:\/\/www.interac.ca\/fr\/sur-une-bonne-note\/#primaryimage\"},\"image\":{\"@id\":\"https:\/\/www.interac.ca\/fr\/sur-une-bonne-note\/#primaryimage\"},\"thumbnailUrl\":\"https:\/\/www.interac.ca\/wp-content\/uploads\/2022\/09\/SS_Header-Image-Gradient-1-scaled.jpg\",\"datePublished\":\"2022-09-18T19:01:08+00:00\",\"dateModified\":\"2022-10-18T17:29:48+00:00\",\"breadcrumb\":{\"@id\":\"https:\/\/www.interac.ca\/fr\/sur-une-bonne-note\/#breadcrumb\"},\"inLanguage\":\"fr-CA\",\"potentialAction\":[{\"@type\":\"ReadAction\",\"target\":[\"https:\/\/www.interac.ca\/fr\/sur-une-bonne-note\/\"]}]},{\"@type\":\"ImageObject\",\"inLanguage\":\"fr-CA\",\"@id\":\"https:\/\/www.interac.ca\/fr\/sur-une-bonne-note\/#primaryimage\",\"url\":\"https:\/\/www.interac.ca\/wp-content\/uploads\/2022\/09\/SS_Header-Image-Gradient-1-scaled.jpg\",\"contentUrl\":\"https:\/\/www.interac.ca\/wp-content\/uploads\/2022\/09\/SS_Header-Image-Gradient-1-scaled.jpg\",\"width\":2560,\"height\":1325},{\"@type\":\"BreadcrumbList\",\"@id\":\"https:\/\/www.interac.ca\/fr\/sur-une-bonne-note\/#breadcrumb\",\"itemListElement\":[{\"@type\":\"ListItem\",\"position\":1,\"name\":\"Accueil\",\"item\":\"https:\/\/www.interac.ca\/fr\/\"},{\"@type\":\"ListItem\",\"position\":2,\"name\":\"Sur Une Bonne Note\"}]},{\"@type\":\"WebSite\",\"@id\":\"https:\/\/www.interac.ca\/fr\/#website\",\"url\":\"https:\/\/www.interac.ca\/fr\/\",\"name\":\"Interac\",\"description\":\"\",\"publisher\":{\"@id\":\"https:\/\/www.interac.ca\/fr\/#organization\"},\"potentialAction\":[{\"@type\":\"SearchAction\",\"target\":{\"@type\":\"EntryPoint\",\"urlTemplate\":\"https:\/\/www.interac.ca\/fr\/?s={search_term_string}\"},\"query-input\":{\"@type\":\"PropertyValueSpecification\",\"valueRequired\":true,\"valueName\":\"search_term_string\"}}],\"inLanguage\":\"fr-CA\"},{\"@type\":\"Organization\",\"@id\":\"https:\/\/www.interac.ca\/fr\/#organization\",\"name\":\"Interac Corp.\",\"url\":\"https:\/\/www.interac.ca\/fr\/\",\"logo\":{\"@type\":\"ImageObject\",\"inLanguage\":\"fr-CA\",\"@id\":\"https:\/\/www.interac.ca\/fr\/#\/schema\/logo\/image\/\",\"url\":\"https:\/\/www.interac.ca\/wp-content\/uploads\/2022\/03\/Interac_Two-Colour_RGB.png\",\"contentUrl\":\"https:\/\/www.interac.ca\/wp-content\/uploads\/2022\/03\/Interac_Two-Colour_RGB.png\",\"width\":2210,\"height\":2210,\"caption\":\"Interac Corp.\"},\"image\":{\"@id\":\"https:\/\/www.interac.ca\/fr\/#\/schema\/logo\/image\/\"},\"sameAs\":[\"https:\/\/www.facebook.com\/interac\",\"https:\/\/x.com\/interac\",\"https:\/\/www.instagram.com\/interac\/\",\"https:\/\/www.linkedin.com\/company\/interac-corp\/\",\"https:\/\/www.youtube.com\/user\/InteracBrand\"]}]}<\/script>\n<!-- \/ Yoast SEO Premium plugin. -->","yoast_head_json":{"title":"Sur Une Bonne Note - Interac","robots":{"index":"index","follow":"follow","max-snippet":"max-snippet:-1","max-image-preview":"max-image-preview:large","max-video-preview":"max-video-preview:-1"},"canonical":"https:\/\/www.interac.ca\/fr\/sur-une-bonne-note\/","og_locale":"fr_CA","og_type":"article","og_title":"Sur Une Bonne Note","og_description":"SUR UNE BONNE NOTE Des \u00e9tudes ont d\u00e9montr\u00e9 que certains genres de musique en magasin peuvent influencer les gens \u00e0 d\u00e9penser plus que ce qu\u2019ils en avaient","og_url":"https:\/\/www.interac.ca\/fr\/sur-une-bonne-note\/","og_site_name":"Interac","article_publisher":"https:\/\/www.facebook.com\/interac","article_modified_time":"2022-10-18T17:29:48+00:00","og_image":[{"width":2560,"height":1325,"url":"https:\/\/www.interac.ca\/wp-content\/uploads\/2022\/09\/SS_Header-Image-Gradient-1-scaled.jpg","type":"image\/jpeg"}],"twitter_card":"summary_large_image","twitter_site":"@interac","twitter_misc":{"Estimation du temps de lecture":"1 minute"},"schema":{"@context":"https:\/\/schema.org","@graph":[{"@type":"WebPage","@id":"https:\/\/www.interac.ca\/fr\/sur-une-bonne-note\/","url":"https:\/\/www.interac.ca\/fr\/sur-une-bonne-note\/","name":"Sur Une Bonne Note - Interac","isPartOf":{"@id":"https:\/\/www.interac.ca\/fr\/#website"},"primaryImageOfPage":{"@id":"https:\/\/www.interac.ca\/fr\/sur-une-bonne-note\/#primaryimage"},"image":{"@id":"https:\/\/www.interac.ca\/fr\/sur-une-bonne-note\/#primaryimage"},"thumbnailUrl":"https:\/\/www.interac.ca\/wp-content\/uploads\/2022\/09\/SS_Header-Image-Gradient-1-scaled.jpg","datePublished":"2022-09-18T19:01:08+00:00","dateModified":"2022-10-18T17:29:48+00:00","breadcrumb":{"@id":"https:\/\/www.interac.ca\/fr\/sur-une-bonne-note\/#breadcrumb"},"inLanguage":"fr-CA","potentialAction":[{"@type":"ReadAction","target":["https:\/\/www.interac.ca\/fr\/sur-une-bonne-note\/"]}]},{"@type":"ImageObject","inLanguage":"fr-CA","@id":"https:\/\/www.interac.ca\/fr\/sur-une-bonne-note\/#primaryimage","url":"https:\/\/www.interac.ca\/wp-content\/uploads\/2022\/09\/SS_Header-Image-Gradient-1-scaled.jpg","contentUrl":"https:\/\/www.interac.ca\/wp-content\/uploads\/2022\/09\/SS_Header-Image-Gradient-1-scaled.jpg","width":2560,"height":1325},{"@type":"BreadcrumbList","@id":"https:\/\/www.interac.ca\/fr\/sur-une-bonne-note\/#breadcrumb","itemListElement":[{"@type":"ListItem","position":1,"name":"Accueil","item":"https:\/\/www.interac.ca\/fr\/"},{"@type":"ListItem","position":2,"name":"Sur Une Bonne Note"}]},{"@type":"WebSite","@id":"https:\/\/www.interac.ca\/fr\/#website","url":"https:\/\/www.interac.ca\/fr\/","name":"Interac","description":"","publisher":{"@id":"https:\/\/www.interac.ca\/fr\/#organization"},"potentialAction":[{"@type":"SearchAction","target":{"@type":"EntryPoint","urlTemplate":"https:\/\/www.interac.ca\/fr\/?s={search_term_string}"},"query-input":{"@type":"PropertyValueSpecification","valueRequired":true,"valueName":"search_term_string"}}],"inLanguage":"fr-CA"},{"@type":"Organization","@id":"https:\/\/www.interac.ca\/fr\/#organization","name":"Interac Corp.","url":"https:\/\/www.interac.ca\/fr\/","logo":{"@type":"ImageObject","inLanguage":"fr-CA","@id":"https:\/\/www.interac.ca\/fr\/#\/schema\/logo\/image\/","url":"https:\/\/www.interac.ca\/wp-content\/uploads\/2022\/03\/Interac_Two-Colour_RGB.png","contentUrl":"https:\/\/www.interac.ca\/wp-content\/uploads\/2022\/03\/Interac_Two-Colour_RGB.png","width":2210,"height":2210,"caption":"Interac Corp."},"image":{"@id":"https:\/\/www.interac.ca\/fr\/#\/schema\/logo\/image\/"},"sameAs":["https:\/\/www.facebook.com\/interac","https:\/\/x.com\/interac","https:\/\/www.instagram.com\/interac\/","https:\/\/www.linkedin.com\/company\/interac-corp\/","https:\/\/www.youtube.com\/user\/InteracBrand"]}]}},"featured_image_src":"https:\/\/www.interac.ca\/wp-content\/uploads\/2022\/09\/SS_Header-Image-Gradient-1-150x150.jpg","_links":{"self":[{"href":"https:\/\/www.interac.ca\/fr\/wp-json\/wp\/v2\/pages\/101064","targetHints":{"allow":["GET"]}}],"collection":[{"href":"https:\/\/www.interac.ca\/fr\/wp-json\/wp\/v2\/pages"}],"about":[{"href":"https:\/\/www.interac.ca\/fr\/wp-json\/wp\/v2\/types\/page"}],"author":[{"embeddable":true,"href":"https:\/\/www.interac.ca\/fr\/wp-json\/wp\/v2\/users\/1"}],"replies":[{"embeddable":true,"href":"https:\/\/www.interac.ca\/fr\/wp-json\/wp\/v2\/comments?post=101064"}],"version-history":[{"count":0,"href":"https:\/\/www.interac.ca\/fr\/wp-json\/wp\/v2\/pages\/101064\/revisions"}],"wp:featuredmedia":[{"embeddable":true,"href":"https:\/\/www.interac.ca\/fr\/wp-json\/wp\/v2\/media\/101239"}],"wp:attachment":[{"href":"https:\/\/www.interac.ca\/fr\/wp-json\/wp\/v2\/media?parent=101064"}],"curies":[{"name":"wp","href":"https:\/\/api.w.org\/{rel}","templated":true}]}}